{"id":93658,"date":"2025-07-31T08:47:08","date_gmt":"2025-07-31T06:47:08","guid":{"rendered":"https:\/\/www.fundacionnaturgy.org\/?post_type=product&#038;p=93658"},"modified":"2025-11-19T13:25:38","modified_gmt":"2025-11-19T12:25:38","slug":"marc-dajuts-per-a-la-transicio-energetica-a-la-unio-europea-i-els-estats-units","status":"publish","type":"product","link":"https:\/\/www.fundacionnaturgy.org\/ca\/publicacion\/marc-dajuts-per-a-la-transicio-energetica-a-la-unio-europea-i-els-estats-units\/","title":{"rendered":"Marc d\u2019ajuts per a la transici\u00f3 energ\u00e8tica a la Uni\u00f3 Europea i els Estats Units"},"content":{"rendered":"<p>Fundaci\u00f3 Naturgy presenta l\u2019informe Marc d\u2019ajuts per a la transici\u00f3 energ\u00e8tica a la Uni\u00f3 Europea i els Estats Units. An\u00e0lisi comparativa de les pol\u00edtiques, els incentius i les estrat\u00e8gies per a la transici\u00f3 energ\u00e8tica, elaborada per PwC, amb la finalitat de dur a terme una an\u00e0lisi comparativa dels mecanismes de suport a la transici\u00f3 energ\u00e8tica i de les difer\u00e8ncies en la seva metodologia. L\u2019informe aporta informaci\u00f3 valuosa per considerar en un moment en qu\u00e8 ambdues \u00e0rees estan en transformaci\u00f3 permanent.<\/p>\n","protected":false},"excerpt":{"rendered":"<p>Fundaci\u00f3 Naturgy presenta l\u2019informe Marc d\u2019ajuts per a la transici\u00f3 energ\u00e8tica a la Uni\u00f3 Europea i els Estats Units. An\u00e0lisi comparativa de les pol\u00edtiques, els incentius i les estrat\u00e8gies per<span class=\"more-link\"><a href=\"https:\/\/www.fundacionnaturgy.org\/ca\/publicacion\/marc-dajuts-per-a-la-transicio-energetica-a-la-unio-europea-i-els-estats-units\/\">Llegir m\u00e9s<\/a><\/span><\/p>\n","protected":false},"featured_media":93320,"template":"","meta":{"inline_featured_image":false},"categories":[1233,1205,1208],"content-type":[1166,1169],"product_tag":[],"acf":[],"post_class":["post-93658","product","type-product","status-publish","has-post-thumbnail","hentry","category-energia-ca","category-medi-ambient","category-transicio-energetica","content-type-articles-e-informes","content-type-videos","wordpress-sticky"],"_links":{"self":[{"href":"https:\/\/www.fundacionnaturgy.org\/ca\/wp-json\/wp\/v2\/product\/93658"}],"collection":[{"href":"https:\/\/www.fundacionnaturgy.org\/ca\/wp-json\/wp\/v2\/product"}],"about":[{"href":"https:\/\/www.fundacionnaturgy.org\/ca\/wp-json\/wp\/v2\/types\/product"}],"wp:featuredmedia":[{"embeddable":true,"href":"https:\/\/www.fundacionnaturgy.org\/ca\/wp-json\/wp\/v2\/media\/93320"}],"wp:attachment":[{"href":"https:\/\/www.fundacionnaturgy.org\/ca\/wp-json\/wp\/v2\/media?parent=93658"}],"wp:term":[{"taxonomy":"category","embeddable":true,"href":"https:\/\/www.fundacionnaturgy.org\/ca\/wp-json\/wp\/v2\/categories?post=93658"},{"taxonomy":"content-type","embeddable":true,"href":"https:\/\/www.fundacionnaturgy.org\/ca\/wp-json\/wp\/v2\/content-type?post=93658"},{"taxonomy":"product_tag","embeddable":true,"href":"https:\/\/www.fundacionnaturgy.org\/ca\/wp-json\/wp\/v2\/product_tag?post=93658"}],"curies":[{"name":"wp","href":"https:\/\/api.w.org\/{rel}","templated":true}]}}