{"id":93675,"date":"2025-09-23T13:18:56","date_gmt":"2025-09-23T11:18:56","guid":{"rendered":"https:\/\/www.fundacionnaturgy.org\/?post_type=product&#038;p=93675"},"modified":"2025-09-25T12:57:15","modified_gmt":"2025-09-25T10:57:15","slug":"mediterranean-energy-perspectives-2025","status":"publish","type":"product","link":"https:\/\/www.fundacionnaturgy.org\/ca\/publicacion\/mediterranean-energy-perspectives-2025\/","title":{"rendered":"Mediterranean Energy Perspectives 2025"},"content":{"rendered":"<p>Fundaci\u00f3 Naturgy i OMEC presenta <strong>\u2018Mediterranean Energy Perspectives 2025\u2019<\/strong>, elaborat per l&#8217;Organitzaci\u00f3 M\u00e9diterran\u00e9enne de l&#8217;Energie et du Climat (OMEC), i que ofereix una visi\u00f3 integral del panorama energ\u00e8tic de la regi\u00f3 fins al 2050.<\/p>\n","protected":false},"excerpt":{"rendered":"<p>Fundaci\u00f3 Naturgy i OMEC presenta \u2018Mediterranean Energy Perspectives 2025\u2019, elaborat per l&#8217;Organitzaci\u00f3 M\u00e9diterran\u00e9enne de l&#8217;Energie et du Climat (OMEC), i que ofereix una visi\u00f3 integral del panorama energ\u00e8tic de la<span class=\"more-link\"><a href=\"https:\/\/www.fundacionnaturgy.org\/ca\/publicacion\/mediterranean-energy-perspectives-2025\/\">Llegir m\u00e9s<\/a><\/span><\/p>\n","protected":false},"featured_media":93677,"template":"","meta":{"inline_featured_image":false},"categories":[1233,1205,1208],"content-type":[1166,1169],"product_tag":[],"acf":[],"post_class":["post-93675","product","type-product","status-publish","has-post-thumbnail","hentry","category-energia-ca","category-medi-ambient","category-transicio-energetica","content-type-articles-e-informes","content-type-videos","wordpress-sticky"],"_links":{"self":[{"href":"https:\/\/www.fundacionnaturgy.org\/ca\/wp-json\/wp\/v2\/product\/93675"}],"collection":[{"href":"https:\/\/www.fundacionnaturgy.org\/ca\/wp-json\/wp\/v2\/product"}],"about":[{"href":"https:\/\/www.fundacionnaturgy.org\/ca\/wp-json\/wp\/v2\/types\/product"}],"wp:featuredmedia":[{"embeddable":true,"href":"https:\/\/www.fundacionnaturgy.org\/ca\/wp-json\/wp\/v2\/media\/93677"}],"wp:attachment":[{"href":"https:\/\/www.fundacionnaturgy.org\/ca\/wp-json\/wp\/v2\/media?parent=93675"}],"wp:term":[{"taxonomy":"category","embeddable":true,"href":"https:\/\/www.fundacionnaturgy.org\/ca\/wp-json\/wp\/v2\/categories?post=93675"},{"taxonomy":"content-type","embeddable":true,"href":"https:\/\/www.fundacionnaturgy.org\/ca\/wp-json\/wp\/v2\/content-type?post=93675"},{"taxonomy":"product_tag","embeddable":true,"href":"https:\/\/www.fundacionnaturgy.org\/ca\/wp-json\/wp\/v2\/product_tag?post=93675"}],"curies":[{"name":"wp","href":"https:\/\/api.w.org\/{rel}","templated":true}]}}