{"id":93898,"date":"2025-07-27T10:34:16","date_gmt":"2025-07-27T08:34:16","guid":{"rendered":"https:\/\/www.fundacionnaturgy.org\/?post_type=product&#038;p=93898"},"modified":"2025-10-27T14:03:34","modified_gmt":"2025-10-27T13:03:34","slug":"el-sector-electric-espanyol-en-xifres-informe-2024","status":"publish","type":"product","link":"https:\/\/www.fundacionnaturgy.org\/ca\/publicacion\/el-sector-electric-espanyol-en-xifres-informe-2024\/","title":{"rendered":"El sector el\u00e8ctric espanyol en xifres. Informe 2024"},"content":{"rendered":"<p>Informe anual que recull de manera agrupada les principals dades oficials publicades de l\u2019activitat del sector el\u00e8ctric, amb especial \u00e8mfasi en les de naturalesa econ\u00f2mica. Recopila la informaci\u00f3 corresponent a l\u2019any 2024 i es complementa amb la del per\u00edode 2020-2024.<\/p>\n","protected":false},"excerpt":{"rendered":"<p>Informe anual que recull de manera agrupada les principals dades oficials publicades de l\u2019activitat del sector el\u00e8ctric, amb especial \u00e8mfasi en les de naturalesa econ\u00f2mica. Recopila la informaci\u00f3 corresponent a<span class=\"more-link\"><a href=\"https:\/\/www.fundacionnaturgy.org\/ca\/publicacion\/el-sector-electric-espanyol-en-xifres-informe-2024\/\">Llegir m\u00e9s<\/a><\/span><\/p>\n","protected":false},"featured_media":93041,"template":"","meta":{"inline_featured_image":false},"categories":[1233,1205,1208],"content-type":[1166,1169],"product_tag":[],"acf":[],"post_class":["post-93898","product","type-product","status-publish","has-post-thumbnail","hentry","category-energia-ca","category-medi-ambient","category-transicio-energetica","content-type-articles-e-informes","content-type-videos","wordpress-sticky"],"_links":{"self":[{"href":"https:\/\/www.fundacionnaturgy.org\/ca\/wp-json\/wp\/v2\/product\/93898"}],"collection":[{"href":"https:\/\/www.fundacionnaturgy.org\/ca\/wp-json\/wp\/v2\/product"}],"about":[{"href":"https:\/\/www.fundacionnaturgy.org\/ca\/wp-json\/wp\/v2\/types\/product"}],"wp:featuredmedia":[{"embeddable":true,"href":"https:\/\/www.fundacionnaturgy.org\/ca\/wp-json\/wp\/v2\/media\/93041"}],"wp:attachment":[{"href":"https:\/\/www.fundacionnaturgy.org\/ca\/wp-json\/wp\/v2\/media?parent=93898"}],"wp:term":[{"taxonomy":"category","embeddable":true,"href":"https:\/\/www.fundacionnaturgy.org\/ca\/wp-json\/wp\/v2\/categories?post=93898"},{"taxonomy":"content-type","embeddable":true,"href":"https:\/\/www.fundacionnaturgy.org\/ca\/wp-json\/wp\/v2\/content-type?post=93898"},{"taxonomy":"product_tag","embeddable":true,"href":"https:\/\/www.fundacionnaturgy.org\/ca\/wp-json\/wp\/v2\/product_tag?post=93898"}],"curies":[{"name":"wp","href":"https:\/\/api.w.org\/{rel}","templated":true}]}}