{"id":93899,"date":"2025-07-27T10:44:03","date_gmt":"2025-07-27T08:44:03","guid":{"rendered":"https:\/\/www.fundacionnaturgy.org\/?post_type=product&#038;p=93899"},"modified":"2025-10-27T14:03:17","modified_gmt":"2025-10-27T13:03:17","slug":"el-sector-espanyol-del-gas-en-xifres-informe-2024","status":"publish","type":"product","link":"https:\/\/www.fundacionnaturgy.org\/ca\/publicacion\/el-sector-espanyol-del-gas-en-xifres-informe-2024\/","title":{"rendered":"El sector espanyol del gas en xifres. Informe 2024"},"content":{"rendered":"<p>Informe anual que recull de manera agrupada les principals dades oficials publicades de l\u2019activitat del sector del gas, amb especial \u00e8mfasi en les de naturalesa econ\u00f2mica. Recopila la informaci\u00f3 corresponent a l\u2019any 2024 i es complementa amb la del per\u00edode 2020-2024.<\/p>\n","protected":false},"excerpt":{"rendered":"<p>Informe anual que recull de manera agrupada les principals dades oficials publicades de l\u2019activitat del sector del gas, amb especial \u00e8mfasi en les de naturalesa econ\u00f2mica. Recopila la informaci\u00f3 corresponent<span class=\"more-link\"><a href=\"https:\/\/www.fundacionnaturgy.org\/ca\/publicacion\/el-sector-espanyol-del-gas-en-xifres-informe-2024\/\">Llegir m\u00e9s<\/a><\/span><\/p>\n","protected":false},"featured_media":93044,"template":"","meta":{"inline_featured_image":false},"categories":[1233,1205],"content-type":[1166,1169],"product_tag":[],"acf":[],"post_class":["post-93899","product","type-product","status-publish","has-post-thumbnail","hentry","category-energia-ca","category-medi-ambient","content-type-articles-e-informes","content-type-videos","wordpress-sticky"],"_links":{"self":[{"href":"https:\/\/www.fundacionnaturgy.org\/ca\/wp-json\/wp\/v2\/product\/93899"}],"collection":[{"href":"https:\/\/www.fundacionnaturgy.org\/ca\/wp-json\/wp\/v2\/product"}],"about":[{"href":"https:\/\/www.fundacionnaturgy.org\/ca\/wp-json\/wp\/v2\/types\/product"}],"wp:featuredmedia":[{"embeddable":true,"href":"https:\/\/www.fundacionnaturgy.org\/ca\/wp-json\/wp\/v2\/media\/93044"}],"wp:attachment":[{"href":"https:\/\/www.fundacionnaturgy.org\/ca\/wp-json\/wp\/v2\/media?parent=93899"}],"wp:term":[{"taxonomy":"category","embeddable":true,"href":"https:\/\/www.fundacionnaturgy.org\/ca\/wp-json\/wp\/v2\/categories?post=93899"},{"taxonomy":"content-type","embeddable":true,"href":"https:\/\/www.fundacionnaturgy.org\/ca\/wp-json\/wp\/v2\/content-type?post=93899"},{"taxonomy":"product_tag","embeddable":true,"href":"https:\/\/www.fundacionnaturgy.org\/ca\/wp-json\/wp\/v2\/product_tag?post=93899"}],"curies":[{"name":"wp","href":"https:\/\/api.w.org\/{rel}","templated":true}]}}