{"id":93902,"date":"2025-07-23T10:26:47","date_gmt":"2025-07-23T08:26:47","guid":{"rendered":"https:\/\/www.fundacionnaturgy.org\/?post_type=product&#038;p=93902"},"modified":"2025-10-15T14:09:19","modified_gmt":"2025-10-15T12:09:19","slug":"situacio-economicofinancera-de-les-principals-empreses-del-sector-electric-a-espanya-2020-2024","status":"publish","type":"product","link":"https:\/\/www.fundacionnaturgy.org\/ca\/publicacion\/situacio-economicofinancera-de-les-principals-empreses-del-sector-electric-a-espanya-2020-2024\/","title":{"rendered":"Situaci\u00f3 economicofinancera de les principals empreses del sector el\u00e8ctric a Espanya 2020-2024"},"content":{"rendered":"<p>Fundaci\u00f3 Naturgy presenta la sisena edici\u00f3 de l\u2019informe elaborat per Deloitte, \u201cSituaci\u00f3 economicofinancera de les principals empreses del sector el\u00e8ctric a Espanya 2020-2024\u201d, que recull la informaci\u00f3 corresponent als \u00faltims cinc anys per facilitar una an\u00e0lisi adequada, considerant les activitats de generaci\u00f3, comercialitzaci\u00f3 i distribuci\u00f3 el\u00e8ctrica.<\/p>\n<p>Aquest informe s\u2019elabora amb informaci\u00f3 p\u00fablica i auditada i se centra en l\u2019activitat el\u00e8ctrica d\u2019aquestes empreses a Espanya, diferenciant-la de les activitats desenvolupades en altres pa\u00efsos o sectors, exercici necessari per a una an\u00e0lisi adequada i per a la valoraci\u00f3 de resultats, en tractar-se d\u2019empreses globals i diversificades.<\/p>\n","protected":false},"excerpt":{"rendered":"<p>Fundaci\u00f3 Naturgy presenta la sisena edici\u00f3 de l\u2019informe elaborat per Deloitte, \u201cSituaci\u00f3 economicofinancera de les principals empreses del sector el\u00e8ctric a Espanya 2020-2024\u201d, que recull la informaci\u00f3 corresponent als \u00faltims<span class=\"more-link\"><a href=\"https:\/\/www.fundacionnaturgy.org\/ca\/publicacion\/situacio-economicofinancera-de-les-principals-empreses-del-sector-electric-a-espanya-2020-2024\/\">Llegir m\u00e9s<\/a><\/span><\/p>\n","protected":false},"featured_media":93051,"template":"","meta":{"inline_featured_image":false},"categories":[1233,1205,1208],"content-type":[1166,1169],"product_tag":[],"acf":[],"post_class":["post-93902","product","type-product","status-publish","has-post-thumbnail","hentry","category-energia-ca","category-medi-ambient","category-transicio-energetica","content-type-articles-e-informes","content-type-videos","wordpress-sticky"],"_links":{"self":[{"href":"https:\/\/www.fundacionnaturgy.org\/ca\/wp-json\/wp\/v2\/product\/93902"}],"collection":[{"href":"https:\/\/www.fundacionnaturgy.org\/ca\/wp-json\/wp\/v2\/product"}],"about":[{"href":"https:\/\/www.fundacionnaturgy.org\/ca\/wp-json\/wp\/v2\/types\/product"}],"wp:featuredmedia":[{"embeddable":true,"href":"https:\/\/www.fundacionnaturgy.org\/ca\/wp-json\/wp\/v2\/media\/93051"}],"wp:attachment":[{"href":"https:\/\/www.fundacionnaturgy.org\/ca\/wp-json\/wp\/v2\/media?parent=93902"}],"wp:term":[{"taxonomy":"category","embeddable":true,"href":"https:\/\/www.fundacionnaturgy.org\/ca\/wp-json\/wp\/v2\/categories?post=93902"},{"taxonomy":"content-type","embeddable":true,"href":"https:\/\/www.fundacionnaturgy.org\/ca\/wp-json\/wp\/v2\/content-type?post=93902"},{"taxonomy":"product_tag","embeddable":true,"href":"https:\/\/www.fundacionnaturgy.org\/ca\/wp-json\/wp\/v2\/product_tag?post=93902"}],"curies":[{"name":"wp","href":"https:\/\/api.w.org\/{rel}","templated":true}]}}