{"id":93905,"date":"2025-07-17T10:00:27","date_gmt":"2025-07-17T08:00:27","guid":{"rendered":"https:\/\/www.fundacionnaturgy.org\/?post_type=product&#038;p=93905"},"modified":"2025-11-19T13:30:35","modified_gmt":"2025-11-19T12:30:35","slug":"compliment-dels-objectius-de-descarbonitzacio-a-europa-i-el-mon","status":"publish","type":"product","link":"https:\/\/www.fundacionnaturgy.org\/ca\/publicacion\/compliment-dels-objectius-de-descarbonitzacio-a-europa-i-el-mon\/","title":{"rendered":"Compliment dels objectius de descarbonitzaci\u00f3 a Europa i el m\u00f3n"},"content":{"rendered":"<p>Fundaci\u00f3 Naturgy presenta l\u2019informe \u201cCompliment dels objectius de descarbonitzaci\u00f3 a Europa i el m\u00f3n\u201d. Comparativa del progr\u00e9s global, elaborat per PwC, que aborda una an\u00e0lisi detallada sobre la definici\u00f3 dels objectius de descarbonitzaci\u00f3 en diferents pa\u00efsos i regions, i el grau d\u2019aven\u00e7 en el compliment de les seves metes.<\/p>\n","protected":false},"excerpt":{"rendered":"<p>Fundaci\u00f3 Naturgy presenta l\u2019informe \u201cCompliment dels objectius de descarbonitzaci\u00f3 a Europa i el m\u00f3n\u201d. Comparativa del progr\u00e9s global, elaborat per PwC, que aborda una an\u00e0lisi detallada sobre la definici\u00f3 dels<span class=\"more-link\"><a href=\"https:\/\/www.fundacionnaturgy.org\/ca\/publicacion\/compliment-dels-objectius-de-descarbonitzacio-a-europa-i-el-mon\/\">Llegir m\u00e9s<\/a><\/span><\/p>\n","protected":false},"featured_media":93162,"template":"","meta":{"inline_featured_image":false},"categories":[1233,1205,1208],"content-type":[1166],"product_tag":[],"acf":[],"post_class":["post-93905","product","type-product","status-publish","has-post-thumbnail","hentry","category-energia-ca","category-medi-ambient","category-transicio-energetica","content-type-articles-e-informes","wordpress-sticky"],"_links":{"self":[{"href":"https:\/\/www.fundacionnaturgy.org\/ca\/wp-json\/wp\/v2\/product\/93905"}],"collection":[{"href":"https:\/\/www.fundacionnaturgy.org\/ca\/wp-json\/wp\/v2\/product"}],"about":[{"href":"https:\/\/www.fundacionnaturgy.org\/ca\/wp-json\/wp\/v2\/types\/product"}],"wp:featuredmedia":[{"embeddable":true,"href":"https:\/\/www.fundacionnaturgy.org\/ca\/wp-json\/wp\/v2\/media\/93162"}],"wp:attachment":[{"href":"https:\/\/www.fundacionnaturgy.org\/ca\/wp-json\/wp\/v2\/media?parent=93905"}],"wp:term":[{"taxonomy":"category","embeddable":true,"href":"https:\/\/www.fundacionnaturgy.org\/ca\/wp-json\/wp\/v2\/categories?post=93905"},{"taxonomy":"content-type","embeddable":true,"href":"https:\/\/www.fundacionnaturgy.org\/ca\/wp-json\/wp\/v2\/content-type?post=93905"},{"taxonomy":"product_tag","embeddable":true,"href":"https:\/\/www.fundacionnaturgy.org\/ca\/wp-json\/wp\/v2\/product_tag?post=93905"}],"curies":[{"name":"wp","href":"https:\/\/api.w.org\/{rel}","templated":true}]}}