{"id":93917,"date":"2025-10-02T09:31:28","date_gmt":"2025-10-02T07:31:28","guid":{"rendered":"https:\/\/www.fundacionnaturgy.org\/?post_type=product&#038;p=93917"},"modified":"2025-10-15T15:03:15","modified_gmt":"2025-10-15T13:03:15","slug":"evolucio-de-les-emissions-sectorials-de-gasos-efecte-hivernacle-en-el-context-europeu-2019-2023","status":"publish","type":"product","link":"https:\/\/www.fundacionnaturgy.org\/ca\/publicacion\/evolucio-de-les-emissions-sectorials-de-gasos-efecte-hivernacle-en-el-context-europeu-2019-2023\/","title":{"rendered":"Evoluci\u00f3 de les emissions sectorials de gasos efecte hivernacle en el context europeu 2019-2023"},"content":{"rendered":"<p>Aquesta publicaci\u00f3 proporciona dades actualitzades sobre l&#8217;evoluci\u00f3 de les emissions de gasos amb efecte d&#8217;hivernacle (GEH) a Espanya i ofereix una visi\u00f3 comparativa entre els perfils d&#8217;emissions d&#8217;un conjunt de pa\u00efsos seleccionats. Aquests pa\u00efsos, elegits per la seva rellev\u00e0ncia econ\u00f2mica i proximitat a Espanya, representen entre el 70% i el 75% del total d&#8217;emissions de la Uni\u00f3 Europea (UE).<\/p>\n","protected":false},"excerpt":{"rendered":"<p>Aquesta publicaci\u00f3 proporciona dades actualitzades sobre l&#8217;evoluci\u00f3 de les emissions de gasos amb efecte d&#8217;hivernacle (GEH) a Espanya i ofereix una visi\u00f3 comparativa entre els perfils d&#8217;emissions d&#8217;un conjunt de<span class=\"more-link\"><a href=\"https:\/\/www.fundacionnaturgy.org\/ca\/publicacion\/evolucio-de-les-emissions-sectorials-de-gasos-efecte-hivernacle-en-el-context-europeu-2019-2023\/\">Llegir m\u00e9s<\/a><\/span><\/p>\n","protected":false},"featured_media":93548,"template":"","meta":{"inline_featured_image":false},"categories":[],"content-type":[1166,1169],"product_tag":[],"acf":[],"post_class":["post-93917","product","type-product","status-publish","has-post-thumbnail","hentry","content-type-articles-e-informes","content-type-videos","wordpress-sticky"],"_links":{"self":[{"href":"https:\/\/www.fundacionnaturgy.org\/ca\/wp-json\/wp\/v2\/product\/93917"}],"collection":[{"href":"https:\/\/www.fundacionnaturgy.org\/ca\/wp-json\/wp\/v2\/product"}],"about":[{"href":"https:\/\/www.fundacionnaturgy.org\/ca\/wp-json\/wp\/v2\/types\/product"}],"wp:featuredmedia":[{"embeddable":true,"href":"https:\/\/www.fundacionnaturgy.org\/ca\/wp-json\/wp\/v2\/media\/93548"}],"wp:attachment":[{"href":"https:\/\/www.fundacionnaturgy.org\/ca\/wp-json\/wp\/v2\/media?parent=93917"}],"wp:term":[{"taxonomy":"category","embeddable":true,"href":"https:\/\/www.fundacionnaturgy.org\/ca\/wp-json\/wp\/v2\/categories?post=93917"},{"taxonomy":"content-type","embeddable":true,"href":"https:\/\/www.fundacionnaturgy.org\/ca\/wp-json\/wp\/v2\/content-type?post=93917"},{"taxonomy":"product_tag","embeddable":true,"href":"https:\/\/www.fundacionnaturgy.org\/ca\/wp-json\/wp\/v2\/product_tag?post=93917"}],"curies":[{"name":"wp","href":"https:\/\/api.w.org\/{rel}","templated":true}]}}