{"id":93919,"date":"2025-10-02T09:29:56","date_gmt":"2025-10-02T07:29:56","guid":{"rendered":"https:\/\/www.fundacionnaturgy.org\/?post_type=product&#038;p=93919"},"modified":"2025-10-15T15:08:56","modified_gmt":"2025-10-15T13:08:56","slug":"emissions-mundials-1990-2023","status":"publish","type":"product","link":"https:\/\/www.fundacionnaturgy.org\/ca\/publicacion\/emissions-mundials-1990-2023\/","title":{"rendered":"Emissions mundials 1990\u20132023"},"content":{"rendered":"<p>Aquest informe analitza l\u2019evoluci\u00f3 de les emissions de gasos amb efecte d\u2019hivernacle (GEH) a les quatre principals economies mundials des del 1990 fins al 2023, examinant les din\u00e0miques econ\u00f2miques, demogr\u00e0fiques i sectorials que han configurat els seus respectius perfils d\u2019emissions. L\u2019an\u00e0lisi abasta la Xina, l\u2019\u00cdndia, els Estats Units i la Uni\u00f3 Europea, que en conjunt representen una proporci\u00f3 substancial de les emissions globals de GEH, aproximadament el 55% de les emissions mundials l\u2019any 2023.<\/p>\n","protected":false},"excerpt":{"rendered":"<p>Aquest informe analitza l\u2019evoluci\u00f3 de les emissions de gasos amb efecte d\u2019hivernacle (GEH) a les quatre principals economies mundials des del 1990 fins al 2023, examinant les din\u00e0miques econ\u00f2miques, demogr\u00e0fiques<span class=\"more-link\"><a href=\"https:\/\/www.fundacionnaturgy.org\/ca\/publicacion\/emissions-mundials-1990-2023\/\">Llegir m\u00e9s<\/a><\/span><\/p>\n","protected":false},"featured_media":93551,"template":"","meta":{"inline_featured_image":false},"categories":[],"content-type":[1166,1169],"product_tag":[],"acf":[],"post_class":["post-93919","product","type-product","status-publish","has-post-thumbnail","hentry","content-type-articles-e-informes","content-type-videos","wordpress-sticky"],"_links":{"self":[{"href":"https:\/\/www.fundacionnaturgy.org\/ca\/wp-json\/wp\/v2\/product\/93919"}],"collection":[{"href":"https:\/\/www.fundacionnaturgy.org\/ca\/wp-json\/wp\/v2\/product"}],"about":[{"href":"https:\/\/www.fundacionnaturgy.org\/ca\/wp-json\/wp\/v2\/types\/product"}],"wp:featuredmedia":[{"embeddable":true,"href":"https:\/\/www.fundacionnaturgy.org\/ca\/wp-json\/wp\/v2\/media\/93551"}],"wp:attachment":[{"href":"https:\/\/www.fundacionnaturgy.org\/ca\/wp-json\/wp\/v2\/media?parent=93919"}],"wp:term":[{"taxonomy":"category","embeddable":true,"href":"https:\/\/www.fundacionnaturgy.org\/ca\/wp-json\/wp\/v2\/categories?post=93919"},{"taxonomy":"content-type","embeddable":true,"href":"https:\/\/www.fundacionnaturgy.org\/ca\/wp-json\/wp\/v2\/content-type?post=93919"},{"taxonomy":"product_tag","embeddable":true,"href":"https:\/\/www.fundacionnaturgy.org\/ca\/wp-json\/wp\/v2\/product_tag?post=93919"}],"curies":[{"name":"wp","href":"https:\/\/api.w.org\/{rel}","templated":true}]}}