{"id":94405,"date":"2025-12-01T11:19:00","date_gmt":"2025-12-01T10:19:00","guid":{"rendered":"https:\/\/www.fundacionnaturgy.org\/?post_type=product&#038;p=94405"},"modified":"2025-12-19T12:09:59","modified_gmt":"2025-12-19T11:09:59","slug":"conferencia-de-les-parts-de-canvi-climatic-de-nacions-unides-a-belem-brasil-cop-30","status":"publish","type":"product","link":"https:\/\/www.fundacionnaturgy.org\/ca\/publicacion\/conferencia-de-les-parts-de-canvi-climatic-de-nacions-unides-a-belem-brasil-cop-30\/","title":{"rendered":"Confer\u00e8ncia de les Parts de canvi clim\u00e0tic de Nacions Unides a Bel\u00e9m, Brasil. COP 30"},"content":{"rendered":"<p>Fundaci\u00f3 Naturgy publica el document\u00a0Confer\u00e8ncia de les Parts de canvi clim\u00e0tic de Nacions Unides a Bel\u00e9m, Brasil. COP 30, elaborat per PwC, en qu\u00e8 es repassen alguns resultats rellevants d&#8217;aquesta cimera, que va finalitzar el 21 de novembre de 2025. Tamb\u00e9 compartim un suplement especial amb m\u00e9s informaci\u00f3.<\/p>\n","protected":false},"excerpt":{"rendered":"<p>Fundaci\u00f3 Naturgy publica el document\u00a0Confer\u00e8ncia de les Parts de canvi clim\u00e0tic de Nacions Unides a Bel\u00e9m, Brasil. COP 30, elaborat per PwC, en qu\u00e8 es repassen alguns resultats rellevants d&#8217;aquesta<span class=\"more-link\"><a href=\"https:\/\/www.fundacionnaturgy.org\/ca\/publicacion\/conferencia-de-les-parts-de-canvi-climatic-de-nacions-unides-a-belem-brasil-cop-30\/\">Llegir m\u00e9s<\/a><\/span><\/p>\n","protected":false},"featured_media":94557,"template":"","meta":{"inline_featured_image":false},"categories":[1233,1205,1208],"content-type":[1166,1169],"product_tag":[],"acf":[],"post_class":["post-94405","product","type-product","status-publish","has-post-thumbnail","hentry","category-energia-ca","category-medi-ambient","category-transicio-energetica","content-type-articles-e-informes","content-type-videos","wordpress-sticky"],"_links":{"self":[{"href":"https:\/\/www.fundacionnaturgy.org\/ca\/wp-json\/wp\/v2\/product\/94405"}],"collection":[{"href":"https:\/\/www.fundacionnaturgy.org\/ca\/wp-json\/wp\/v2\/product"}],"about":[{"href":"https:\/\/www.fundacionnaturgy.org\/ca\/wp-json\/wp\/v2\/types\/product"}],"wp:featuredmedia":[{"embeddable":true,"href":"https:\/\/www.fundacionnaturgy.org\/ca\/wp-json\/wp\/v2\/media\/94557"}],"wp:attachment":[{"href":"https:\/\/www.fundacionnaturgy.org\/ca\/wp-json\/wp\/v2\/media?parent=94405"}],"wp:term":[{"taxonomy":"category","embeddable":true,"href":"https:\/\/www.fundacionnaturgy.org\/ca\/wp-json\/wp\/v2\/categories?post=94405"},{"taxonomy":"content-type","embeddable":true,"href":"https:\/\/www.fundacionnaturgy.org\/ca\/wp-json\/wp\/v2\/content-type?post=94405"},{"taxonomy":"product_tag","embeddable":true,"href":"https:\/\/www.fundacionnaturgy.org\/ca\/wp-json\/wp\/v2\/product_tag?post=94405"}],"curies":[{"name":"wp","href":"https:\/\/api.w.org\/{rel}","templated":true}]}}