{"id":94420,"date":"2025-12-02T08:30:48","date_gmt":"2025-12-02T07:30:48","guid":{"rendered":"https:\/\/www.fundacionnaturgy.org\/?post_type=product&#038;p=94420"},"modified":"2025-12-03T11:01:18","modified_gmt":"2025-12-03T10:01:18","slug":"avaluacio-de-limpacte-de-la-rehabilitacio-expres-en-la-pobresa-energetica-analisi-de-casos-reals-en-diferents-provincies-espanyoles","status":"publish","type":"product","link":"https:\/\/www.fundacionnaturgy.org\/ca\/publicacion\/avaluacio-de-limpacte-de-la-rehabilitacio-expres-en-la-pobresa-energetica-analisi-de-casos-reals-en-diferents-provincies-espanyoles\/","title":{"rendered":"Avaluaci\u00f3 de l&#8217;impacte de la rehabilitaci\u00f3 expr\u00e9s en la pobresa energ\u00e8tica. An\u00e0lisi de casos reals en diferents prov\u00edncies espanyoles"},"content":{"rendered":"<p>L\u2019objectiu d\u2019aquest estudi, producte del projecte VAREX-2024, \u00e9s valorar l\u2019impacte sobre la pobresa energ\u00e8tica de les rehabilitacions expr\u00e9s efectuades per Fundaci\u00f3 Naturgy i les ONG col\u00b7laboradores en el marc del Fons Solidari de Rehabilitaci\u00f3 Energ\u00e8tica (FSRE), ampliant l\u2019abast geogr\u00e0fic i el ventall de mesures i indicadors de pobresa energ\u00e8tica analitzats a VAREX-2022(1). En particular, aquest treball vol fer una valoraci\u00f3 integral de l\u2019impacte d\u2019aquestes intervencions utilitzant una an\u00e0lisi mixta amb indicadors objectius i subjectius.<\/p>\n","protected":false},"excerpt":{"rendered":"<p>L\u2019objectiu d\u2019aquest estudi, producte del projecte VAREX-2024, \u00e9s valorar l\u2019impacte sobre la pobresa energ\u00e8tica de les rehabilitacions expr\u00e9s efectuades per Fundaci\u00f3 Naturgy i les ONG col\u00b7laboradores en el marc del<span class=\"more-link\"><a href=\"https:\/\/www.fundacionnaturgy.org\/ca\/publicacion\/avaluacio-de-limpacte-de-la-rehabilitacio-expres-en-la-pobresa-energetica-analisi-de-casos-reals-en-diferents-provincies-espanyoles\/\">Llegir m\u00e9s<\/a><\/span><\/p>\n","protected":false},"featured_media":94372,"template":"","meta":{"inline_featured_image":false},"categories":[1209],"content-type":[1166,1169],"product_tag":[],"acf":[],"post_class":["post-94420","product","type-product","status-publish","has-post-thumbnail","hentry","category-vulnerabilitat-energetica","content-type-articles-e-informes","content-type-videos","wordpress-sticky"],"_links":{"self":[{"href":"https:\/\/www.fundacionnaturgy.org\/ca\/wp-json\/wp\/v2\/product\/94420"}],"collection":[{"href":"https:\/\/www.fundacionnaturgy.org\/ca\/wp-json\/wp\/v2\/product"}],"about":[{"href":"https:\/\/www.fundacionnaturgy.org\/ca\/wp-json\/wp\/v2\/types\/product"}],"wp:featuredmedia":[{"embeddable":true,"href":"https:\/\/www.fundacionnaturgy.org\/ca\/wp-json\/wp\/v2\/media\/94372"}],"wp:attachment":[{"href":"https:\/\/www.fundacionnaturgy.org\/ca\/wp-json\/wp\/v2\/media?parent=94420"}],"wp:term":[{"taxonomy":"category","embeddable":true,"href":"https:\/\/www.fundacionnaturgy.org\/ca\/wp-json\/wp\/v2\/categories?post=94420"},{"taxonomy":"content-type","embeddable":true,"href":"https:\/\/www.fundacionnaturgy.org\/ca\/wp-json\/wp\/v2\/content-type?post=94420"},{"taxonomy":"product_tag","embeddable":true,"href":"https:\/\/www.fundacionnaturgy.org\/ca\/wp-json\/wp\/v2\/product_tag?post=94420"}],"curies":[{"name":"wp","href":"https:\/\/api.w.org\/{rel}","templated":true}]}}