{"id":94462,"date":"2025-12-11T11:32:45","date_gmt":"2025-12-11T10:32:45","guid":{"rendered":"https:\/\/www.fundacionnaturgy.org\/?post_type=product&#038;p=94462"},"modified":"2025-12-12T10:11:44","modified_gmt":"2025-12-12T09:11:44","slug":"gestio-de-residus-despres-dinundacions-tractaments-riscos-i-reptes-futurs","status":"publish","type":"product","link":"https:\/\/www.fundacionnaturgy.org\/ca\/publicacion\/gestio-de-residus-despres-dinundacions-tractaments-riscos-i-reptes-futurs\/","title":{"rendered":"Gesti\u00f3 de residus despr\u00e9s d&#8217;inundacions: tractaments, riscos i reptes futurs"},"content":{"rendered":"<p>L&#8217;informe aprofundeix en els impactes i riscos que les inundacions generen sobre els sistemes de gesti\u00f3 de residus, aix\u00ed com en els processos de resposta davant de cat\u00e0strofes i els principals desafiaments per millorar-los.<\/p>\n","protected":false},"excerpt":{"rendered":"<p>L&#8217;informe aprofundeix en els impactes i riscos que les inundacions generen sobre els sistemes de gesti\u00f3 de residus, aix\u00ed com en els processos de resposta davant de cat\u00e0strofes i els<span class=\"more-link\"><a href=\"https:\/\/www.fundacionnaturgy.org\/ca\/publicacion\/gestio-de-residus-despres-dinundacions-tractaments-riscos-i-reptes-futurs\/\">Llegir m\u00e9s<\/a><\/span><\/p>\n","protected":false},"featured_media":94441,"template":"","meta":{"inline_featured_image":false},"categories":[1233,1205],"content-type":[1166,1169],"product_tag":[],"acf":[],"post_class":["post-94462","product","type-product","status-publish","has-post-thumbnail","hentry","category-energia-ca","category-medi-ambient","content-type-articles-e-informes","content-type-videos","wordpress-sticky"],"_links":{"self":[{"href":"https:\/\/www.fundacionnaturgy.org\/ca\/wp-json\/wp\/v2\/product\/94462"}],"collection":[{"href":"https:\/\/www.fundacionnaturgy.org\/ca\/wp-json\/wp\/v2\/product"}],"about":[{"href":"https:\/\/www.fundacionnaturgy.org\/ca\/wp-json\/wp\/v2\/types\/product"}],"wp:featuredmedia":[{"embeddable":true,"href":"https:\/\/www.fundacionnaturgy.org\/ca\/wp-json\/wp\/v2\/media\/94441"}],"wp:attachment":[{"href":"https:\/\/www.fundacionnaturgy.org\/ca\/wp-json\/wp\/v2\/media?parent=94462"}],"wp:term":[{"taxonomy":"category","embeddable":true,"href":"https:\/\/www.fundacionnaturgy.org\/ca\/wp-json\/wp\/v2\/categories?post=94462"},{"taxonomy":"content-type","embeddable":true,"href":"https:\/\/www.fundacionnaturgy.org\/ca\/wp-json\/wp\/v2\/content-type?post=94462"},{"taxonomy":"product_tag","embeddable":true,"href":"https:\/\/www.fundacionnaturgy.org\/ca\/wp-json\/wp\/v2\/product_tag?post=94462"}],"curies":[{"name":"wp","href":"https:\/\/api.w.org\/{rel}","templated":true}]}}