{"id":94613,"date":"2024-07-30T09:30:21","date_gmt":"2024-07-30T07:30:21","guid":{"rendered":"https:\/\/www.fundacionnaturgy.org\/?post_type=product&#038;p=94613"},"modified":"2026-01-15T15:08:22","modified_gmt":"2026-01-15T14:08:22","slug":"situacio-economicofinancera-de-les-principals-empreses-del-sector-electric-a-espanya-2019-2023","status":"publish","type":"product","link":"https:\/\/www.fundacionnaturgy.org\/ca\/publicacion\/situacio-economicofinancera-de-les-principals-empreses-del-sector-electric-a-espanya-2019-2023\/","title":{"rendered":"Situaci\u00f3 economicofinancera de les principals empreses del sector el\u00e8ctric a Espanya 2019-2023"},"content":{"rendered":"<p>Fundaci\u00f3 Naturgy presenta la cinquena edici\u00f3 de l&#8217;informe elaborat per Deloitte Situaci\u00f3 economicofinancera de les principals empreses del sector el\u00e8ctric a Espanya 2019-2023, que recull la informaci\u00f3 corresponent als darrers cinc anys per facilitar una an\u00e0lisi adequada, considerant les activitats de generaci\u00f3, comercialitzaci\u00f3 i distribuci\u00f3 el\u00e8ctrica.<\/p>\n<p>Aquest informe es realitza amb informaci\u00f3 p\u00fablica i auditada i se centra en l&#8217;activitat el\u00e8ctrica d&#8217;aquestes empreses a Espanya, diferenciant-la de les activitats desenvolupades a altres pa\u00efsos o sectors, exercici necessari per a una adequada an\u00e0lisi i valoraci\u00f3 de resultats, en tractar-se d&#8217;empreses globals i diversificades.<\/p>\n","protected":false},"excerpt":{"rendered":"<p>Fundaci\u00f3 Naturgy presenta la cinquena edici\u00f3 de l&#8217;informe elaborat per Deloitte Situaci\u00f3 economicofinancera de les principals empreses del sector el\u00e8ctric a Espanya 2019-2023, que recull la informaci\u00f3 corresponent als darrers<span class=\"more-link\"><a href=\"https:\/\/www.fundacionnaturgy.org\/ca\/publicacion\/situacio-economicofinancera-de-les-principals-empreses-del-sector-electric-a-espanya-2019-2023\/\">Llegir m\u00e9s<\/a><\/span><\/p>\n","protected":false},"featured_media":90136,"template":"","meta":{"inline_featured_image":false},"categories":[1233,1205,1208],"content-type":[1166,1169],"product_tag":[],"acf":[],"post_class":["post-94613","product","type-product","status-publish","has-post-thumbnail","hentry","category-energia-ca","category-medi-ambient","category-transicio-energetica","content-type-articles-e-informes","content-type-videos","wordpress-sticky"],"_links":{"self":[{"href":"https:\/\/www.fundacionnaturgy.org\/ca\/wp-json\/wp\/v2\/product\/94613"}],"collection":[{"href":"https:\/\/www.fundacionnaturgy.org\/ca\/wp-json\/wp\/v2\/product"}],"about":[{"href":"https:\/\/www.fundacionnaturgy.org\/ca\/wp-json\/wp\/v2\/types\/product"}],"wp:featuredmedia":[{"embeddable":true,"href":"https:\/\/www.fundacionnaturgy.org\/ca\/wp-json\/wp\/v2\/media\/90136"}],"wp:attachment":[{"href":"https:\/\/www.fundacionnaturgy.org\/ca\/wp-json\/wp\/v2\/media?parent=94613"}],"wp:term":[{"taxonomy":"category","embeddable":true,"href":"https:\/\/www.fundacionnaturgy.org\/ca\/wp-json\/wp\/v2\/categories?post=94613"},{"taxonomy":"content-type","embeddable":true,"href":"https:\/\/www.fundacionnaturgy.org\/ca\/wp-json\/wp\/v2\/content-type?post=94613"},{"taxonomy":"product_tag","embeddable":true,"href":"https:\/\/www.fundacionnaturgy.org\/ca\/wp-json\/wp\/v2\/product_tag?post=94613"}],"curies":[{"name":"wp","href":"https:\/\/api.w.org\/{rel}","templated":true}]}}