{"id":94619,"date":"2026-01-16T10:09:09","date_gmt":"2026-01-16T09:09:09","guid":{"rendered":"https:\/\/www.fundacionnaturgy.org\/?post_type=product&#038;p=94619"},"modified":"2026-02-02T16:28:19","modified_gmt":"2026-02-02T15:28:19","slug":"energies-renovables-desenvolupament-i-integracio-social-i-territorial","status":"publish","type":"product","link":"https:\/\/www.fundacionnaturgy.org\/ca\/publicacion\/energies-renovables-desenvolupament-i-integracio-social-i-territorial\/","title":{"rendered":"Energies renovables: desenvolupament i integraci\u00f3 social i territorial"},"content":{"rendered":"<p>[vc_row][vc_column][vc_column_text]La Fundaci\u00f3 Naturgy presenta l&#8217;informe <strong>&#8220;Energies renovables: desenvolupament i integraci\u00f3 social i territorial&#8221;<\/strong>, elaborat per Institut Cerd\u00e0. El document analitza el paper de les energies renovables en la transici\u00f3 energ\u00e8tica, aix\u00ed com els reptes i les oportunitats que planteja el seu desplegament al territori. S&#8217;estudien els principals vectors de conflicte i les pr\u00e0ctiques que afavoreixen una integraci\u00f3 social i territorial millor dels projectes, proposant recomanacions dirigides a empreses, administracions i agents socials per avan\u00e7ar cap a una transici\u00f3 energ\u00e8tica justa, inclusiva i sostenible.[\/vc_column_text][\/vc_column][\/vc_row]<\/p>\n","protected":false},"excerpt":{"rendered":"<p>[vc_row][vc_column][vc_column_text]La Fundaci\u00f3 Naturgy presenta l&#8217;informe &#8220;Energies renovables: desenvolupament i integraci\u00f3 social i territorial&#8221;, elaborat per Institut Cerd\u00e0. El document analitza el paper de les energies renovables en la transici\u00f3 energ\u00e8tica,<span class=\"more-link\"><a href=\"https:\/\/www.fundacionnaturgy.org\/ca\/publicacion\/energies-renovables-desenvolupament-i-integracio-social-i-territorial\/\">Llegir m\u00e9s<\/a><\/span><\/p>\n","protected":false},"featured_media":94603,"template":"","meta":{"inline_featured_image":false},"categories":[1233,1202,1205,1208],"content-type":[1166,1169],"product_tag":[],"acf":[],"post_class":["post-94619","product","type-product","status-publish","has-post-thumbnail","hentry","category-energia-ca","category-energies-renovables","category-medi-ambient","category-transicio-energetica","content-type-articles-e-informes","content-type-videos","wordpress-sticky"],"_links":{"self":[{"href":"https:\/\/www.fundacionnaturgy.org\/ca\/wp-json\/wp\/v2\/product\/94619"}],"collection":[{"href":"https:\/\/www.fundacionnaturgy.org\/ca\/wp-json\/wp\/v2\/product"}],"about":[{"href":"https:\/\/www.fundacionnaturgy.org\/ca\/wp-json\/wp\/v2\/types\/product"}],"wp:featuredmedia":[{"embeddable":true,"href":"https:\/\/www.fundacionnaturgy.org\/ca\/wp-json\/wp\/v2\/media\/94603"}],"wp:attachment":[{"href":"https:\/\/www.fundacionnaturgy.org\/ca\/wp-json\/wp\/v2\/media?parent=94619"}],"wp:term":[{"taxonomy":"category","embeddable":true,"href":"https:\/\/www.fundacionnaturgy.org\/ca\/wp-json\/wp\/v2\/categories?post=94619"},{"taxonomy":"content-type","embeddable":true,"href":"https:\/\/www.fundacionnaturgy.org\/ca\/wp-json\/wp\/v2\/content-type?post=94619"},{"taxonomy":"product_tag","embeddable":true,"href":"https:\/\/www.fundacionnaturgy.org\/ca\/wp-json\/wp\/v2\/product_tag?post=94619"}],"curies":[{"name":"wp","href":"https:\/\/api.w.org\/{rel}","templated":true}]}}