{"id":94783,"date":"2026-02-12T13:54:37","date_gmt":"2026-02-12T12:54:37","guid":{"rendered":"https:\/\/www.fundacionnaturgy.org\/?post_type=product&#038;p=94783"},"modified":"2026-02-18T13:25:16","modified_gmt":"2026-02-18T12:25:16","slug":"webinar-biometa-en-la-transicio-energetica-situacio-tendencies-reptes-i-oportunitats","status":"publish","type":"product","link":"https:\/\/www.fundacionnaturgy.org\/ca\/publicacion\/webinar-biometa-en-la-transicio-energetica-situacio-tendencies-reptes-i-oportunitats\/","title":{"rendered":"Webinar \u00abBiomet\u00e0 en la transici\u00f3 energ\u00e8tica: situaci\u00f3, tend\u00e8ncies, reptes i oportunitats\u00bb"},"content":{"rendered":"<p>Fundaci\u00f3 Naturgy i IRENA van celebrar el passat 12 de febrer de 2026 aquest primer di\u00e0leg per reunir actors clau i fomentar l&#8217;intercanvi de coneixements i bones pr\u00e0ctiques sobre el biomet\u00e0, analitzant-ne el desenvolupament a nivell global i el paper en la transici\u00f3 energ\u00e8tica, aix\u00ed com les oportunitats per impulsar-ne la producci\u00f3 i l&#8217;\u00fas de manera sostenible.<\/p>\n","protected":false},"excerpt":{"rendered":"<p>Fundaci\u00f3 Naturgy i IRENA van celebrar el passat 12 de febrer de 2026 aquest primer di\u00e0leg per reunir actors clau i fomentar l&#8217;intercanvi de coneixements i bones pr\u00e0ctiques sobre el<span class=\"more-link\"><a href=\"https:\/\/www.fundacionnaturgy.org\/ca\/publicacion\/webinar-biometa-en-la-transicio-energetica-situacio-tendencies-reptes-i-oportunitats\/\">Llegir m\u00e9s<\/a><\/span><\/p>\n","protected":false},"featured_media":94756,"template":"","meta":{"inline_featured_image":false},"categories":[1233,1202,1205,1208],"content-type":[1171,1169],"product_tag":[],"acf":[],"post_class":["post-94783","product","type-product","status-publish","has-post-thumbnail","hentry","category-energia-ca","category-energies-renovables","category-medi-ambient","category-transicio-energetica","content-type-presentacio","content-type-videos","wordpress-sticky"],"_links":{"self":[{"href":"https:\/\/www.fundacionnaturgy.org\/ca\/wp-json\/wp\/v2\/product\/94783"}],"collection":[{"href":"https:\/\/www.fundacionnaturgy.org\/ca\/wp-json\/wp\/v2\/product"}],"about":[{"href":"https:\/\/www.fundacionnaturgy.org\/ca\/wp-json\/wp\/v2\/types\/product"}],"wp:featuredmedia":[{"embeddable":true,"href":"https:\/\/www.fundacionnaturgy.org\/ca\/wp-json\/wp\/v2\/media\/94756"}],"wp:attachment":[{"href":"https:\/\/www.fundacionnaturgy.org\/ca\/wp-json\/wp\/v2\/media?parent=94783"}],"wp:term":[{"taxonomy":"category","embeddable":true,"href":"https:\/\/www.fundacionnaturgy.org\/ca\/wp-json\/wp\/v2\/categories?post=94783"},{"taxonomy":"content-type","embeddable":true,"href":"https:\/\/www.fundacionnaturgy.org\/ca\/wp-json\/wp\/v2\/content-type?post=94783"},{"taxonomy":"product_tag","embeddable":true,"href":"https:\/\/www.fundacionnaturgy.org\/ca\/wp-json\/wp\/v2\/product_tag?post=94783"}],"curies":[{"name":"wp","href":"https:\/\/api.w.org\/{rel}","templated":true}]}}