{"id":94784,"date":"2026-02-17T09:29:09","date_gmt":"2026-02-17T08:29:09","guid":{"rendered":"https:\/\/www.fundacionnaturgy.org\/?post_type=product&#038;p=94784"},"modified":"2026-02-18T13:27:41","modified_gmt":"2026-02-18T12:27:41","slug":"el-rol-de-la-xarxa-de-distribucio-de-gas-al-sistema-energetic-espanyol","status":"publish","type":"product","link":"https:\/\/www.fundacionnaturgy.org\/ca\/publicacion\/el-rol-de-la-xarxa-de-distribucio-de-gas-al-sistema-energetic-espanyol\/","title":{"rendered":"El rol de la xarxa de distribuci\u00f3 de gas al sistema energ\u00e8tic espanyol"},"content":{"rendered":"<p>Aquest informe analitza el paper estrat\u00e8gic de les xarxes de gas a la seguretat energ\u00e8tica i la cohesi\u00f3 territorial, aix\u00ed com la seva capacitat per adaptar-se als nous reptes del sistema. Sobre la base de la infraestructura actual, aquestes xarxes continuaran sent un actiu essencial i oferiran als consumidors una opci\u00f3 addicional per accedir a energia descarbonitzada en un futur netzero.<\/p>\n","protected":false},"excerpt":{"rendered":"<p>Aquest informe analitza el paper estrat\u00e8gic de les xarxes de gas a la seguretat energ\u00e8tica i la cohesi\u00f3 territorial, aix\u00ed com la seva capacitat per adaptar-se als nous reptes del<span class=\"more-link\"><a href=\"https:\/\/www.fundacionnaturgy.org\/ca\/publicacion\/el-rol-de-la-xarxa-de-distribucio-de-gas-al-sistema-energetic-espanyol\/\">Llegir m\u00e9s<\/a><\/span><\/p>\n","protected":false},"featured_media":94743,"template":"","meta":{"inline_featured_image":false},"categories":[1233,1205,1208],"content-type":[1166,1169],"product_tag":[],"acf":[],"post_class":["post-94784","product","type-product","status-publish","has-post-thumbnail","hentry","category-energia-ca","category-medi-ambient","category-transicio-energetica","content-type-articles-e-informes","content-type-videos","wordpress-sticky"],"_links":{"self":[{"href":"https:\/\/www.fundacionnaturgy.org\/ca\/wp-json\/wp\/v2\/product\/94784"}],"collection":[{"href":"https:\/\/www.fundacionnaturgy.org\/ca\/wp-json\/wp\/v2\/product"}],"about":[{"href":"https:\/\/www.fundacionnaturgy.org\/ca\/wp-json\/wp\/v2\/types\/product"}],"wp:featuredmedia":[{"embeddable":true,"href":"https:\/\/www.fundacionnaturgy.org\/ca\/wp-json\/wp\/v2\/media\/94743"}],"wp:attachment":[{"href":"https:\/\/www.fundacionnaturgy.org\/ca\/wp-json\/wp\/v2\/media?parent=94784"}],"wp:term":[{"taxonomy":"category","embeddable":true,"href":"https:\/\/www.fundacionnaturgy.org\/ca\/wp-json\/wp\/v2\/categories?post=94784"},{"taxonomy":"content-type","embeddable":true,"href":"https:\/\/www.fundacionnaturgy.org\/ca\/wp-json\/wp\/v2\/content-type?post=94784"},{"taxonomy":"product_tag","embeddable":true,"href":"https:\/\/www.fundacionnaturgy.org\/ca\/wp-json\/wp\/v2\/product_tag?post=94784"}],"curies":[{"name":"wp","href":"https:\/\/api.w.org\/{rel}","templated":true}]}}