{"id":95096,"date":"2026-03-19T17:33:09","date_gmt":"2026-03-19T16:33:09","guid":{"rendered":"https:\/\/www.fundacionnaturgy.org\/?post_type=product&#038;p=95096"},"modified":"2026-03-25T11:30:02","modified_gmt":"2026-03-25T10:30:02","slug":"utilitzacio-del-co%e2%82%82","status":"publish","type":"product","link":"https:\/\/www.fundacionnaturgy.org\/ca\/publicacion\/utilitzacio-del-co%e2%82%82\/","title":{"rendered":"Utilitzaci\u00f3 del CO\u2082"},"content":{"rendered":"<p>Fundaci\u00f3 Naturgy presenta el document <strong>&#8220;Utilitzaci\u00f3 del CO\u2082&#8221;<\/strong>, elaborat per TECNALIA, que ofereix una visi\u00f3 integral sobre el paper del CO\u2082 com a recurs estrat\u00e8gic, analitzant el context regulatori, l&#8217;estat tecnol\u00f2gic i les oportunitats que es deriven per a la ind\u00fastria espanyola, tant en l&#8217;\u00e0mbit de la producci\u00f3 de combustibles sint\u00e8tics, com en la fabricaci\u00f3 de productes qu\u00edmics.<\/p>\n","protected":false},"excerpt":{"rendered":"<p>Fundaci\u00f3 Naturgy presenta el document &#8220;Utilitzaci\u00f3 del CO\u2082&#8221;, elaborat per TECNALIA, que ofereix una visi\u00f3 integral sobre el paper del CO\u2082 com a recurs estrat\u00e8gic, analitzant el context regulatori, l&#8217;estat<span class=\"more-link\"><a href=\"https:\/\/www.fundacionnaturgy.org\/ca\/publicacion\/utilitzacio-del-co%e2%82%82\/\">Llegir m\u00e9s<\/a><\/span><\/p>\n","protected":false},"featured_media":95079,"template":"","meta":{"inline_featured_image":false},"categories":[1233,1205,1208],"content-type":[1166,1169],"product_tag":[],"acf":[],"post_class":["post-95096","product","type-product","status-publish","has-post-thumbnail","hentry","category-energia-ca","category-medi-ambient","category-transicio-energetica","content-type-articles-e-informes","content-type-videos","wordpress-sticky"],"_links":{"self":[{"href":"https:\/\/www.fundacionnaturgy.org\/ca\/wp-json\/wp\/v2\/product\/95096"}],"collection":[{"href":"https:\/\/www.fundacionnaturgy.org\/ca\/wp-json\/wp\/v2\/product"}],"about":[{"href":"https:\/\/www.fundacionnaturgy.org\/ca\/wp-json\/wp\/v2\/types\/product"}],"wp:featuredmedia":[{"embeddable":true,"href":"https:\/\/www.fundacionnaturgy.org\/ca\/wp-json\/wp\/v2\/media\/95079"}],"wp:attachment":[{"href":"https:\/\/www.fundacionnaturgy.org\/ca\/wp-json\/wp\/v2\/media?parent=95096"}],"wp:term":[{"taxonomy":"category","embeddable":true,"href":"https:\/\/www.fundacionnaturgy.org\/ca\/wp-json\/wp\/v2\/categories?post=95096"},{"taxonomy":"content-type","embeddable":true,"href":"https:\/\/www.fundacionnaturgy.org\/ca\/wp-json\/wp\/v2\/content-type?post=95096"},{"taxonomy":"product_tag","embeddable":true,"href":"https:\/\/www.fundacionnaturgy.org\/ca\/wp-json\/wp\/v2\/product_tag?post=95096"}],"curies":[{"name":"wp","href":"https:\/\/api.w.org\/{rel}","templated":true}]}}