{"id":58714,"date":"2018-06-19T17:59:47","date_gmt":"2018-06-19T15:59:47","guid":{"rendered":"https:\/\/www.fundacionnaturgy.org\/education-and-dissemination\/travelling-exhibitions\/travelling-suitcases\/"},"modified":"2024-04-29T12:19:02","modified_gmt":"2024-04-29T10:19:02","slug":"travelling-suitcases","status":"publish","type":"page","link":"https:\/\/www.fundacionnaturgy.org\/en\/education-and-dissemination\/efigy-education\/efigy-education-resources\/travelling-suitcases\/","title":{"rendered":"Travelling suitcases"},"content":{"rendered":"<p>[vc_row][vc_column]<div class=\"gnf-texto-destacado\" style=\"background-color:#edf0f1;border-color:#004165;\"><h4 style=\"color:#004165\">Educational tools for employees<\/h4>The travelling suitcases are an education tool that we offer to employees of the Naturgy group.<strong> It is an excellent educational device to give talks on energy and new energy technology in the educational centres of children and relatives, transferring the professional experience of the company.<\/strong><\/p>\n<p><strong>The educational material offers enjoyable content and inclusive dynamics<\/strong> that adapt to different educational levels, from the Second Cycle of Early Childhood Education to Secondary School Education.<\/div>[vc_empty_space][vc_row_inner][vc_column_inner width=&#8221;2\/3&#8243;][vc_images_carousel images=&#8221;87930,87931,59080&#8243; img_size=&#8221;full&#8221; onclick=&#8221;link_no&#8221;][\/vc_column_inner][vc_column_inner width=&#8221;1\/3&#8243;]<div id=\"owl-carousel-single\" class=\"owl-carousel\"><\/div>[\/vc_column_inner][\/vc_row_inner][\/vc_column][\/vc_row][vc_row full_width=&#8221;stretch_row&#8221; css=&#8221;.vc_custom_1588842623351{background-color: #f2f1ef !important;}&#8221;][vc_column][vc_empty_space height=&#8221;12px&#8221;][vc_row_inner][vc_column_inner width=&#8221;2\/3&#8243;][vc_custom_heading text=&#8221;The story of energy&#8221; use_theme_fonts=&#8221;yes&#8221;][vc_empty_space height=&#8221;12px&#8221;][vc_column_text]Are we aware that energy is a very important factor and has played a leading role in the development of humanity and the planet? We must be able to find cheap and efficient energy sources with a low environmental impact. What tools do we have available? What efforts must we dedicate to this challenge?<\/p>\n<p>Are we aware that energy is a very important factor in human evolution? Nature offers us a whole host of natural resources that, thanks to innovation, we can convert into energy. Shall we find out more about them?<\/p>\n<p>[\/vc_column_text][\/vc_column_inner][vc_column_inner width=&#8221;1\/3&#8243;][vc_single_image image=&#8221;71884&#8243; img_size=&#8221;full&#8221; onclick=&#8221;img_link_large&#8221;][\/vc_column_inner][\/vc_row_inner][vc_row_inner][vc_column_inner width=&#8221;1\/2&#8243;][vc_column_text]<span style=\"color: #004571;\"><strong>Aims<\/strong><\/span><\/p>\n<p>\u2022 Confirm which things need energy to work.<\/p>\n<p>\u2022 Recognise different types of energy.<\/p>\n<p>\u2022 Learn about renewable energies: solar, wind and hydraulic.<\/p>\n<p>\u2022 Find out more about electricity as energy to power vehicles.<\/p>\n<p>[\/vc_column_text][\/vc_column_inner][vc_column_inner width=&#8221;1\/2&#8243;][vc_column_text]<\/p>\n<p style=\"text-align: left;\"><span style=\"color: #004571;\"><strong>Contents<\/strong><\/span><\/p>\n<p style=\"text-align: left;\">\u2022 Use of and need for energy.<\/p>\n<p>\u2022 Renewable energies: hydraulic, wind and solar<\/p>\n<p>[\/vc_column_text][\/vc_column_inner][\/vc_row_inner][vc_row_inner][vc_column_inner width=&#8221;1\/2&#8243;][vc_column_text]<\/p>\n<p style=\"text-align: left;\"><span style=\"color: #004571;\"><strong>Skills<\/strong><\/span><\/p>\n<p style=\"text-align: left;\">\u2022 Basic science skills.<\/p>\n<p>\u2022 Learn how to learn.<\/p>\n<p>\u2022 Knowledge and interaction with the physical world.<\/p>\n<p>\u2022 Linguistic communication.<\/p>\n<p>[\/vc_column_text][\/vc_column_inner][vc_column_inner width=&#8221;1\/2&#8243;][vc_column_text]<span style=\"color: #004571;\"><strong>Levels<\/strong><\/span><\/p>\n<p>\u2022 Second stage of Early Childhood Education .<\/p>\n<p>\u2022 First stage of primary education.[\/vc_column_text][\/vc_column_inner][\/vc_row_inner][\/vc_column][\/vc_row][vc_row][vc_column][vc_empty_space height=&#8221;12px&#8221;][vc_row_inner][vc_column_inner width=&#8221;2\/3&#8243;][vc_custom_heading text=&#8221;Energy sources&#8221; use_theme_fonts=&#8221;yes&#8221;][vc_empty_space height=&#8221;12px&#8221;][vc_column_text]This activity is designed to allow students to learn where the energy we use comes from. The main aim is to get them to think about what sources of energy we use, how they can be classified and society\u2019s need and duty to use them responsibly.[\/vc_column_text][\/vc_column_inner][vc_column_inner width=&#8221;1\/3&#8243;][vc_single_image image=&#8221;71887&#8243; img_size=&#8221;full&#8221; onclick=&#8221;img_link_large&#8221;][\/vc_column_inner][\/vc_row_inner][vc_row_inner][vc_column_inner width=&#8221;1\/2&#8243;][vc_column_text]<span style=\"color: #004571;\"><strong>Aims<\/strong><\/span><\/p>\n<p>\u2022 Identify the different energy sources used nowadays.<\/p>\n<p>\u2022 Think about the advantages and disadvantages of different types of energy.<\/p>\n<p>\u2022 Identify actions to save energy and promote energy efficiency.<\/p>\n<p>[\/vc_column_text][\/vc_column_inner][vc_column_inner width=&#8221;1\/2&#8243;][vc_column_text]<\/p>\n<p style=\"text-align: left;\"><span style=\"color: #004571;\"><strong>Contents<\/strong><\/span><\/p>\n<p style=\"text-align: left;\">\u2022 Energy sources.<\/p>\n<p>\u2022 Energy savings.<\/p>\n<p>[\/vc_column_text][\/vc_column_inner][\/vc_row_inner][vc_row_inner][vc_column_inner width=&#8221;1\/2&#8243;][vc_column_text]<\/p>\n<p style=\"text-align: left;\"><span style=\"color: #004571;\"><strong>Skills<\/strong><\/span><\/p>\n<p style=\"text-align: left;\">\u2022 Basic science skills.<\/p>\n<p>\u2022 Learn how to learn.<\/p>\n<p>\u2022 Knowledge and interaction with the physical world.<\/p>\n<p>\u2022 Linguistic communication.<\/p>\n<p>[\/vc_column_text][\/vc_column_inner][vc_column_inner width=&#8221;1\/2&#8243;][vc_column_text]<span style=\"color: #004571;\"><strong>Levels<\/strong><\/span><\/p>\n<p>\u2022 Second stage of primary education.[\/vc_column_text][\/vc_column_inner][\/vc_row_inner][\/vc_column][\/vc_row][vc_row full_width=&#8221;stretch_row&#8221; css=&#8221;.vc_custom_1588842623351{background-color: #f2f1ef !important;}&#8221;][vc_column][vc_empty_space height=&#8221;12px&#8221;][vc_row_inner][vc_column_inner width=&#8221;2\/3&#8243;][vc_custom_heading text=&#8221;Let\u2019s talk about energy&#8221; use_theme_fonts=&#8221;yes&#8221;][vc_empty_space height=&#8221;12px&#8221;][vc_column_text]This activity is designed to allow students to learn about the energy mix and energy efficiency. Through a group reflection activity, we will find out which energy sources we use nowadays, how they can be classified and society\u2019s need and duty to use them responsibly.<\/p>\n<p>An introductory video explaining how gas is formed and how energies are used leads to a series of questions that students must answer in a contest format.[\/vc_column_text][\/vc_column_inner][vc_column_inner width=&#8221;1\/3&#8243;][vc_single_image image=&#8221;71881&#8243; img_size=&#8221;full&#8221; onclick=&#8221;img_link_large&#8221;][\/vc_column_inner][\/vc_row_inner][vc_row_inner][vc_column_inner width=&#8221;1\/2&#8243;][vc_column_text]<span style=\"color: #004571;\"><strong>Aims<\/strong><\/span><\/p>\n<p>\u2022 Learn how natural gas is formed.<\/p>\n<p>\u2022 Identify the past and present uses of natural gas.<\/p>\n<p>\u2022 Identify why we need energy in our day-to-day lives.<\/p>\n<p>\u2022 Identify the different energy sources used nowadays.<\/p>\n<p>\u2022 Think about the advantages and disadvantages of different types of energy.[\/vc_column_text][\/vc_column_inner][vc_column_inner width=&#8221;1\/2&#8243;][vc_column_text]<\/p>\n<p style=\"text-align: left;\"><span style=\"color: #004571;\"><strong>Contents<\/strong><\/span><\/p>\n<p style=\"text-align: left;\">\u2022 How natural gas is obtained.<\/p>\n<p>\u2022 Dependence on artificial light.<\/p>\n<p>\u2022 Social changes as a result of the arrival of gas and electricity.<\/p>\n<p>\u2022 How natural gas is obtained and transported nowadays.<\/p>\n<p>\u2022 Technologies needed to obtain electricity.<\/p>\n<p>[\/vc_column_text][\/vc_column_inner][\/vc_row_inner][vc_row_inner][vc_column_inner width=&#8221;1\/2&#8243;][vc_column_text]<\/p>\n<p style=\"text-align: left;\"><span style=\"color: #004571;\"><strong>Skills<\/strong><\/span><\/p>\n<p style=\"text-align: left;\">\u2022 Basic science skills.<\/p>\n<p>\u2022 Learn how to learn.<\/p>\n<p>\u2022 Knowledge and interaction with the physical world.<\/p>\n<p>\u2022 Linguistic communication.<\/p>\n<p>[\/vc_column_text][\/vc_column_inner][vc_column_inner width=&#8221;1\/2&#8243;][vc_column_text]<span style=\"color: #004571;\"><strong>Levels<\/strong><\/span><\/p>\n<p>\u2022 Last stage of primary education.<\/p>\n<p>\u2022 First stage of secondary education.[\/vc_column_text][\/vc_column_inner][\/vc_row_inner][\/vc_column][\/vc_row][vc_row][vc_column width=&#8221;2\/3&#8243;]<div class=\"gnf-destacado-icono small-text-center medium-text-left row collapse\"><div class=\"gnf-destacado-icono__icono large-4 columns small-text-center medium-text-left \"><div class=\"icon-outer icon-style-default\" style=\"background-color:\"><span class=\"ico_info\"><\/span><\/div><\/div><div class=\"gnf-destacado-icono__texto large-8 columns\"><h4>More information and requests to participate in the programme:<\/h4>If you are interested in any of our travelling suitcases or would like more information, you can contact us by:<\/p>\n<p>Email: <a href=\"mailto:actividadesfundacion@naturgy.com\">actividadesfundacion@naturgy.com<\/a><\/div><\/div>[\/vc_column][vc_column width=&#8221;1\/3&#8243;]<div class=\"gnf-destacado-img\"><a href=\"https:\/\/www.fundacionnaturgy.org\/en\/education-and-dissemination\/travelling-exhibitions\/touring-exhibitions\/\" title=\"\" target=\"_self\"><figure class=\"gnf-destacado-img__imagen\"><img width=\"1500\" height=\"1001\" src=\"https:\/\/www.fundacionnaturgy.org\/wp-content\/uploads\/2019\/05\/recurso-experiencias-itinerantes-juegas.jpg\" class=\"attachment-full size-full\" alt=\"Exposici\u00f3n Fundaci\u00f3n Naturgy Juegas Pensamos en energ\u00eda\" loading=\"lazy\" srcset=\"https:\/\/www.fundacionnaturgy.org\/wp-content\/uploads\/2019\/05\/recurso-experiencias-itinerantes-juegas.jpg 1500w, https:\/\/www.fundacionnaturgy.org\/wp-content\/uploads\/2019\/05\/recurso-experiencias-itinerantes-juegas-300x200.jpg 300w, https:\/\/www.fundacionnaturgy.org\/wp-content\/uploads\/2019\/05\/recurso-experiencias-itinerantes-juegas-768x513.jpg 768w, https:\/\/www.fundacionnaturgy.org\/wp-content\/uploads\/2019\/05\/recurso-experiencias-itinerantes-juegas-1024x683.jpg 1024w, https:\/\/www.fundacionnaturgy.org\/wp-content\/uploads\/2019\/05\/recurso-experiencias-itinerantes-juegas-210x140.jpg 210w, https:\/\/www.fundacionnaturgy.org\/wp-content\/uploads\/2019\/05\/recurso-experiencias-itinerantes-juegas-220x148.jpg 220w, https:\/\/www.fundacionnaturgy.org\/wp-content\/uploads\/2019\/05\/recurso-experiencias-itinerantes-juegas-450x300.jpg 450w\" sizes=\"(max-width: 1500px) 100vw, 1500px\" \/><figcaption class=\"link bottom\" style=\"background: rgba(255,255,255,0.9);\"><h4 class=\"left\">You may also be interested in<\/h4><\/figcaption><\/figure><\/a><div class=\"gnf-destacado-img__texto small-only-text-center\"><\/div><\/div>[\/vc_column][\/vc_row]<\/p>\n","protected":false},"excerpt":{"rendered":"<p>[vc_row][vc_column][vc_empty_space][vc_row_inner][vc_column_inner width=&#8221;2\/3&#8243;][vc_images_carousel images=&#8221;87930,87931,59080&#8243; img_size=&#8221;full&#8221; onclick=&#8221;link_no&#8221;][\/vc_column_inner][vc_column_inner width=&#8221;1\/3&#8243;][\/vc_column_inner][\/vc_row_inner][\/vc_column][\/vc_row][vc_row full_width=&#8221;stretch_row&#8221; css=&#8221;.vc_custom_1588842623351{background-color: #f2f1ef !important;}&#8221;][vc_column][vc_empty_space height=&#8221;12px&#8221;][vc_row_inner][vc_column_inner width=&#8221;2\/3&#8243;][vc_custom_heading text=&#8221;The story of energy&#8221; use_theme_fonts=&#8221;yes&#8221;][vc_empty_space height=&#8221;12px&#8221;][vc_column_text]Are we aware that energy is a very important factor and has played<span class=\"more-link\"><a href=\"https:\/\/www.fundacionnaturgy.org\/en\/education-and-dissemination\/efigy-education\/efigy-education-resources\/travelling-suitcases\/\">Leer m\u00e1s<\/a><\/span><\/p>\n","protected":false},"author":1454,"featured_media":0,"parent":60734,"menu_order":0,"comment_status":"closed","ping_status":"closed","template":"templates\/full-width.php","meta":{"inline_featured_image":false},"categories":[],"acf":[],"_links":{"self":[{"href":"https:\/\/www.fundacionnaturgy.org\/en\/wp-json\/wp\/v2\/pages\/58714"}],"collection":[{"href":"https:\/\/www.fundacionnaturgy.org\/en\/wp-json\/wp\/v2\/pages"}],"about":[{"href":"https:\/\/www.fundacionnaturgy.org\/en\/wp-json\/wp\/v2\/types\/page"}],"author":[{"embeddable":true,"href":"https:\/\/www.fundacionnaturgy.org\/en\/wp-json\/wp\/v2\/users\/1454"}],"replies":[{"embeddable":true,"href":"https:\/\/www.fundacionnaturgy.org\/en\/wp-json\/wp\/v2\/comments?post=58714"}],"version-history":[{"count":2,"href":"https:\/\/www.fundacionnaturgy.org\/en\/wp-json\/wp\/v2\/pages\/58714\/revisions"}],"predecessor-version":[{"id":89169,"href":"https:\/\/www.fundacionnaturgy.org\/en\/wp-json\/wp\/v2\/pages\/58714\/revisions\/89169"}],"up":[{"embeddable":true,"href":"https:\/\/www.fundacionnaturgy.org\/en\/wp-json\/wp\/v2\/pages\/60734"}],"wp:attachment":[{"href":"https:\/\/www.fundacionnaturgy.org\/en\/wp-json\/wp\/v2\/media?parent=58714"}],"wp:term":[{"taxonomy":"category","embeddable":true,"href":"https:\/\/www.fundacionnaturgy.org\/en\/wp-json\/wp\/v2\/categories?post=58714"}],"curies":[{"name":"wp","href":"https:\/\/api.w.org\/{rel}","templated":true}]}}