{"id":58726,"date":"2018-06-19T18:42:49","date_gmt":"2018-06-19T16:42:49","guid":{"rendered":"https:\/\/www.fundacionnaturgy.org\/education-and-dissemination\/archive-and-heritage\/the-collection\/"},"modified":"2019-05-20T10:08:51","modified_gmt":"2019-05-20T08:08:51","slug":"the-collection","status":"publish","type":"page","link":"https:\/\/www.fundacionnaturgy.org\/en\/education-and-dissemination\/archive-and-heritage\/the-collection\/","title":{"rendered":"The collection"},"content":{"rendered":"<p>[vc_row][vc_column]<div class=\"gnf-texto-destacado\" style=\"background-color:#edf0f1;border-color:#004165;\"><h4 style=\"color:#004165\"><\/h4><strong>The Naturgy Foundation gathers an extensive collection of pieces relating to the patrimony of energy<\/strong>. In particular, it is formed of representative elements in the world of gas, electricity, and the creation and generation of these energies. The compendium of pieces was started in 1977, the date on which the permanent exhibition open to the public in the energy company\u2019s socio-historical site located on Calle de Puerta\u00a0del \u00c1ngel in Barcelona, was unveiled.<\/div>[vc_empty_space][vc_row_inner][vc_column_inner width=&#8221;2\/3&#8243;][vc_single_image image=&#8221;46119&#8243; img_size=&#8221;full&#8221;][\/vc_column_inner][vc_column_inner width=&#8221;1\/3&#8243;][vc_column_text]<span style=\"color: #004571;\"><strong><a href=\"https:\/\/www.fundacionnaturgy.org\/wp-content\/uploads\/2018\/07\/lista.jpg\"><img loading=\"lazy\" class=\"alignleft wp-image-46336\" src=\"https:\/\/www.fundacionnaturgy.org\/wp-content\/uploads\/2018\/07\/lista.jpg\" alt=\"lista\" width=\"90\" height=\"90\" srcset=\"https:\/\/www.fundacionnaturgy.org\/wp-content\/uploads\/2018\/07\/lista.jpg 176w, https:\/\/www.fundacionnaturgy.org\/wp-content\/uploads\/2018\/07\/lista-150x150.jpg 150w, https:\/\/www.fundacionnaturgy.org\/wp-content\/uploads\/2018\/07\/lista-140x140.jpg 140w\" sizes=\"(max-width: 90px) 100vw, 90px\" \/><\/a>Varied collection <\/strong><\/span><br \/>\nWitness to the industrial past and Spain\u2019s technological innovation in the energy sector.[\/vc_column_text][vc_column_text]<span style=\"color: #004571;\"><strong><a href=\"https:\/\/www.fundacionnaturgy.org\/wp-content\/uploads\/2018\/07\/lampara.jpg&quot;\"><img loading=\"lazy\" class=\"alignleft wp-image-46336\" src=\"https:\/\/www.fundacionnaturgy.org\/wp-content\/uploads\/2018\/07\/lampara.jpg\" alt=\"lista\" width=\"90\" height=\"90\" \/><\/a>Original objects<\/strong><\/span><br \/>\nThey tell a story about the transformation experienced during the late 19th and early 20th century.<br \/>\n[\/vc_column_text][vc_column_text]<span style=\"color: #004571;\"><strong><a href=\"https:\/\/www.fundacionnaturgy.org\/wp-content\/uploads\/2018\/07\/bombilla.jpg\"><img loading=\"lazy\" class=\"alignleft wp-image-46336\" src=\"https:\/\/www.fundacionnaturgy.org\/wp-content\/uploads\/2018\/07\/bombilla.jpg\" alt=\"lista\" width=\"90\" height=\"90\" \/><\/a>Industrial sector and electrical material<\/strong><\/span><br \/>\nMaterial from the former gas factories and power generation objects.<br \/>\n[\/vc_column_text][\/vc_column_inner][\/vc_row_inner][vc_empty_space][vc_row_inner][vc_column_inner width=&#8221;2\/3&#8243;][vc_column_text]<strong>The collection of objects is very varied and serves as a witness to the industrial past and Spain\u2019s technological innovation in the energy sector<\/strong>. The protected original objects explain the historical period from the late 19th century and the early 20th century, when a society saw the world they knew change drastically.<\/p>\n<p><strong>At the end of the 19th century, when gas lighting started to be used in the streets, lifestyles changed and the agricultural cycle formed by sunlight was broken<\/strong>. Therefore, when the first lampposts on the main streets in Barcelona were lit using gas in 1842, they were following the example set by other European cities such as London in 1810 and Paris in 1815. The Collection has several original objects that illustrate this modern era, from old maps that chart the distribution of public street lighting, to the most characteristic lampposts from the time, the rods that were used to light them, and the uniforms and other belongings that the lamplighters used in their daily work to light and extinguish the lampposts when the city hall stated.<\/p>\n<p>Subsequently, when electricity became prominently used for public street lighting, gas started to be used in homes, factories and workshops. This led to new uses and a wide range of equipment and objects that worked with gas, known as <strong>gasodom\u00e9sticos<\/strong>or gas appliances. The Naturgy Foundation Collection has a <strong>election of significant items classified by type that assisted domestic and industrial tasks at the time and provided society with more convenience and modernity<\/strong>. The notable gas appliances that have been preserved include lamps, cookers, curling tongs, water heaters, stoves, meters, and irons.[\/vc_column_text][\/vc_column_inner][vc_column_inner width=&#8221;1\/3&#8243;]<div class=\"gnf-destacado-icono small-text-center medium-text-left row collapse\"><div class=\"gnf-destacado-icono__icono large-4 columns small-text-center medium-text-left \"><div class=\"icon-outer icon-style-default\" style=\"background-color:\"><span class=\"ico_calendario\"><\/span><\/div><\/div><div class=\"gnf-destacado-icono__texto large-8 columns\"><h4><a href=\"http:\/\/www.fundacionnaturgy.org\/en\/education-and-dissemination\/archive-and-heritage\/the-item-of-the-month\/\" title=\"\" target=\"_self\">The highlighted item<\/a><\/h4>If you want to know more about the Collection of the Naturgy Foundation, we explain the history that hides a prominent piece.<\/div><\/div>[vc_empty_space]<div class=\"gnf-destacado-icono small-text-center medium-text-left row collapse\"><div class=\"gnf-destacado-icono__icono large-4 columns small-text-center medium-text-left \"><div class=\"icon-outer icon-style-default\" style=\"background-color:\"><span class=\"ico_luz\"><\/span><\/div><\/div><div class=\"gnf-destacado-icono__texto large-8 columns\"><h4><a href=\"http:\/\/www.fundacionnaturgy.org\/en\/education-and-dissemination\/archive-and-heritage\/the-collection\/gas-appliances\/\" title=\"\" target=\"_self\">Gas appliances<\/a><\/h4>Find out\u00a0the\u00a0collection of gas appliances from the Naturgy Foundation.<\/div><\/div>[\/vc_column_inner][\/vc_row_inner][vc_media_grid element_width=&#8221;3&#8243; gap=&#8221;10&#8243; grid_id=&#8221;vc_gid:1558339809402-c0ab0699-ef4a-6&#8243; include=&#8221;46129,46125,46127,46123,46121,46117,46111,46115&#8243;][\/vc_column][\/vc_row][vc_row][vc_column][vc_empty_space height=&#8221;18px&#8221;][vc_separator][vc_empty_space height=&#8221;18px&#8221;][vc_column_text]<strong><a href=\"https:\/\/www.fundacionnaturgy.org\/wp-content\/uploads\/2018\/06\/coleccion-arte-1.jpg\"><img loading=\"lazy\" class=\"size-medium wp-image-46133 alignleft\" src=\"https:\/\/www.fundacionnaturgy.org\/wp-content\/uploads\/2018\/06\/coleccion-arte-1-207x300.jpg\" alt=\"coleccion-arte\" width=\"350\" height=\"507\" srcset=\"https:\/\/www.fundacionnaturgy.org\/wp-content\/uploads\/2018\/06\/coleccion-arte-1-207x300.jpg 207w, https:\/\/www.fundacionnaturgy.org\/wp-content\/uploads\/2018\/06\/coleccion-arte-1-97x140.jpg 97w, https:\/\/www.fundacionnaturgy.org\/wp-content\/uploads\/2018\/06\/coleccion-arte-1.jpg 532w\" sizes=\"(max-width: 350px) 100vw, 350px\" \/><\/a>In the industrial sector,<\/strong> <strong>the Collection preserves a wide range of material from the old gas factories that produced gas from soft coal. From 1960, this energy was obtained through petroleum naphtha and this led to increased levels of production. <\/strong> En este \u00e1mbito destaca, por un lado, el material de laboratorio que permit\u00eda el an\u00e1lisis y la medici\u00f3n del poder calor\u00edfico del gas, donde se conservan b\u00fansenes, autoclaves, embudos de decantaci\u00f3n, probetas o balanzas de precisi\u00f3n, entre otros objetos; y, por otro lado, una variedad de herramientas como martillos, mordazas, yunques, berbiqu\u00eds, etc.<\/p>\n<p><strong>After Gas Natural merged with Uni\u00f3n Fenosa in 2010, a large number of objects related to power generation were added to the collection<\/strong>. The most notable of these include a selection of measuring devices such as voltmeters, ammeters, gauges and meters, as well as a range of different models of light bulb and other materials connected to the electricity sector.<\/p>\n<p>The company employed the best creative minds from each period to launch promotional campaigns that explained and published the advantages of the new energy and its uses. <strong>The Collection includes paintings and graphics that depict the industrial and business activity, as well as the convenience provided by the new energy<\/strong>. This section includes works by artists such as <strong>Lola Anglada<\/strong>, <strong>Joan Junceda<\/strong>, <strong>Cesc<\/strong> y <strong>J. Segrelles<\/strong> who created illustrations that showed how the introduction of gas was used for the company\u2019s advertising and educational campaigns; the edited images by filmmaker <strong>Ramon de Ba\u00f1os<\/strong>that provide photographic material of the former embellished and idealised gas factories; and campaigns created by designers such as <strong>Norberto Chaves e Yves Zimmermann<\/strong>, who graphically depicted the values of a growing energy market, with a focus on modernity and leadership.<\/p>\n<p>Finally, <strong>the Collection includes a small number of current objects that help understand the present and future of energy, transmitting the importance of energy efficiency and the development of technology to improve air quality and for the sustainability of the planet.<\/strong> It is also worth mentioning that this section includes a motorbike run on electric batteries, several wind turbine prototypes and electric turbines.<br \/>\n[\/vc_column_text][\/vc_column][\/vc_row]<\/p>\n","protected":false},"excerpt":{"rendered":"<p>[vc_row][vc_column][vc_empty_space][vc_row_inner][vc_column_inner width=&#8221;2\/3&#8243;][vc_single_image image=&#8221;46119&#8243; img_size=&#8221;full&#8221;][\/vc_column_inner][vc_column_inner width=&#8221;1\/3&#8243;][vc_column_text]Varied collection Witness to the industrial past and Spain\u2019s technological innovation in the energy sector.[\/vc_column_text][vc_column_text]Original objects They tell a story about the transformation experienced during the<span class=\"more-link\"><a href=\"https:\/\/www.fundacionnaturgy.org\/en\/education-and-dissemination\/archive-and-heritage\/the-collection\/\">Leer m\u00e1s<\/a><\/span><\/p>\n","protected":false},"author":1454,"featured_media":0,"parent":58704,"menu_order":0,"comment_status":"closed","ping_status":"closed","template":"templates\/full-width.php","meta":{"inline_featured_image":false},"categories":[],"acf":[],"_links":{"self":[{"href":"https:\/\/www.fundacionnaturgy.org\/en\/wp-json\/wp\/v2\/pages\/58726"}],"collection":[{"href":"https:\/\/www.fundacionnaturgy.org\/en\/wp-json\/wp\/v2\/pages"}],"about":[{"href":"https:\/\/www.fundacionnaturgy.org\/en\/wp-json\/wp\/v2\/types\/page"}],"author":[{"embeddable":true,"href":"https:\/\/www.fundacionnaturgy.org\/en\/wp-json\/wp\/v2\/users\/1454"}],"replies":[{"embeddable":true,"href":"https:\/\/www.fundacionnaturgy.org\/en\/wp-json\/wp\/v2\/comments?post=58726"}],"version-history":[{"count":0,"href":"https:\/\/www.fundacionnaturgy.org\/en\/wp-json\/wp\/v2\/pages\/58726\/revisions"}],"up":[{"embeddable":true,"href":"https:\/\/www.fundacionnaturgy.org\/en\/wp-json\/wp\/v2\/pages\/58704"}],"wp:attachment":[{"href":"https:\/\/www.fundacionnaturgy.org\/en\/wp-json\/wp\/v2\/media?parent=58726"}],"wp:term":[{"taxonomy":"category","embeddable":true,"href":"https:\/\/www.fundacionnaturgy.org\/en\/wp-json\/wp\/v2\/categories?post=58726"}],"curies":[{"name":"wp","href":"https:\/\/api.w.org\/{rel}","templated":true}]}}