{"id":58831,"date":"2018-11-12T17:37:50","date_gmt":"2018-11-12T16:37:50","guid":{"rendered":"https:\/\/www.fundacionnaturgy.org\/education-and-dissemination\/archive-and-heritage\/table-lamp\/"},"modified":"2019-03-21T16:10:07","modified_gmt":"2019-03-21T15:10:07","slug":"table-lamp","status":"publish","type":"page","link":"https:\/\/www.fundacionnaturgy.org\/en\/education-and-dissemination\/archive-and-heritage\/table-lamp\/","title":{"rendered":"Table lamp"},"content":{"rendered":"<p>[vc_row][vc_column width=&#8221;1\/2&#8243;][vc_single_image image=&#8221;50548&#8243; img_size=&#8221;full&#8221;][\/vc_column][vc_column width=&#8221;1\/2&#8243;]<div class=\"gnf-texto-destacado\" style=\"background-color:#edf0f1;border-color:#004165;\"><h4 style=\"color:#004165\"><\/h4>Colored glass and\u00a0brass<br \/>\nMuseo del Gas de la Fundaci\u00f3n Gas Natural Fenosa<br \/>\n54 cm tall<br \/>\nFinals of s.XIX<br \/>\nLD.58 &#8211; MG 1171<\/div>[\/vc_column][\/vc_row][vc_row][vc_column][vc_column_text]This is undoubtedly an item with two functions. It is a <strong>gas table lamp<\/strong>, that, as well as providing light, is an exceptional artistic piece that decorates any setting. This item shows that lamps were <strong>were functional objects that really became ornamental design objects<\/strong>. The item has a unique design and was part of the &#8220;<em>Publicidad para una historia. 170 a\u00f1os de compa\u00f1\u00eda<\/em>&#8221; Advertising for a history. 170 years of the company) temporary exhibition, which was open in San Luis in 2013.<\/p>\n<p>The inventor of the gas lighting system was Englishman <strong>William Murdock<\/strong>, who was known as the father of the gas industry and who designed the first gas lamp in 1792.<\/p>\n<p>The lamp has three parts: the upper part is a bulb shape made of cerulean blue glass; a mechanism that lit the flame; and a golden brass base decorated with a sculpture of a little boy holding up the upper part.<\/p>\n<p>The lighting mechanism of the lamp has five parts:<\/p>\n<ol>\n<li>A copper or brass tube connecting to the gas<\/li>\n<li>A small opening at the base of the bulb to allow air in, which enhances the combustion.<\/li>\n<li>A control valve for gases (gas and oxygen), which supplies gas and controls the intensity of the flame.<\/li>\n<li>The burner<\/li>\n<li>The support rod with a mantle impregnated with thorium and cerium oxide, also called an Auer mantle.<\/li>\n<\/ol>\n<p><strong>The Auer mantle<\/strong> is an essential element for the lamp to work. It was invented by Carl Auer von Welsbach (1885) and made lights more efficient. The mantel impregnated with thorium and cerium oxide was positioned close to the flame meaning the combustion of these products produced incandescence and increased the light intensity of the flame. The Auer mantle became popular in gas lights in the late 19th and early 20th centuries.<\/p>\n<figure id=\"attachment_4342\" aria-describedby=\"caption-attachment-4342\" style=\"width: 560px\" class=\"wp-caption aligncenter\"><img loading=\"lazy\" class=\"size-full wp-image-4342\" src=\"https:\/\/www.fundacionnaturgy.org\/museo\/wp-content\/uploads\/sites\/2\/2016\/05\/camiseta-auer.jpg\" alt=\"Im\u00e1genes de diferentes Camisetas auer. \" width=\"560\" height=\"197\" \/><figcaption id=\"caption-attachment-4342\" class=\"wp-caption-text\">Im\u00e1genes de diferentes Camisetas auer.<\/figcaption><\/figure>\n<p>This type of lamp functioned simply. Through a tube at the bottom of the lamp, the gas reached the control valve, which allowed the gas to pass through to the mantel. The burner kept releasing gas and a match would light the upper part of the mantle to produce a flame and initiate the combustion. The mantle was initially red and then it would progressively turn white until it became incandescent.<\/p>\n<p>The <strong>production of light from gas<\/strong> marked a significant turning point in the history of society.<\/p>\n<p>One of the differences between the gas lamps and the old coal, oil and alcohol ones was that the new gas lamps needed a fixed connection point to the gas. This meant that furniture and organisation of homes changed, while this type of lamp developed and new types appeared for outside, on the wall and on the ceiling.<br \/>\n[\/vc_column_text][\/vc_column][\/vc_row]<\/p>\n","protected":false},"excerpt":{"rendered":"<p>[vc_row][vc_column width=&#8221;1\/2&#8243;][vc_single_image image=&#8221;50548&#8243; img_size=&#8221;full&#8221;][\/vc_column][vc_column width=&#8221;1\/2&#8243;][\/vc_column][\/vc_row][vc_row][vc_column][vc_column_text]This is undoubtedly an item with two functions. It is a gas table lamp, that, as well as providing light, is an exceptional artistic piece that<span class=\"more-link\"><a href=\"https:\/\/www.fundacionnaturgy.org\/en\/education-and-dissemination\/archive-and-heritage\/table-lamp\/\">Leer m\u00e1s<\/a><\/span><\/p>\n","protected":false},"author":1454,"featured_media":0,"parent":58704,"menu_order":0,"comment_status":"closed","ping_status":"closed","template":"templates\/full-width.php","meta":{"inline_featured_image":false},"categories":[],"acf":[],"_links":{"self":[{"href":"https:\/\/www.fundacionnaturgy.org\/en\/wp-json\/wp\/v2\/pages\/58831"}],"collection":[{"href":"https:\/\/www.fundacionnaturgy.org\/en\/wp-json\/wp\/v2\/pages"}],"about":[{"href":"https:\/\/www.fundacionnaturgy.org\/en\/wp-json\/wp\/v2\/types\/page"}],"author":[{"embeddable":true,"href":"https:\/\/www.fundacionnaturgy.org\/en\/wp-json\/wp\/v2\/users\/1454"}],"replies":[{"embeddable":true,"href":"https:\/\/www.fundacionnaturgy.org\/en\/wp-json\/wp\/v2\/comments?post=58831"}],"version-history":[{"count":0,"href":"https:\/\/www.fundacionnaturgy.org\/en\/wp-json\/wp\/v2\/pages\/58831\/revisions"}],"up":[{"embeddable":true,"href":"https:\/\/www.fundacionnaturgy.org\/en\/wp-json\/wp\/v2\/pages\/58704"}],"wp:attachment":[{"href":"https:\/\/www.fundacionnaturgy.org\/en\/wp-json\/wp\/v2\/media?parent=58831"}],"wp:term":[{"taxonomy":"category","embeddable":true,"href":"https:\/\/www.fundacionnaturgy.org\/en\/wp-json\/wp\/v2\/categories?post=58831"}],"curies":[{"name":"wp","href":"https:\/\/api.w.org\/{rel}","templated":true}]}}