{"id":73357,"date":"2020-06-09T11:26:25","date_gmt":"2020-06-09T09:26:25","guid":{"rendered":"https:\/\/www.fundacionnaturgy.org\/education-and-dissemination\/vocational-training-for-employability\/course-for-vt-trainers-on-sustainable-construction-and-rehabilitation-the-future-of-construction\/"},"modified":"2020-07-29T11:51:03","modified_gmt":"2020-07-29T09:51:03","slug":"course-for-vt-trainers-on-sustainable-construction-and-rehabilitation-the-future-of-construction","status":"publish","type":"page","link":"https:\/\/www.fundacionnaturgy.org\/en\/education-and-dissemination\/vocational-training-for-employability\/course-for-vt-trainers-on-sustainable-construction-and-rehabilitation-the-future-of-construction\/","title":{"rendered":"Course for VT trainers on sustainable construction and rehabilitation. The future of construction"},"content":{"rendered":"<p>[vc_row][vc_column width=&#8221;1\/2&#8243;][vc_single_image image=&#8221;72172&#8243; img_size=&#8221;full&#8221;][\/vc_column][vc_column width=&#8221;1\/2&#8243;][vc_column_text]We offer this free-of-charge practical training course aimed at vocational training teachers in Spain, which will prepare you to teach students about the applications and most up-to-date criteria in terms of sustainability in construction and rehabilitation.<\/p>\n<p>This course is certified by the educational authorities and is given by professionals and specialised teachers from the Escola Sert del Collegi d\u2019Arquitectes de Catalunya (COAC).<\/p>\n<h4><\/h4>\n<p>[\/vc_column_text][\/vc_column][\/vc_row][vc_row][vc_column][vc_empty_space][vc_table vc_table_theme=&#8221;classic_orange&#8221;],Wednesday%20July%201,Thursday%2C%20July%202,Monday%2C%20July%206,Tuesday%2C%20July%207,Wednesday%2C%20July%208|9%20-%209%3A10h,OPENING,,,,|9%20-%2011h,SECURITY,ITE,CERTIFICATIONS,INSULATION,SERVICES|11%20-%2013h,SECURITY,BIM,INSULATION,ANCHORS,MANAGEMENT|15%20a%2017h,GLOBAL%20BUILDING,GLOBAL%20BUILDING,ODS%202030,ODS%202030,DEMAND%20AND%20EE[\/vc_table][\/vc_column][\/vc_row][vc_row][vc_column width=&#8221;1\/2&#8243;][vc_column_text]<\/p>\n<h3>Course aim<\/h3>\n<p>This course expands the knowledge of academic professional training by incorporating topics related to applied and practical sustainability. The classes deal with a variety of topics related to sustainability, explained from a practical point of view so that the concepts of energy efficiency, demand, SDG 2030, energy certifications or BIM are included in the syllabus of technical education courses related to building and construction.<\/p>\n<p>The aim of the course is to acquire basic and practical knowledge in 5 areas:<\/p>\n<ul>\n<li>The building as a whole with the added value of sustainability.<\/li>\n<li>Obligatory regulations related to construction (CTE &#8211; Spanish Technical Building Code) and buildings (ITE &#8211; Spanish Technical Building Inspection), SDG 2030 and health and safety on worksites.<\/li>\n<li>Software tools. BIM.<\/li>\n<li>Facilities of a building, as well as connected, domotic and management systems.<\/li>\n<li>Catalogue of construction solutions for facades, roofs, etc. that respect the environment, health and sustainability.<\/li>\n<\/ul>\n<p>[\/vc_column_text][\/vc_column][vc_column width=&#8221;1\/2&#8243;][vc_column_text]<\/p>\n<h3>Skills<\/h3>\n<ul>\n<li>Knowledge of a building Parts, operation to be able to take decisions regarding the work.<\/li>\n<li>Knowledge of the obligatory regulations related to construction (CTE &#8211; Spanish Technical Building Code) and buildings (ITE &#8211; Spanish Technical Building Inspection), SDG 2030 and health and safety on worksites.<\/li>\n<li>Knowledge and use of software tools. BIM.<\/li>\n<li>Knowledge of the facilities in a building, as well as connected, domotic and management systems.<\/li>\n<li>Knowledge of a catalogue of construction solutions for facades, roofs, etc. that respect the environment, health and sustainability.<\/li>\n<\/ul>\n<p>[\/vc_column_text][\/vc_column][\/vc_row][vc_row][vc_column width=&#8221;1\/2&#8243;][vc_column_text]<\/p>\n<h3>Methodology<\/h3>\n<p>The sessions can be followed online.\u00a0The virtual classroom allows for live consultations via chat, and the sessions are recorded so participants can watch them afterwards.<\/p>\n<p>Online sessions follow a presentation format, where the trainer explains the contents of the session, interacting with the participants and answering questions. The sessions will alternate between more practical cases, where participants will present their thoughts on and solutions to previously raised problems, and the learning by doing methodology, where they learn by dealing with real problems.[\/vc_column_text][\/vc_column][vc_column width=&#8221;1\/2&#8243;][vc_column_text]<\/p>\n<h3>Recipients<\/h3>\n<p>The programme is preferably aimed at vocational training teachers of subjects related to the \u201cConstruction and Civil Work\u201d professional family that want to improve their knowledge of sustainable construction and rehabilitation.<\/p>\n<p>They will be given tips and teaching materials in order to be able to transmit what they have learnt to their students.<\/p>\n<p>[\/vc_column_text][\/vc_column][\/vc_row][vc_row][vc_column]<div class=\"gnf-destacado-icono small-text-center medium-text-left row collapse\"><div class=\"gnf-destacado-icono__icono large-4 columns small-text-center medium-text-left \"><div class=\"icon-outer icon-style-default\" style=\"background-color:\"><span class=\"ico_info\"><\/span><\/div><\/div><div class=\"gnf-destacado-icono__texto large-8 columns\"><h4><\/h4><\/p>\n<h4><strong>Practical information about the course<\/strong><\/h4>\n<p>Limited spaces.<\/p>\n<p>30 hours of online training<\/p>\n<p>Find out more by sending an email to <strong><a href=\"mailto:FP_fundacion@naturgy.com\">FP_fundacion@naturgy.com<\/a>.<\/strong><\/p>\n<p>*1, 2, 6, 7 and 8 July 2020.<\/p>\n<p>From 9\u00a0a.m. to 1\u00a0p.m. and 3\u00a0p.m. to 5\u00a0p.m.<\/div><\/div>[\/vc_column][\/vc_row][vc_row][vc_column][vc_empty_space height=&#8221;82px&#8221;]<script type=\"text\/javascript\">var gform;gform||(document.addEventListener(\"gform_main_scripts_loaded\",function(){gform.scriptsLoaded=!0}),window.addEventListener(\"DOMContentLoaded\",function(){gform.domLoaded=!0}),gform={domLoaded:!1,scriptsLoaded:!1,initializeOnLoaded:function(o){gform.domLoaded&&gform.scriptsLoaded?o():!gform.domLoaded&&gform.scriptsLoaded?window.addEventListener(\"DOMContentLoaded\",o):document.addEventListener(\"gform_main_scripts_loaded\",o)},hooks:{action:{},filter:{}},addAction:function(o,n,r,t){gform.addHook(\"action\",o,n,r,t)},addFilter:function(o,n,r,t){gform.addHook(\"filter\",o,n,r,t)},doAction:function(o){gform.doHook(\"action\",o,arguments)},applyFilters:function(o){return gform.doHook(\"filter\",o,arguments)},removeAction:function(o,n){gform.removeHook(\"action\",o,n)},removeFilter:function(o,n,r){gform.removeHook(\"filter\",o,n,r)},addHook:function(o,n,r,t,i){null==gform.hooks[o][n]&&(gform.hooks[o][n]=[]);var e=gform.hooks[o][n];null==i&&(i=n+\"_\"+e.length),gform.hooks[o][n].push({tag:i,callable:r,priority:t=null==t?10:t})},doHook:function(n,o,r){var t;if(r=Array.prototype.slice.call(r,1),null!=gform.hooks[n][o]&&((o=gform.hooks[n][o]).sort(function(o,n){return o.priority-n.priority}),o.forEach(function(o){\"function\"!=typeof(t=o.callable)&&(t=window[t]),\"action\"==n?t.apply(null,r):r[0]=t.apply(null,r)})),\"filter\"==n)return r[0]},removeHook:function(o,n,t,i){var r;null!=gform.hooks[o][n]&&(r=(r=gform.hooks[o][n]).filter(function(o,n,r){return!!(null!=i&&i!=o.tag||null!=t&&t!=o.priority)}),gform.hooks[o][n]=r)}});<\/script>\n                <div class='gf_browser_gecko gform_wrapper gform_legacy_markup_wrapper' id='gform_wrapper_36' >\n                        <div class='gform_heading'>\n                            <h3 class=\"gform_title\">Inscripci\u00f3n al Programa de Edificaci\u00f3n y rehabilitaci\u00f3n sostenible de Fundaci\u00f3n Naturgy<\/h3>\n                        <\/div><form method='post' enctype='multipart\/form-data'  id='gform_36'  action='\/en\/wp-json\/wp\/v2\/pages\/73357' novalidate> \r\n <input type='hidden' class='gforms-pum' value='{\"closepopup\":false,\"closedelay\":0,\"openpopup\":false,\"openpopup_id\":0}' \/>\n                        <div class='gform_body gform-body'><ul id='gform_fields_36' class='gform_fields top_label form_sublabel_below description_below'><li id=\"field_36_2\" class=\"gfield gsection field_sublabel_below field_description_below gfield_visibility_visible\" ><h2 class=\"gsection_title\">Datos del participante<\/h2><\/li><li id=\"field_36_1\" class=\"gfield gfield_contains_required field_sublabel_below field_description_below gfield_visibility_visible\" ><label class='gfield_label' for='input_36_1' >Nombre y apellidos:<span class=\"gfield_required\"><span class=\"gfield_required gfield_required_asterisk\">*<\/span><\/span><\/label><div class='ginput_container ginput_container_text'><input name='input_1' id='input_36_1' type='text' value='' class='medium'     aria-required=\"true\" aria-invalid=\"false\"   \/> <\/div><\/li><li id=\"field_36_3\" class=\"gfield gfield_contains_required field_sublabel_below field_description_below gfield_visibility_visible\" ><label class='gfield_label' for='input_36_3' >DNI:<span class=\"gfield_required\"><span class=\"gfield_required gfield_required_asterisk\">*<\/span><\/span><\/label><div class='ginput_container ginput_container_text'><input name='input_3' id='input_36_3' type='text' value='' class='medium'     aria-required=\"true\" aria-invalid=\"false\"   \/> <\/div><\/li><li id=\"field_36_4\" class=\"gfield gfield_contains_required field_sublabel_below field_description_below gfield_visibility_visible\" ><label class='gfield_label' for='input_36_4' >Correo eletr\u00f3nico de contacto profesional:<span class=\"gfield_required\"><span class=\"gfield_required gfield_required_asterisk\">*<\/span><\/span><\/label><div class='ginput_container ginput_container_text'><input name='input_4' id='input_36_4' type='text' value='' class='medium'     aria-required=\"true\" aria-invalid=\"false\"   \/> <\/div><\/li><li id=\"field_36_5\" class=\"gfield gfield_contains_required field_sublabel_below field_description_below gfield_visibility_visible\" ><label class='gfield_label' for='input_36_5' >Direcci\u00f3n:<span class=\"gfield_required\"><span class=\"gfield_required gfield_required_asterisk\">*<\/span><\/span><\/label><div class='ginput_container ginput_container_text'><input name='input_5' id='input_36_5' type='text' value='' class='medium'     aria-required=\"true\" aria-invalid=\"false\"   \/> <\/div><\/li><li id=\"field_36_6\" class=\"gfield gfield_contains_required field_sublabel_below field_description_below gfield_visibility_visible\" ><label class='gfield_label' for='input_36_6' >Poblaci\u00f3n<span class=\"gfield_required\"><span class=\"gfield_required gfield_required_asterisk\">*<\/span><\/span><\/label><div class='ginput_container ginput_container_text'><input name='input_6' id='input_36_6' type='text' value='' class='medium'     aria-required=\"true\" aria-invalid=\"false\"   \/> <\/div><\/li><li id=\"field_36_15\" class=\"gfield gfield_contains_required field_sublabel_below field_description_below gfield_visibility_visible\" ><label class='gfield_label' for='input_36_15' >Tel\u00e9fono<span class=\"gfield_required\"><span class=\"gfield_required gfield_required_asterisk\">*<\/span><\/span><\/label><div class='ginput_container ginput_container_text'><input name='input_15' id='input_36_15' type='text' value='' class='medium'     aria-required=\"true\" aria-invalid=\"false\"   \/> <\/div><\/li><li id=\"field_36_12\" class=\"gfield field_sublabel_below field_description_below gfield_visibility_visible\" ><label class='gfield_label' for='input_36_12' >Observaciones:<\/label><div class='ginput_container ginput_container_textarea'><textarea name='input_12' id='input_36_12' class='textarea medium'      aria-invalid=\"false\"   rows='10' cols='50'><\/textarea><\/div><\/li><li id=\"field_36_7\" class=\"gfield gsection field_sublabel_below field_description_below gfield_visibility_visible\" ><h2 class=\"gsection_title\">Informaci\u00f3n sobre el tratamiento de sus datos personales<\/h2><\/li><li id=\"field_36_13\" class=\"gfield gfield_contains_required field_sublabel_below field_description_below gfield_visibility_visible\" ><label class='gfield_label screen-reader-text gfield_label_before_complex'  >De conformidad con el Reglamento (UE) 2016\/679 (RGPD), la Ley Org\u00e1nica 3\/2018, de 5 de diciembre, de Protecci\u00f3n de Datos Personales y garant\u00eda de los derechos digitales, y dem\u00e1s normativa aplicable en materia de protecci\u00f3n de datos personales, le informamos de que sus datos facilitados en este formulario ser\u00e1n tratados por la Fundaci\u00f3n Naturgy con la finalidad de gestionar la organizaci\u00f3n y su participaci\u00f3n en el evento online Curso para Formadores de FP, as\u00ed como para mantener una relaci\u00f3n profesional con usted o con la persona jur\u00eddica en la que usted presta sus servicios. Usted tiene derecho a acceder, rectificar y suprimir sus datos, limitar y oponerse al tratamiento, a la portabilidad de sus datos de car\u00e1cter personal y a no ser objeto de decisiones basadas \u00fanicamente en el tratamiento automatizado de sus datos, cuando proceda, como se explica en nuestra Pol\u00edtica de Privacidad. Puede consultar informaci\u00f3n detallada sobre protecci\u00f3n de datos en nuestra Pol\u00edtica de Privacidad.<span class=\"gfield_required\"><span class=\"gfield_required gfield_required_asterisk\">*<\/span><\/span><\/label><div class='ginput_container ginput_container_checkbox'><ul class='gfield_checkbox' id='input_36_13'><li class='gchoice gchoice_36_13_1'>\n\t\t\t\t\t\t\t\t<input class='gfield-choice-input' name='input_13.1' type='checkbox'  value='Autorizo el tratamiento de mis datos con los fines indicados a continuaci\u00f3n:'  id='choice_36_13_1'   aria-describedby=\"gfield_description_36_13\"\/>\n\t\t\t\t\t\t\t\t<label for='choice_36_13_1' id='label_36_13_1'>Autorizo el tratamiento de mis datos con los fines indicados a continuaci\u00f3n:<\/label>\n\t\t\t\t\t\t\t<\/li><\/ul><\/div><div class='gfield_description' id='gfield_description_36_13'>De conformidad con el Reglamento (UE) 2016\/679 (RGPD), la Ley Org\u00e1nica 3\/2018, de 5 de diciembre, de Protecci\u00f3n de Datos Personales y garant\u00eda de los derechos digitales, y dem\u00e1s normativa aplicable en materia de protecci\u00f3n de datos personales, le informamos de que sus datos facilitados en este formulario ser\u00e1n tratados por la Fundaci\u00f3n Naturgy con la finalidad de gestionar la organizaci\u00f3n y su participaci\u00f3n en el evento online Curso para Formadores de FP, as\u00ed como para mantener una relaci\u00f3n profesional con usted o con la persona jur\u00eddica en la que usted presta sus servicios. <br><br>Usted tiene derecho a acceder, rectificar y suprimir sus datos, limitar y oponerse al tratamiento, a la portabilidad de sus datos de car\u00e1cter personal y a no ser objeto de decisiones basadas \u00fanicamente en el tratamiento automatizado de sus datos, cuando proceda, como se explica en nuestra Pol\u00edtica de Privacidad. <br><br>Puede consultar informaci\u00f3n detallada sobre protecci\u00f3n de datos en nuestra <a href=\"https:\/\/www.fundacionnaturgy.org\/informacion-detallada-sobre-proteccion-de-datos-personales-actos-online\/\">Pol\u00edtica de Privacidad<\/a>.<\/div><\/li><\/ul><\/div>\n        <div class='gform_footer top_label'> <input type='submit' id='gform_submit_button_36' class=\"gform_button button small radius\" value='Enviar'  onclick='if(window[\"gf_submitting_36\"]){return false;}  if( !jQuery(\"#gform_36\")[0].checkValidity || jQuery(\"#gform_36\")[0].checkValidity()){window[\"gf_submitting_36\"]=true;}  ' onkeypress='if( event.keyCode == 13 ){ if(window[\"gf_submitting_36\"]){return false;} if( !jQuery(\"#gform_36\")[0].checkValidity || jQuery(\"#gform_36\")[0].checkValidity()){window[\"gf_submitting_36\"]=true;}  jQuery(\"#gform_36\").trigger(\"submit\",[true]); }' \/> \n            <input type='hidden' class='gform_hidden' name='is_submit_36' value='1' \/>\n            <input type='hidden' class='gform_hidden' name='gform_submit' value='36' \/>\n            \n            <input type='hidden' class='gform_hidden' name='gform_unique_id' value='' \/>\n            <input type='hidden' class='gform_hidden' name='state_36' value='WyJbXSIsIjA1MjUyZDM0MWJiMTM3MDEwMmM2MTQwZmUyYWNiMjZlIl0=' \/>\n            <input type='hidden' class='gform_hidden' name='gform_target_page_number_36' id='gform_target_page_number_36' value='0' \/>\n            <input type='hidden' class='gform_hidden' name='gform_source_page_number_36' id='gform_source_page_number_36' value='1' \/>\n            <input type='hidden' name='gform_field_values' value='' \/>\n            \n        <\/div>\n                        <\/form>\n                        <\/div>[\/vc_column][\/vc_row]<\/p>\n","protected":false},"excerpt":{"rendered":"<p>[vc_row][vc_column width=&#8221;1\/2&#8243;][vc_single_image image=&#8221;72172&#8243; img_size=&#8221;full&#8221;][\/vc_column][vc_column width=&#8221;1\/2&#8243;][vc_column_text]We offer this free-of-charge practical training course aimed at vocational training teachers in Spain, which will prepare you to teach students about the applications and most<span class=\"more-link\"><a href=\"https:\/\/www.fundacionnaturgy.org\/en\/education-and-dissemination\/vocational-training-for-employability\/course-for-vt-trainers-on-sustainable-construction-and-rehabilitation-the-future-of-construction\/\">Leer m\u00e1s<\/a><\/span><\/p>\n","protected":false},"author":1454,"featured_media":0,"parent":73349,"menu_order":0,"comment_status":"closed","ping_status":"closed","template":"templates\/full-width.php","meta":{"inline_featured_image":false},"categories":[],"acf":[],"_links":{"self":[{"href":"https:\/\/www.fundacionnaturgy.org\/en\/wp-json\/wp\/v2\/pages\/73357"}],"collection":[{"href":"https:\/\/www.fundacionnaturgy.org\/en\/wp-json\/wp\/v2\/pages"}],"about":[{"href":"https:\/\/www.fundacionnaturgy.org\/en\/wp-json\/wp\/v2\/types\/page"}],"author":[{"embeddable":true,"href":"https:\/\/www.fundacionnaturgy.org\/en\/wp-json\/wp\/v2\/users\/1454"}],"replies":[{"embeddable":true,"href":"https:\/\/www.fundacionnaturgy.org\/en\/wp-json\/wp\/v2\/comments?post=73357"}],"version-history":[{"count":0,"href":"https:\/\/www.fundacionnaturgy.org\/en\/wp-json\/wp\/v2\/pages\/73357\/revisions"}],"up":[{"embeddable":true,"href":"https:\/\/www.fundacionnaturgy.org\/en\/wp-json\/wp\/v2\/pages\/73349"}],"wp:attachment":[{"href":"https:\/\/www.fundacionnaturgy.org\/en\/wp-json\/wp\/v2\/media?parent=73357"}],"wp:term":[{"taxonomy":"category","embeddable":true,"href":"https:\/\/www.fundacionnaturgy.org\/en\/wp-json\/wp\/v2\/categories?post=73357"}],"curies":[{"name":"wp","href":"https:\/\/api.w.org\/{rel}","templated":true}]}}