{"id":75820,"date":"2020-10-26T12:55:27","date_gmt":"2020-10-26T11:55:27","guid":{"rendered":"https:\/\/www.fundacionnaturgy.org\/education-and-dissemination\/archive-and-heritage\/la-dignidad-de-un-pollo-a-chickens-dignity\/"},"modified":"2020-10-28T12:06:54","modified_gmt":"2020-10-28T11:06:54","slug":"la-dignidad-de-un-pollo-a-chickens-dignity","status":"publish","type":"page","link":"https:\/\/www.fundacionnaturgy.org\/en\/education-and-dissemination\/archive-and-heritage\/la-dignidad-de-un-pollo-a-chickens-dignity\/","title":{"rendered":"La dignidad de un pollo (A chicken\u2019s dignity)"},"content":{"rendered":"<p>[vc_row][vc_column width=&#8221;1\/2&#8243;][vc_video link=&#8221;https:\/\/youtu.be\/5QP_nd1LuxY&#8221;][\/vc_column][vc_column width=&#8221;1\/2&#8243;]By the film studio <strong>Em\u00e9rita Films <\/strong>for <strong>Catalana<\/strong><strong> de Gas y Electricidad<\/strong>, 1929 (currently Naturgy).<\/p>\n<p>Nitrate-base film original.<\/p>\n<p>\u00a9 Naturgy Foundation, 2020.[\/vc_column][\/vc_row][vc_row][vc_column][vc_column_text]La dignidad de un pollo (A chicken\u2019s dignity) is the title of this advert, which was broadcast for the first time in 1929 and was created by the film studio Em\u00e9rita Films for Catalana de Gas y Electricidad (currently Naturgy). This studio had already been commissioned to produce the film La fabricaci\u00f3n del gas de hulla (Synthesis gas production) at a time when cinema was seen as a great tool for dissemination and propaganda. These types of documentaries and adverts were used to publicise the image of an industry that had been hailed as an undeniable example of progress and modernity.<\/p>\n<p>The black and white advert tells the story of a chicken that is going to be cooked in a charcoal oven, and decides that it does not want to die in these circumstances. In fact, it would rather be roasted in a gas oven. So, it escapes to the neighbours\u2019 house, where they have a modern gas-powered kitchen.<\/p>\n<p>The animated illustrations are interspersed with captions that, with a rather sarcastic tone, transmit messages of modernity, comfort, and cleanliness, key aspects in the introduction of gas-powered household appliances. This time saw a great revolution in terms of these new inventions that would make many aspects of life in the home much easier, from gas heaters, lamps and hair curlers, etc.<\/p>\n<p>The images of the advert were inspired by some illustration created by Joan Garc\u00eda Junceda in 1927 for the leaflet of the \u201cHotel Industry Exhibition\u201d, which was held in the same year to show the applications of gas energy in the domestic context. These types of illustrations and comments, which are considered inappropriate nowadays, should be understood in a historical and social context that is, luckily, very different to our current situation.[\/vc_column_text][\/vc_column][\/vc_row][vc_row][vc_column][vc_column_text]<strong>Bibliography:<\/strong><\/p>\n<p>Arroyo, Mercedes: &lt;&lt;Gas en todos los pisos. El largo proceso hacia la generalizaci\u00f3n del consumo dom\u00e9stico del gas&gt;&gt; [online]. Scripta Nova. Revista electr\u00f3nica de geograf\u00eda y ciencias sociales, no. 146 (August 2003),<\/p>\n<p>[\/vc_column_text][\/vc_column][\/vc_row]<\/p>\n","protected":false},"excerpt":{"rendered":"<p>[vc_row][vc_column width=&#8221;1\/2&#8243;][vc_video link=&#8221;https:\/\/youtu.be\/5QP_nd1LuxY&#8221;][\/vc_column][vc_column width=&#8221;1\/2&#8243;]By the film studio Em\u00e9rita Films for Catalana de Gas y Electricidad, 1929 (currently Naturgy). Nitrate-base film original. \u00a9 Naturgy Foundation, 2020.[\/vc_column][\/vc_row][vc_row][vc_column][vc_column_text]La dignidad de un pollo (A<span class=\"more-link\"><a href=\"https:\/\/www.fundacionnaturgy.org\/en\/education-and-dissemination\/archive-and-heritage\/la-dignidad-de-un-pollo-a-chickens-dignity\/\">Leer m\u00e1s<\/a><\/span><\/p>\n","protected":false},"author":1454,"featured_media":0,"parent":58704,"menu_order":0,"comment_status":"closed","ping_status":"closed","template":"templates\/full-width.php","meta":{"inline_featured_image":false},"categories":[],"acf":[],"_links":{"self":[{"href":"https:\/\/www.fundacionnaturgy.org\/en\/wp-json\/wp\/v2\/pages\/75820"}],"collection":[{"href":"https:\/\/www.fundacionnaturgy.org\/en\/wp-json\/wp\/v2\/pages"}],"about":[{"href":"https:\/\/www.fundacionnaturgy.org\/en\/wp-json\/wp\/v2\/types\/page"}],"author":[{"embeddable":true,"href":"https:\/\/www.fundacionnaturgy.org\/en\/wp-json\/wp\/v2\/users\/1454"}],"replies":[{"embeddable":true,"href":"https:\/\/www.fundacionnaturgy.org\/en\/wp-json\/wp\/v2\/comments?post=75820"}],"version-history":[{"count":0,"href":"https:\/\/www.fundacionnaturgy.org\/en\/wp-json\/wp\/v2\/pages\/75820\/revisions"}],"up":[{"embeddable":true,"href":"https:\/\/www.fundacionnaturgy.org\/en\/wp-json\/wp\/v2\/pages\/58704"}],"wp:attachment":[{"href":"https:\/\/www.fundacionnaturgy.org\/en\/wp-json\/wp\/v2\/media?parent=75820"}],"wp:term":[{"taxonomy":"category","embeddable":true,"href":"https:\/\/www.fundacionnaturgy.org\/en\/wp-json\/wp\/v2\/categories?post=75820"}],"curies":[{"name":"wp","href":"https:\/\/api.w.org\/{rel}","templated":true}]}}