{"id":86335,"date":"2023-03-06T11:00:04","date_gmt":"2023-03-06T10:00:04","guid":{"rendered":"https:\/\/www.fundacionnaturgy.org\/education-and-dissemination\/vocational-training-for-employability\/collection-of-training-publications-vocational-education-and-training-in-energy\/"},"modified":"2025-03-24T12:52:20","modified_gmt":"2025-03-24T11:52:20","slug":"collection-of-training-publications-vocational-education-and-training-in-energy","status":"publish","type":"page","link":"https:\/\/www.fundacionnaturgy.org\/en\/education-and-dissemination\/vocational-training-for-employability\/collection-of-training-publications-vocational-education-and-training-in-energy\/","title":{"rendered":"Collection of training publications: Vocational Education and Training in Energy"},"content":{"rendered":"<p>[vc_row][vc_column][vc_column_text]<\/p>\n<h3><strong>Collection of theoretical and practical publications &#8220;Vocational Education and Training in Energy. Vocational training for employability\u201d<\/strong><\/h3>\n<p>[\/vc_column_text][vc_column_text]<\/p>\n<p class=\"x_MsoNormal\">We have developed the theoretical and practical collection &#8220;Vocational Education and Training in Energy&#8221; which complements our programme of training modules in the field of energy and ensures the <strong>improvement of employability in the sector and the retraining of current and future professionals<\/strong>. These are theoretical books with practical exercises, conceptualised and developed together with experts in each subject, aimed at teachers, vocational training students and those interested in improving their knowledge. Each publication incorporates solutions to the exercises.<\/p>\n<p>Vocational Education and Training in Energy. Vocational training for employability&#8221; aims to provide curricular support to vocational training, offering up-to-date technical content on innovation in the energy sector. Our proposal adheres to the <strong>Alliance for Vocational Education and Training<\/strong>, promoted by the Ministry of Education,\u00a0Vocational Training and Sports, and is aligned with the <strong>Just Transition Strategy of the Just Transition Institute<\/strong>. In addition, we have the recognition and collaboration of the Ministry of Education, Vocational Training and Sports and the State Public Employment Service (SEPE), the State Foundation for Employment Training (FUNDAE) and the National Institute of Qualifications (INCUAL).[\/vc_column_text][\/vc_column][\/vc_row][vc_row css=&#8221;.vc_custom_1647438612818{margin-right: -170px !important;}&#8221;][vc_column width=&#8221;1\/2&#8243;][vc_single_image image=&#8221;91842&#8243; img_size=&#8221;full&#8221;][vc_custom_heading text=&#8221;<strong>Renewable Gases: technologies, uses and benefits<\/strong>&#8221; font_container=&#8221;tag:h4|text_align:left&#8221; use_theme_fonts=&#8221;yes&#8221;][vc_column_text]<strong>March 2025 &#8211; Sara Milner Garc\u00eda, Luis Puchades Rufino, Amparo Antol\u00ed Garc\u00eda, B\u00e1rbara Sanchez Lang and Elisa Torner Cant\u00f3, with Naturgy Foundation<\/strong><\/p>\n<p>This publication aims to provide a solid and theoretical basis of knowledge on renewable gas and all its related aspects: main technical concepts around renewable gas, technologies for its production, benefits, applications and uses, economic environment and current regulatory frameworks. In order to reinforce this knowledge, different practical exercises are proposed in each block, accompanied by a solution sheet.[\/vc_column_text][vc_empty_space]<a class=\"gnf-boton oscuro left\" href=\"https:\/\/www.fundacionnaturgy.org\/publicacion\/revision-y-actualizacion-gas-renovable-el-futuro-de-la-energia-y-el-medio-ambiente\/\" title=\"\" target=\"_blank\">Download<\/a>[\/vc_column][vc_column width=&#8221;1\/2&#8243;][vc_single_image image=&#8221;85121&#8243; img_size=&#8221;full&#8221;][vc_custom_heading text=&#8221;<strong>Digitalisation of electricity networks. Training for a decarbonised future<\/strong>&#8221; font_container=&#8221;tag:h4|text_align:left&#8221; use_theme_fonts=&#8221;yes&#8221;][vc_column_text]<strong>December 2022 &#8211; UFD distribuci\u00f3n de electricidad, S.A., Naturgy Group and Minsait, with Fundaci\u00f3n Naturgy<\/strong><\/p>\n<p>The second volume of the collection allows us to broaden and deepen our knowledge of the current technical issues surrounding the digitisation of electrical networks. To that end, the theoretical content and practical exercises proposed aim to address the situation in the general communications architecture, substation systems, regulations, digitisation of TC, Smartmeter, distributed architectures and current trends in the transformation of technologies.[\/vc_column_text][vc_empty_space]<a class=\"gnf-boton oscuro left\" href=\"https:\/\/www.fundacionnaturgy.org\/publicacion\/digitalizacion-de-redes-electricas-formacion-para-un-futuro-descarbonizado\/\" title=\"\" target=\"_self\">Download<\/a>[\/vc_column][\/vc_row][vc_row][vc_column][vc_empty_space][vc_empty_space][\/vc_column][\/vc_row][vc_row css=&#8221;.vc_custom_1647438612818{margin-right: -170px !important;}&#8221;][vc_column width=&#8221;1\/2&#8243;][vc_single_image image=&#8221;91075&#8243; img_size=&#8221;full&#8221;][vc_custom_heading text=&#8221;<strong>Vol. 3.1 Professional module of Sustainability applied to the productive sector<\/strong>&#8221; font_container=&#8221;tag:h4|text_align:left&#8221; use_theme_fonts=&#8221;yes&#8221;][vc_column_text]<strong>November 2023 \u2022 Directorate of Sustainability, Naturgy and Fundaci\u00f3n Naturgy<br \/>\n<\/strong><\/p>\n<p>The publication Professional Sustainability Module applied to the productive system exposes the environmental, social and governance challenges facing our society, offering the keys to designing a Sustainability Plan and guaranteeing correct professional performance. The theoretical-practical book offers unpublished and updated content and includes the learning results of the Professional Sustainability Module, mandatory for all families with medium and higher levels of Professional Training in Spain, starting from the 2024-2025 school year.[\/vc_column_text][vc_empty_space]<a class=\"gnf-boton oscuro left\" href=\"https:\/\/www.fundacionnaturgy.org\/en\/producto\/professional-module-on-sustainability-applied-to-the-productive-sector\/\" title=\"\" target=\"_blank\">Download<\/a>[\/vc_column][vc_column width=&#8221;1\/2&#8243;][vc_single_image image=&#8221;91078&#8243; img_size=&#8221;full&#8221;][vc_custom_heading text=&#8221;<strong>Vol. 3.2 Professional module on Sustainability applied to the productive sector &#8211; Advanced content<\/strong>&#8221; font_container=&#8221;tag:h4|text_align:left&#8221; use_theme_fonts=&#8221;yes&#8221;][vc_column_text]<strong>November 2023 \u2022 Directorate of Sustainability, Naturgy and Fundaci\u00f3n Naturgy<br \/>\n<\/strong><\/p>\n<p>The second publication on sustainability, deepens the issues through a thorough and exhaustive analysis. It addresses the environmental, social and governance aspects related to sustainability, as well as the environmental and social challenges facing society. In addition, it delves into issues such as the circular economy, the development of sustainable products and services, the application of sustainability criteria in the professional field and the analysis of a sustainability plan.[\/vc_column_text][vc_empty_space]<a class=\"gnf-boton oscuro left\" href=\"https:\/\/www.fundacionnaturgy.org\/en\/producto\/professional-module-on-sustainability-applied-to-the-productive-sector\/\" title=\"\" target=\"_self\">Download<\/a>[\/vc_column][\/vc_row][vc_row][vc_column][vc_empty_space][vc_empty_space][\/vc_column][\/vc_row][vc_row css=&#8221;.vc_custom_1647438612818{margin-right: -170px !important;}&#8221;][vc_column width=&#8221;1\/2&#8243;][vc_single_image image=&#8221;90612&#8243; img_size=&#8221;full&#8221;][vc_custom_heading text=&#8221;<strong>Self-consumption solar photovoltaic systems. Design, installation and maintenance<\/strong>&#8221; font_container=&#8221;tag:h4|text_align:left&#8221; use_theme_fonts=&#8221;yes&#8221;][vc_column_text]<strong>October 2024 \u2022 Naturgy Foundation, Polytechnic University of Madrid (Dr Lorenzo Olivieri) and Naturgy Distributed Generation Department<br \/>\n<\/strong><\/p>\n<p>This publication deals comprehensively with the design, installation and maintenance of solar photovoltaic systems for energy self-consumption. With a practical and accessible approach, the aim of this publication is to provide the knowledge necessary to understand the basic principles of solar energy, current regulations and best practices for implementing sustainable energy solutions.[\/vc_column_text][vc_empty_space]<a class=\"gnf-boton oscuro left\" href=\"https:\/\/www.fundacionnaturgy.org\/en\/producto\/self-consumption-solar-photovoltaic-systems-design-installation-and-maintenance\/\" title=\"\" target=\"_blank\">Download<\/a>[\/vc_column][vc_column width=&#8221;1\/2&#8243;][\/vc_column][\/vc_row]<\/p>\n","protected":false},"excerpt":{"rendered":"<p>[vc_row][vc_column][vc_column_text] Collection of theoretical and practical publications &#8220;Vocational Education and Training in Energy. Vocational training for employability\u201d [\/vc_column_text][vc_column_text] We have developed the theoretical and practical collection &#8220;Vocational Education and Training<span class=\"more-link\"><a href=\"https:\/\/www.fundacionnaturgy.org\/en\/education-and-dissemination\/vocational-training-for-employability\/collection-of-training-publications-vocational-education-and-training-in-energy\/\">Leer m\u00e1s<\/a><\/span><\/p>\n","protected":false},"author":1454,"featured_media":0,"parent":73349,"menu_order":0,"comment_status":"closed","ping_status":"closed","template":"templates\/full-width.php","meta":{"inline_featured_image":false},"categories":[],"acf":[],"_links":{"self":[{"href":"https:\/\/www.fundacionnaturgy.org\/en\/wp-json\/wp\/v2\/pages\/86335"}],"collection":[{"href":"https:\/\/www.fundacionnaturgy.org\/en\/wp-json\/wp\/v2\/pages"}],"about":[{"href":"https:\/\/www.fundacionnaturgy.org\/en\/wp-json\/wp\/v2\/types\/page"}],"author":[{"embeddable":true,"href":"https:\/\/www.fundacionnaturgy.org\/en\/wp-json\/wp\/v2\/users\/1454"}],"replies":[{"embeddable":true,"href":"https:\/\/www.fundacionnaturgy.org\/en\/wp-json\/wp\/v2\/comments?post=86335"}],"version-history":[{"count":8,"href":"https:\/\/www.fundacionnaturgy.org\/en\/wp-json\/wp\/v2\/pages\/86335\/revisions"}],"predecessor-version":[{"id":92024,"href":"https:\/\/www.fundacionnaturgy.org\/en\/wp-json\/wp\/v2\/pages\/86335\/revisions\/92024"}],"up":[{"embeddable":true,"href":"https:\/\/www.fundacionnaturgy.org\/en\/wp-json\/wp\/v2\/pages\/73349"}],"wp:attachment":[{"href":"https:\/\/www.fundacionnaturgy.org\/en\/wp-json\/wp\/v2\/media?parent=86335"}],"wp:term":[{"taxonomy":"category","embeddable":true,"href":"https:\/\/www.fundacionnaturgy.org\/en\/wp-json\/wp\/v2\/categories?post=86335"}],"curies":[{"name":"wp","href":"https:\/\/api.w.org\/{rel}","templated":true}]}}