{"id":89358,"date":"2024-05-09T13:53:14","date_gmt":"2024-05-09T11:53:14","guid":{"rendered":"https:\/\/www.fundacionnaturgy.org\/prize-for-the-best-social-energy-initiative\/5th-edition-of-the-naturgy-foundation-award-for-the-best-social-initiative\/"},"modified":"2024-06-10T14:24:14","modified_gmt":"2024-06-10T12:24:14","slug":"5th-edition-of-the-naturgy-foundation-award-for-the-best-social-initiative","status":"publish","type":"page","link":"https:\/\/www.fundacionnaturgy.org\/en\/prize-for-the-best-social-energy-initiative\/5th-edition-of-the-naturgy-foundation-award-for-the-best-social-initiative\/","title":{"rendered":"5th edition of the Naturgy Foundation Award for the best social initiative"},"content":{"rendered":"<p>[vc_row][vc_column][vc_column_text]<\/p>\n<h2 style=\"text-align: left;\"><strong>Winners 5th edition<\/strong><\/h2>\n<p>[\/vc_column_text][\/vc_column][\/vc_row][vc_row][vc_column width=&#8221;1\/2&#8243;][vc_column_text]<\/p>\n<h2 style=\"text-align: left;\"><strong>First prize<\/strong><\/h2>\n<p>[\/vc_column_text][vc_column_text]<a href=\"https:\/\/clicktime.symantec.com\/15sLvU7Gv8Rqh2UJW9LmS?h=QxqVWvFho5tyUpbYqIrtfn3UUZ3HrysjLY7_J7Y2b_c=&amp;u=https:\/\/fundacionluzsolidaria.org\/\">Energ\u00eda Responsable Foundation (formerly Luz Solidaria Foundation<\/a>):\u00a0<a href=\"https:\/\/clicktime.symantec.com\/15sM68VqqMo2Wv89bG94g?h=1l_tIhnQ_xDEHrhqw-YyyecwFuaEl5gRumg_sjSxhoU=&amp;u=https:\/\/fundacionluzsolidaria.org\/beneficiarios-programa-social\/\"><strong>Programme to Combat Fuel Poverty<\/strong><\/a><\/p>\n<p>A nationwide initiative focused on guaranteeing vulnerable families have access to energy. It includes the following actions: personalised advice in the field of energy; management and processing of the electricity and thermal subsidised rate; halting power cuts for the most vulnerable families; negotiation of payment plans for outstanding bills and full payment of outstanding bills in the most serious cases.[\/vc_column_text]<a class=\"gnf-boton oscuro left\" href=\"https:\/\/energia-responsable.org\/\" title=\"\" target=\"_blank\">More information<\/a>[vc_empty_space][vc_empty_space][vc_video link=&#8221;https:\/\/youtu.be\/xXmqzh5uiLw&#8221;][vc_video link=&#8221;https:\/\/youtu.be\/1CIw0pFzss0&#8243;][\/vc_column][vc_column width=&#8221;1\/2&#8243;][vc_column_text]<\/p>\n<h2 style=\"text-align: left;\"><strong>Runners-up prize<\/strong><\/h2>\n<p>[\/vc_column_text][vc_column_text]<a href=\"https:\/\/clicktime.symantec.com\/15t5ZumoDXztSxcsHcJJY?h=yznFAUdktqp0fRDCGPo8-RxjjhQN-m80RRA3H7a5IsM=&amp;u=https:\/\/www.caritasmadrid.org\">C\u00e1ritas Diocesana de Madrid<\/a>:\u00a0<strong>Integral Ecology in the social action of C\u00e1ritas Diocesana de Madrid<\/strong><\/p>\n<p>The project encompasses actions aimed at reducing the environmental impact of the organisation\u2019s work with people in situations of exclusion: improving the energy efficiency of 152 homes; installation of 2 thermal solar energy plants and 4 photovoltaic energy plants in social housing; reuse of clothes through insertion companies: Moda-RE; reduction of energy consumption; reuse of digital devices; reuse of food: Menu-Re; and awareness-raising for personal change.[\/vc_column_text]<a class=\"gnf-boton oscuro left\" href=\"https:\/\/www.caritasmadrid.org\/\" title=\"\" target=\"_blank\">More information<\/a>[vc_empty_space][vc_empty_space][vc_video link=&#8221;https:\/\/youtu.be\/BtbHnP9iXEQ&#8221;][vc_video link=&#8221;https:\/\/youtu.be\/qwuqc037-Z0&#8243;][\/vc_column][\/vc_row][vc_row][vc_column width=&#8221;1\/2&#8243;][vc_column_text]<\/p>\n<h2 style=\"text-align: left;\"><strong>Watch the video of the gala<\/strong><\/h2>\n<p>[\/vc_column_text][vc_video link=&#8221;https:\/\/youtu.be\/w31pQYD2lf0&#8243;][\/vc_column][vc_column width=&#8221;1\/2&#8243;][vc_column_text]<\/p>\n<h2 style=\"text-align: left;\"><strong>Video of the gala in brief<\/strong><\/h2>\n<p>[\/vc_column_text][vc_video link=&#8221;https:\/\/youtu.be\/GPpTTUWfUPM&#8221;][\/vc_column][\/vc_row][vc_row][vc_column][vc_column_text]<\/p>\n<h2 style=\"text-align: left;\"><strong>The gala in images<\/strong><\/h2>\n<p>[\/vc_column_text][vc_images_carousel images=&#8221;89661,89664,89667,89670&#8243; img_size=&#8221;full&#8221; speed=&#8221;3000&#8243; autoplay=&#8221;yes&#8221; wrap=&#8221;yes&#8221;][\/vc_column][\/vc_row][vc_row][vc_column][vc_empty_space][\/vc_column][\/vc_row][vc_row][vc_column][vc_column_text]<\/p>\n<h2 style=\"text-align: left;\"><strong>See the finalists and participants<\/strong><\/h2>\n<p>[\/vc_column_text][\/vc_column][\/vc_row][vc_row][vc_column][vc_tta_tabs][vc_tta_section title=&#8221;Finalist candidates&#8221; tab_id=&#8221;1626695018390-015280b3-cdd7&#8243;][vc_row_inner][vc_column_inner width=&#8221;1\/4&#8243;][vc_single_image image=&#8221;86033&#8243; img_size=&#8221;full&#8221;][vc_column_text]<a href=\"https:\/\/clicktime.symantec.com\/15siuqXDcrqcnEhHsK4EX?h=5Pwmy7i_DK93dOmacV5BiIGD14YD-PMrVsQwKucIa80=&amp;u=www.alidaingenieria.com\">ALIDA Ingenier\u00eda del Medio SL<\/a>: <a href=\"https:\/\/clicktime.symantec.com\/15siFBxwwwNsUg5uWqs3Z?h=hueZ2TxfTwTP62ESwEPu6fWx_CQCN6EEkEb31PcdtzU=&amp;u=https:\/\/www.alidaingenieria.com\/educacion-ambiental\/\"><strong>Learn by playing and teach by playing!<\/strong><\/a><a href=\"https:\/\/clicktime.symantec.com\/15siFBxwwwNsUg5uWqs3Z?h=hueZ2TxfTwTP62ESwEPu6fWx_CQCN6EEkEb31PcdtzU=&amp;u=https:\/\/www.alidaingenieria.com\/educacion-ambiental\/\"><strong> Energy and its relationship with the environment<\/strong><\/a><\/p>\n<p>The initiative aims to raise awareness among secondary school pupils and older people about energy and its relationship with the environment through the &#8220;from Renewable to Renewable\u201d Educational Game, in which young people play with their teachers in the classroom. They then take the &#8220;travelling game home&#8221; and play with families, neighbours and friends, Senior Citizens Clubs and Religious Congregations. It is aimed at villages in rural Spain, making them more dynamic by different generations playing a &#8220;board game of energy and the environment&#8221;.[\/vc_column_text][\/vc_column_inner][vc_column_inner width=&#8221;1\/4&#8243;][vc_single_image image=&#8221;86012&#8243; img_size=&#8221;full&#8221;][vc_column_text]<a href=\"https:\/\/clicktime.symantec.com\/15t5ZumoDXztSxcsHcJJY?h=yznFAUdktqp0fRDCGPo8-RxjjhQN-m80RRA3H7a5IsM=&amp;u=https:\/\/www.caritasmadrid.org\">C\u00e1ritas Diocesana de Madrid<\/a>: <strong>Integral Ecology in the social action of C\u00e1ritas Diocesana de Madrid<\/strong><\/p>\n<p>The project encompasses actions aimed at reducing the environmental impact of the organisation&#8217;s work with people in situations of exclusion: improving the energy efficiency of 152 homes; installation of 2 thermal solar energy plants and 4 photovoltaic energy plants in social housing; reuse of clothes through insertion companies: Moda-RE; reduction of energy consumption; reuse of digital devices; reuse of food: Menu-Re; and awareness-raising for personal change.[\/vc_column_text][\/vc_column_inner][vc_column_inner width=&#8221;1\/4&#8243;][vc_single_image image=&#8221;72899&#8243; img_size=&#8221;full&#8221;][vc_column_text]<a href=\"https:\/\/clicktime.symantec.com\/15sLvUAX8S9mLjMjiouRj?h=gbNP8Ab12M7z0a15dwxHEAKXiQBkPzZcYMKL4pbmZAc=&amp;u=https:\/\/www.cear.es\/\">Spanish Commission for Refugees &#8211; CEAR<\/a>: <a href=\"https:\/\/clicktime.symantec.com\/15sM1JMob3qMkgBfGNJaM?h=d9d44RakAeQINsJswD1YoHHyHIwA5xugnMn0u3LOcv4=&amp;u=https:\/\/www.cear.es\/proyecto-empleo-verde-madrid\/\"><strong>Development of training and labour integration itineraries in green jobs for refugees<\/strong><\/a><\/p>\n<p>The initiative aims to find job placements for unemployed refugees and migrants by designing and guiding them on a personalised itinerary of improvement and insertion based on a diagnosis of employability, career guidance, training in cross-cutting competences and professionalisation in the solar panel installation sector, together with awareness-raising and intermediation with sector businesses to facilitate insertion.[\/vc_column_text][\/vc_column_inner][vc_column_inner width=&#8221;1\/4&#8243;][vc_single_image image=&#8221;89331&#8243; img_size=&#8221;full&#8221;][vc_column_text]<a href=\"https:\/\/clicktime.symantec.com\/15sM68WWqr1GJevULqybf?h=h2Wp46Ut-j5y-ibuJ2xWrRwu5CjJhKZqftG2FYs5754=&amp;u=https:\/\/www.fundacionkonecta.org\/\">KONECTA Foundation<\/a>: <a href=\"https:\/\/clicktime.symantec.com\/15sM1JKEPEKfti6YoHaT3?h=nVc3oE9OU58nsAppnhSsRRsi5kEyLmur-bKK6cKHDg4=&amp;u=https:\/\/hubempleoverde.es\/\"><strong>Green Jobs Hub for vulnerable people<\/strong><\/a><\/p>\n<p>The main objective is to identify employment opportunities in the green economy, especially positions aimed at vulnerable young people in the Autonomous Region of Madrid, and to improve their employability by offering training and qualifications at companies and by empowering those who wish to start their own business. They also promote research and the generation of knowledge on the subject with the Sustainable Challenges they pose to different project collaborators.[\/vc_column_text][\/vc_column_inner][\/vc_row_inner][vc_row_inner][vc_column_inner width=&#8221;1\/4&#8243;][vc_single_image image=&#8221;86021&#8243; img_size=&#8221;full&#8221;][vc_column_text]<a href=\"https:\/\/clicktime.symantec.com\/15sLvU7Gv8Rqh2UJW9LmS?h=QxqVWvFho5tyUpbYqIrtfn3UUZ3HrysjLY7_J7Y2b_c=&amp;u=https:\/\/fundacionluzsolidaria.org\/\">Luz Solidaria Foundation<\/a>: <a href=\"https:\/\/clicktime.symantec.com\/15sM68VqqMo2Wv89bG94g?h=1l_tIhnQ_xDEHrhqw-YyyecwFuaEl5gRumg_sjSxhoU=&amp;u=https:\/\/fundacionluzsolidaria.org\/beneficiarios-programa-social\/\"><strong>Programme to Combat Fuel Poverty<\/strong><\/a><\/p>\n<p>A nationwide initiative focused on guaranteeing vulnerable families have access to energy. It includes the following actions: personalised advice in the field of energy; management and processing of the electricity and thermal subsidised rate; halting power cuts for the most vulnerable families; negotiation of payment plans for outstanding bills and full payment of outstanding bills in the most serious cases.[\/vc_column_text][\/vc_column_inner][vc_column_inner width=&#8221;1\/4&#8243;][vc_single_image image=&#8221;86018&#8243; img_size=&#8221;full&#8221;][vc_column_text]<a href=\"https:\/\/clicktime.symantec.com\/15sLvU3ceoMYY4bfi26xP?h=kJy-kHMP0hWmUvle5ZXnAyMiFQs4HQuyoyNGA9wPbog=&amp;u=https:\/\/fundacionronald.org\/\">Ronald McDonald Foundation<\/a>: <a href=\"https:\/\/clicktime.symantec.com\/15sM1JEu7R38x1RbFaW71?h=JvAJeoDqHM6HpG-zj4klHwC576vX0qAVPRchFJhH_fI=&amp;u=https:\/\/fundacionronald.org\/casa-madrid\/\"><strong>A home away from home<\/strong><\/a><\/p>\n<p>It offers free temporary accommodation to families who are forced to move from their home town for the medical treatment of a seriously ill child. They welcome the family unit for the duration of the treatment and provide them with a home that covers the family\u2019s basic needs, as well as the possibility of participating in activities organised by the Home. The project consists of implementing an energy saving plan by installing solar panels, automatic taps, water pressure filters and sustainable water boilers.[\/vc_column_text][\/vc_column_inner][vc_column_inner width=&#8221;1\/4&#8243;][vc_single_image image=&#8221;89334&#8243; img_size=&#8221;full&#8221;][vc_column_text]<a href=\"https:\/\/clicktime.symantec.com\/15siuqX8LVeNZZvwbdXa5?h=ksRH1KLYgZ5eAa0MDxyf5d0ip0yMKJozzfo822Nt8Oc=&amp;u=www.integrapirineus.com\">Integra Pirineus Private Foundation<\/a>: <a href=\"https:\/\/clicktime.symantec.com\/15sikB8ZRGHBjgH6WWjGq?h=Wb6JYXraSKrWldlubl2ZEko9h4M5dHEm_lkGLp0hr-c=&amp;u=https:\/\/www.integrapirineus.com\/es\/biomassa\/\"><strong>Donem Vida al Bosc<\/strong><\/a><\/p>\n<p>The initiative aims to create employment for people in a situation or at risk of exclusion, with special attention to people with intellectual disabilities and\/or mental health disorders, with work in sustainable forest management and the use of wood products obtained for the production of forest biomass (wood chips), which is sold as fuel for different boilers in the territory (town halls, hospitals, hotels, etc.).[\/vc_column_text][\/vc_column_inner][vc_column_inner width=&#8221;1\/4&#8243;][vc_single_image image=&#8221;89337&#8243; img_size=&#8221;full&#8221;][vc_column_text]<a href=\"https:\/\/clicktime.symantec.com\/15sMFnuLsTjQZ61Epeb6e?h=mDiHOTtKqpEk0qPT_foUc7Y3YQfpOmbdYqU0HQtU8hk=&amp;u=www.generames.com\">Generam\u00e9s<\/a>: <a href=\"https:\/\/clicktime.symantec.com\/15sMFnuLsTjQZ61Epeb6e?h=mDiHOTtKqpEk0qPT_foUc7Y3YQfpOmbdYqU0HQtU8hk=&amp;u=www.generames.com\"><strong>Generam\u00e9s Project: clean energy and social inclusion<\/strong><\/a><\/p>\n<p>The main objective is to employ young people at risk of exclusion in the renewable energy sector. Generam\u00e9s provides training in renewable installations (solar panels, chargers, aerothermal energy) to socially excluded groups and incorporates them into the social insertion company so that within a maximum period of 3 years (by law) they can make the leap to the ordinary company. They are people at risk of exclusion, such as former wards of the state, young migrants who arrived alone or people who are chronically marginalised and who work in scrap metal collection to survive.[\/vc_column_text][\/vc_column_inner][\/vc_row_inner][vc_row_inner][vc_column_inner width=&#8221;1\/4&#8243;][vc_single_image image=&#8221;89341&#8243; img_size=&#8221;full&#8221;][vc_column_text]Mohammad Nazrul Chowdhury Begum: <a href=\"https:\/\/clicktime.symantec.com\/15t5z4kZNfZPEASupP4vQ?h=1geeujm91R7GLqunP43qH_Mr0mrUte4qub3U3_zwDSU=&amp;u=www.proyectoconfianza.es\"><strong>Proyecto Confianza<\/strong><\/a><\/p>\n<p>An effective initiative to reach out to people who are excluded and living in extreme vulnerability. Groups and fortnightly meetings are organised to create an enabling environment where beneficiaries can find support in the form of social connections, practical tools, training, advice and access to financial resources, among other relevant aspects. These resources give them the ability to pursue their objectives more effectively. They include training on bills, subsidised rates, responsible consumption, etc., as well as housing renovations.[\/vc_column_text][\/vc_column_inner][vc_column_inner width=&#8221;1\/4&#8243;][vc_single_image image=&#8221;86030&#8243; img_size=&#8221;full&#8221;][vc_column_text]Provivienda: <a href=\"https:\/\/www.provivienda.org\/nuevos-proyectos-en-canarias-los-conoces\/\"><strong>Home energy saving solutions<\/strong><\/a><\/p>\n<p>The goal is to contribute to the improvement of household energy savings and efficiency among the population participating in the project. Provivienda presents its activity in the Canary Islands. The project works along 4 lines: promoting efficient energy consumption habits, optimising supply contracts, implementing energy efficiency measures and offering advice and training in energy saving solutions. To this end, they carry out an energy diagnosis of homes, deliver energy saving kits, complete energy improvements in homes, provide training, information and personalised support to people on energy issues.[\/vc_column_text][\/vc_column_inner][vc_column_inner width=&#8221;1\/4&#8243;][\/vc_column_inner][vc_column_inner width=&#8221;1\/4&#8243;][\/vc_column_inner][\/vc_row_inner][\/vc_tta_section][vc_tta_section title=&#8221;Participants&#8221; tab_id=&#8221;1715850789406-b8543c02-79a1&#8243;][vc_single_image image=&#8221;89500&#8243; img_size=&#8221;full&#8221;][\/vc_tta_section][\/vc_tta_tabs][\/vc_column][\/vc_row][vc_row][vc_column offset=&#8221;vc_hidden-lg vc_hidden-md vc_hidden-sm vc_hidden-xs&#8221;][vc_separator color=&#8221;white&#8221;][vc_row_inner][vc_column_inner width=&#8221;1\/2&#8243;][vc_column_text]Provivienda: <a href=\"https:\/\/www.provivienda.org\/nuevos-proyectos-en-canarias-los-conoces\/\"><strong>Home energy saving solutions<\/strong><\/a><\/p>\n<p>The goal is to contribute to the improvement of household energy savings and efficiency among the population participating in the project. Provivienda presents its activity in the Canary Islands. The project works along 4 lines: promoting efficient energy consumption habits, optimising supply contracts, implementing energy efficiency measures and offering advice and training in energy saving solutions. To this end, they carry out an energy diagnosis of homes, deliver energy saving kits, complete energy improvements in homes, provide training, information and personalised support to people on energy issues.[\/vc_column_text][\/vc_column_inner][vc_column_inner width=&#8221;1\/2&#8243;]<div class=\"gnf-lista-iconos\"><ul class=\"gnf-lista\"><li><div class=\"gnf-lista-iconos__icono left \"><div class=\"icon-outer icon-style-\" style=\"background-color:\"><span class=\"fa fa-gift\"><\/span><\/div><\/div><div class=\"gnf-lista-iconos__texto left\"><h5>\u00bfCu\u00e1l es el premio?<\/h5>El premio estar\u00e1 dotado con <strong>60.000 euros<\/strong>, y adem\u00e1s se otorgar\u00e1 un acc\u00e9sit de <strong>30.000 euros<\/strong>. Los importes ser\u00e1n destinados a las iniciativas sociales de los ganadores.<\/div><\/li><li><div class=\"gnf-lista-iconos__icono left \"><div class=\"icon-outer icon-style-\" style=\"background-color:\"><span class=\"fa fa-users\"><\/span><\/div><\/div><div class=\"gnf-lista-iconos__texto left\"><h5>\u00bfQui\u00e9n puede participar?<\/h5>Todas aquellas <strong>personas f\u00edsicas o jur\u00eddicas<\/strong> que, con su trabajo, generen<strong> mejoras en las condiciones sociales de los colectivos m\u00e1s desfavorecidos <\/strong>con actuaciones vinculadas, directa o indirectamente, al<strong> \u00e1mbito de la energ\u00eda<\/strong>.<\/div><\/li><li><div class=\"gnf-lista-iconos__icono left \"><div class=\"icon-outer icon-style-\" style=\"background-color:\"><span class=\"fa fa-calendar\"><\/span><\/div><\/div><div class=\"gnf-lista-iconos__texto left\"><h5>\u00bfHasta cu\u00e1ndo puedo presentarme?<\/h5><strong>Cerrado el plazo de inscripci\u00f3n.<\/strong><\/div><\/li><\/ul><\/div>[\/vc_column_inner][\/vc_row_inner][\/vc_column][\/vc_row]<\/p>\n","protected":false},"excerpt":{"rendered":"<p>[vc_row][vc_column][vc_column_text] Winners 5th edition [\/vc_column_text][\/vc_column][\/vc_row][vc_row][vc_column width=&#8221;1\/2&#8243;][vc_column_text] First prize [\/vc_column_text][vc_column_text]Energ\u00eda Responsable Foundation (formerly Luz Solidaria Foundation):\u00a0Programme to Combat Fuel Poverty A nationwide initiative focused on guaranteeing vulnerable families have access to<span class=\"more-link\"><a href=\"https:\/\/www.fundacionnaturgy.org\/en\/prize-for-the-best-social-energy-initiative\/5th-edition-of-the-naturgy-foundation-award-for-the-best-social-initiative\/\">Leer m\u00e1s<\/a><\/span><\/p>\n","protected":false},"author":1454,"featured_media":0,"parent":76965,"menu_order":0,"comment_status":"closed","ping_status":"closed","template":"templates\/full-width.php","meta":{"inline_featured_image":false},"categories":[],"acf":[],"_links":{"self":[{"href":"https:\/\/www.fundacionnaturgy.org\/en\/wp-json\/wp\/v2\/pages\/89358"}],"collection":[{"href":"https:\/\/www.fundacionnaturgy.org\/en\/wp-json\/wp\/v2\/pages"}],"about":[{"href":"https:\/\/www.fundacionnaturgy.org\/en\/wp-json\/wp\/v2\/types\/page"}],"author":[{"embeddable":true,"href":"https:\/\/www.fundacionnaturgy.org\/en\/wp-json\/wp\/v2\/users\/1454"}],"replies":[{"embeddable":true,"href":"https:\/\/www.fundacionnaturgy.org\/en\/wp-json\/wp\/v2\/comments?post=89358"}],"version-history":[{"count":11,"href":"https:\/\/www.fundacionnaturgy.org\/en\/wp-json\/wp\/v2\/pages\/89358\/revisions"}],"predecessor-version":[{"id":89754,"href":"https:\/\/www.fundacionnaturgy.org\/en\/wp-json\/wp\/v2\/pages\/89358\/revisions\/89754"}],"up":[{"embeddable":true,"href":"https:\/\/www.fundacionnaturgy.org\/en\/wp-json\/wp\/v2\/pages\/76965"}],"wp:attachment":[{"href":"https:\/\/www.fundacionnaturgy.org\/en\/wp-json\/wp\/v2\/media?parent=89358"}],"wp:term":[{"taxonomy":"category","embeddable":true,"href":"https:\/\/www.fundacionnaturgy.org\/en\/wp-json\/wp\/v2\/categories?post=89358"}],"curies":[{"name":"wp","href":"https:\/\/api.w.org\/{rel}","templated":true}]}}