{"id":90000,"date":"2024-07-03T14:39:21","date_gmt":"2024-07-03T12:39:21","guid":{"rendered":""},"modified":"2024-07-10T09:45:44","modified_gmt":"2024-07-10T07:45:44","slug":"second-edition-of-the-naturgy-foundation-csic-award-for-research-and-technological-innovation-in-the-energy-field-2023-2","status":"publish","type":"page","link":"https:\/\/www.fundacionnaturgy.org\/en\/education-and-dissemination\/naturgy-foundation-award-for-research-and-technological-innovation-in-the-energy-field\/second-edition-of-the-naturgy-foundation-csic-award-for-research-and-technological-innovation-in-the-energy-field-2023-2\/","title":{"rendered":"Second edition of the Naturgy Foundation-CSIC Award for research and technological innovation in the energy field (2023)"},"content":{"rendered":"<p>[vc_row][vc_column][vc_column_text]<\/p>\n<h2 style=\"text-align: left;\"><strong>2nd edition winner<\/strong><\/h2>\n<p>[\/vc_column_text][\/vc_column][\/vc_row][vc_row][vc_column][vc_column_text]<\/p>\n<h3>\u2018Proton Exchange Membrane Water Electrolyzer Prototype with Improved Components (PRAGMATIC)\u2019 from the Institute of Catalysis and Petrochemistry (ICP-CSIC)<\/h3>\n<p>The project on hydrogen generation through the development of a proton exchange polymer membrane (PEM) electrolyser, led by principal investigators <strong>Mar\u00eda Retuerto Mill\u00e1n and \u00c1lvaro Tolosana Moranchel<\/strong>, proposes an innovative technology through novel solutions for different aspects of the electrolyser in the field of hydrogen generation that provides a solution to the problems that this technology currently presents, thus contributing to paving the way for its commercial development.[\/vc_column_text][\/vc_column][\/vc_row][vc_row][vc_column][vc_empty_space][\/vc_column][\/vc_row][vc_row][vc_column][vc_column_text]<\/p>\n<h2><strong>See statements from the winners, finalists and members of the Jury<br \/>\n<\/strong><\/h2>\n<p>[\/vc_column_text][vc_row_inner][vc_column_inner width=&#8221;1\/2&#8243;][vc_video link=&#8221;https:\/\/youtu.be\/6FW3OEmb2QU&#8221;][\/vc_column_inner][vc_column_inner width=&#8221;1\/2&#8243;][vc_video link=&#8221;https:\/\/youtu.be\/Wq_cszBZiOw&#8221;][\/vc_column_inner][\/vc_row_inner][vc_row_inner][vc_column_inner width=&#8221;1\/2&#8243;][vc_video link=&#8221;https:\/\/youtu.be\/FvSV3czV9OA&#8221;][\/vc_column_inner][vc_column_inner width=&#8221;1\/2&#8243;][vc_video link=&#8221;https:\/\/youtu.be\/yLXPfVFGRDg&#8221;][\/vc_column_inner][\/vc_row_inner][vc_row_inner][vc_column_inner width=&#8221;1\/2&#8243;][vc_video link=&#8221;https:\/\/youtu.be\/u5OQJ4-GHpY&#8221;][\/vc_column_inner][vc_column_inner width=&#8221;1\/2&#8243;][vc_video link=&#8221;https:\/\/youtu.be\/h6EHA70-SJ4&#8243;][\/vc_column_inner][\/vc_row_inner][\/vc_column][\/vc_row][vc_row][vc_column][vc_empty_space][\/vc_column][\/vc_row][vc_row][vc_column][vc_column_text]<\/p>\n<h2><strong>Watch the gala summary video<br \/>\n<\/strong><\/h2>\n<p>[\/vc_column_text][vc_row_inner][vc_column_inner width=&#8221;1\/2&#8243;][vc_video link=&#8221;https:\/\/youtu.be\/jrldTds9p3E&#8221;][\/vc_column_inner][vc_column_inner width=&#8221;1\/2&#8243;][vc_video link=&#8221;https:\/\/youtu.be\/Ssv0daUsY2k&#8221;][\/vc_column_inner][\/vc_row_inner][\/vc_column][\/vc_row][vc_row][vc_column][vc_empty_space][\/vc_column][\/vc_row][vc_row][vc_column][vc_column_text]<\/p>\n<h2><strong>See the finalist and participating projects<br \/>\n<\/strong><\/h2>\n<p>[\/vc_column_text][\/vc_column][\/vc_row][vc_row][vc_column][vc_tta_tabs][vc_tta_section title=&#8221;Finalist candidates&#8221; tab_id=&#8221;1626695018390-015280b3-cdd7&#8243;][vc_row_inner][vc_column_inner width=&#8221;1\/4&#8243;][vc_single_image image=&#8221;89969&#8243; img_size=&#8221;full&#8221; onclick=&#8221;custom_link&#8221; img_link_target=&#8221;_blank&#8221; link=&#8221;https:\/\/www.icb.csic.es\/&#8221;][\/vc_column_inner][vc_column_inner width=&#8221;1\/4&#8243;][vc_single_image image=&#8221;89978&#8243; img_size=&#8221;full&#8221; onclick=&#8221;custom_link&#8221; img_link_target=&#8221;_blank&#8221; link=&#8221;https:\/\/www.incar.csic.es\/&#8221;][\/vc_column_inner][vc_column_inner width=&#8221;1\/4&#8243;][vc_single_image image=&#8221;89975&#8243; img_size=&#8221;full&#8221; onclick=&#8221;custom_link&#8221; img_link_target=&#8221;_blank&#8221; link=&#8221;http:\/\/www.ictp.csic.es\/&#8221;][\/vc_column_inner][vc_column_inner width=&#8221;1\/4&#8243;][vc_single_image image=&#8221;87360&#8243; img_size=&#8221;full&#8221; onclick=&#8221;custom_link&#8221; img_link_target=&#8221;_blank&#8221; link=&#8221;https:\/\/icp.csic.es\/es\/&#8221;][\/vc_column_inner][\/vc_row_inner][vc_row_inner][vc_column_inner width=&#8221;1\/4&#8243;][vc_single_image image=&#8221;89981&#8243; img_size=&#8221;full&#8221; onclick=&#8221;custom_link&#8221; img_link_target=&#8221;_blank&#8221; link=&#8221;https:\/\/www.upm.es\/&#8221;][\/vc_column_inner][vc_column_inner width=&#8221;1\/4&#8243;][vc_single_image image=&#8221;89984&#8243; img_size=&#8221;full&#8221; onclick=&#8221;custom_link&#8221; img_link_target=&#8221;_blank&#8221; link=&#8221;https:\/\/www.urv.cat\/es\/&#8221;][\/vc_column_inner][vc_column_inner width=&#8221;1\/4&#8243;][\/vc_column_inner][vc_column_inner width=&#8221;1\/4&#8243;][\/vc_column_inner][\/vc_row_inner][\/vc_tta_section][vc_tta_section title=&#8221;Participants&#8221; tab_id=&#8221;1626784457914-0eb443e6-1a31&#8243;][vc_single_image image=&#8221;89966&#8243; img_size=&#8221;full&#8221;][\/vc_tta_section][\/vc_tta_tabs][\/vc_column][\/vc_row][vc_row][vc_column][vc_column_text]<br \/>\n[\/vc_column_text][\/vc_column][\/vc_row]<\/p>\n","protected":false},"excerpt":{"rendered":"<p>[vc_row][vc_column][vc_column_text] 2nd edition winner [\/vc_column_text][\/vc_column][\/vc_row][vc_row][vc_column][vc_column_text] \u2018Proton Exchange Membrane Water Electrolyzer Prototype with Improved Components (PRAGMATIC)\u2019 from the Institute of Catalysis and Petrochemistry (ICP-CSIC) The project on hydrogen generation through the<span class=\"more-link\"><a href=\"https:\/\/www.fundacionnaturgy.org\/en\/education-and-dissemination\/naturgy-foundation-award-for-research-and-technological-innovation-in-the-energy-field\/second-edition-of-the-naturgy-foundation-csic-award-for-research-and-technological-innovation-in-the-energy-field-2023-2\/\">Leer m\u00e1s<\/a><\/span><\/p>\n","protected":false},"author":1454,"featured_media":0,"parent":84482,"menu_order":0,"comment_status":"closed","ping_status":"closed","template":"templates\/full-width.php","meta":{"inline_featured_image":false},"categories":[],"acf":[],"_links":{"self":[{"href":"https:\/\/www.fundacionnaturgy.org\/en\/wp-json\/wp\/v2\/pages\/90000"}],"collection":[{"href":"https:\/\/www.fundacionnaturgy.org\/en\/wp-json\/wp\/v2\/pages"}],"about":[{"href":"https:\/\/www.fundacionnaturgy.org\/en\/wp-json\/wp\/v2\/types\/page"}],"author":[{"embeddable":true,"href":"https:\/\/www.fundacionnaturgy.org\/en\/wp-json\/wp\/v2\/users\/1454"}],"replies":[{"embeddable":true,"href":"https:\/\/www.fundacionnaturgy.org\/en\/wp-json\/wp\/v2\/comments?post=90000"}],"version-history":[{"count":10,"href":"https:\/\/www.fundacionnaturgy.org\/en\/wp-json\/wp\/v2\/pages\/90000\/revisions"}],"predecessor-version":[{"id":90052,"href":"https:\/\/www.fundacionnaturgy.org\/en\/wp-json\/wp\/v2\/pages\/90000\/revisions\/90052"}],"up":[{"embeddable":true,"href":"https:\/\/www.fundacionnaturgy.org\/en\/wp-json\/wp\/v2\/pages\/84482"}],"wp:attachment":[{"href":"https:\/\/www.fundacionnaturgy.org\/en\/wp-json\/wp\/v2\/media?parent=90000"}],"wp:term":[{"taxonomy":"category","embeddable":true,"href":"https:\/\/www.fundacionnaturgy.org\/en\/wp-json\/wp\/v2\/categories?post=90000"}],"curies":[{"name":"wp","href":"https:\/\/api.w.org\/{rel}","templated":true}]}}