{"id":92833,"date":"2025-06-13T14:49:16","date_gmt":"2025-06-13T12:49:16","guid":{"rendered":"https:\/\/www.fundacionnaturgy.org\/prize-for-the-best-social-energy-initiative\/6th-edition-of-the-naturgy-foundation-award-for-the-best-social-initiative\/"},"modified":"2025-07-02T12:23:26","modified_gmt":"2025-07-02T10:23:26","slug":"6th-edition-of-the-naturgy-foundation-award-for-the-best-social-initiative","status":"publish","type":"page","link":"https:\/\/www.fundacionnaturgy.org\/en\/prize-for-the-best-social-energy-initiative\/6th-edition-of-the-naturgy-foundation-award-for-the-best-social-initiative\/","title":{"rendered":"6th edition of the Naturgy Foundation Award for the best social initiative"},"content":{"rendered":"<p>[vc_row][vc_column][vc_column_text]<\/p>\n<h2><strong>Winners 6th edition<\/strong><\/h2>\n<p>[\/vc_column_text][\/vc_column][\/vc_row][vc_row][vc_column width=&#8221;1\/2&#8243;][vc_column_text]<\/p>\n<h2 style=\"text-align: left;\"><strong>First prize<\/strong><\/h2>\n<p>[\/vc_column_text][vc_column_text]<a href=\"https:\/\/provivienda.org\/\"><strong>Provivienda:<\/strong><\/a><a href=\"https:\/\/provivienda.org\/\">\u00a0Home energy saving solutions<\/a><\/p>\n<p>The project aims to improve the most vulnerable households\u2019 access to energy and reduce energy poverty. The proposed actions include diagnosing the energy needs of households and implementing measures to improve efficiency, as well as providing training on consumption habits, energy saving methods, how to increase comfort levels, how to understand and optimise utility bills, how to benefit from the subsidised electricity rate and legal advice regarding energy consumption[\/vc_column_text][vc_video link=&#8221;https:\/\/youtu.be\/sQqzSDbeLiU&#8221;][\/vc_column][vc_column width=&#8221;1\/2&#8243;][vc_column_text]<\/p>\n<h2 style=\"text-align: left;\"><strong>Runners-up prize<\/strong><\/h2>\n<p>[\/vc_column_text][vc_column_text]<a href=\"https:\/\/tomillo.org\/\"><strong>Tomillo Foundation:\u00a0<\/strong><\/a><a href=\"https:\/\/tomillo.org\/\">Vulnerable <\/a><a href=\"https:\/\/tomillo.org\/\">Young People, Agents of Social Change<\/a><\/p>\n<p>With the aim of increasing young people&#8217;s employability and making homes more sustainable with networked solutions, the Tomillo Foundation carries out this energy-efficiency project to promote energy savings, provide training to increase employment opportunities and prevent electrical risks in vulnerable homes. Once they have completed the theory section of the course, the students take part in hands-on training that involves carrying out audits and awareness-raising activities with families suffering socio-economic difficulties.[\/vc_column_text][vc_video link=&#8221;https:\/\/youtu.be\/_tIewAu1fhk&#8221;][\/vc_column][\/vc_row][vc_row][vc_column width=&#8221;1\/2&#8243;][vc_column_text]<\/p>\n<div class=\"wpb_text_column wpb_content_element \">\n<div class=\"wpb_wrapper\">\n<h2><strong>Video of the gala in brief<\/strong><\/h2>\n<\/div>\n<\/div>\n<p>[\/vc_column_text][vc_video link=&#8221;https:\/\/youtu.be\/XhsgB6wMMtY&#8221;][\/vc_column][vc_column width=&#8221;1\/2&#8243; offset=&#8221;vc_hidden-lg vc_hidden-md vc_hidden-sm vc_hidden-xs&#8221;][vc_column_text]<\/p>\n<div class=\"wpb_text_column wpb_content_element \">\n<div class=\"wpb_wrapper\">\n<h2><strong>Watch the video of the gala<\/strong><\/h2>\n<\/div>\n<\/div>\n<p>[\/vc_column_text][vc_video link=&#8221;https:\/\/youtu.be\/w31pQYD2lf0&#8243;][\/vc_column][\/vc_row][vc_row][vc_column][vc_column_text]<\/p>\n<div class=\"wpb_text_column wpb_content_element \">\n<div class=\"wpb_wrapper\">\n<h2><strong>The gala in images<\/strong><\/h2>\n<\/div>\n<\/div>\n<p>[\/vc_column_text][vc_images_carousel images=&#8221;92689,92680,92672,92715,92712,92709,92706&#8243; img_size=&#8221;full&#8221; speed=&#8221;3000&#8243; autoplay=&#8221;yes&#8221; wrap=&#8221;yes&#8221;][\/vc_column][\/vc_row][vc_row][vc_column][vc_empty_space][\/vc_column][\/vc_row][vc_row][vc_column][vc_column_text]<\/p>\n<div class=\"vc_row wpb_row vc_row-fluid\">\n<div class=\"wpb_column vc_column_container vc_col-sm-12\">\n<div class=\"vc_column-inner\">\n<div class=\"wpb_wrapper\">\n<div class=\"wpb_text_column wpb_content_element \">\n<div class=\"wpb_wrapper\">\n<h2><strong>See the finalists and participants<\/strong><\/h2>\n<\/div>\n<\/div>\n<\/div>\n<\/div>\n<\/div>\n<\/div>\n<p>[\/vc_column_text][\/vc_column][\/vc_row][vc_row][vc_column][vc_tta_tabs][vc_tta_section title=&#8221;Finalist candidates&#8221; tab_id=&#8221;1626695018390-015280b3-cdd7&#8243;][vc_row_inner][vc_column_inner width=&#8221;1\/4&#8243;][vc_single_image image=&#8221;92636&#8243; img_size=&#8221;full&#8221;][vc_column_text]<a href=\"https:\/\/social.arquia.com\/es-es\/organizaciones-ayudasocial\/arquiabienestar\/\"><strong>Arquia Foundation:<\/strong><\/a><a href=\"https:\/\/social.arquia.com\/es-es\/organizaciones-ayudasocial\/arquiabienestar\/\">\u00a0Arquia\/Well-being<\/a><\/p>\n<p>This project helps people at risk of exclusion, disabled people or patients undergoing treatment to access decent housing and improve the habitability of these homes, promoting their quality of life and emotional well-being. Working alongside organisations, they carry out life-changing sustainable refurbishments, prioritising energy efficiency and resource optimisation. These actions prioritise energy efficiency in buildings, making it possible to reduce families&#8217; utility costs and increase their well-being.[\/vc_column_text][\/vc_column_inner][vc_column_inner width=&#8221;1\/4&#8243;][vc_single_image image=&#8221;89331&#8243; img_size=&#8221;full&#8221;][vc_column_text]<a href=\"https:\/\/www.konectafoundation.org\/\"><strong>Konecta Foundation:<\/strong><\/a><a href=\"https:\/\/www.konectafoundation.org\/\">\u00a0Green Jobs Hub for vulnerable people<\/a><\/p>\n<p>The main objective is to promote green economy employment opportunities, including in the area of renewable energies, especially for young and vulnerable people, by improving their employability with training courses and qualifications, in both companies and with freelancers, as well as supporting people who wish to start their own business. At the same time, it boosts research and drives the generation of knowledge on this subject through Sustainable Challenges involving various project collaborators.[\/vc_column_text][\/vc_column_inner][vc_column_inner width=&#8221;1\/4&#8243;][vc_single_image image=&#8221;92633&#8243; img_size=&#8221;full&#8221;][vc_column_text]<a href=\"https:\/\/habitatgesocial.org\/es\/volvemos-al-ishf\/\"><strong>Habitatge Social Foundation:<\/strong><\/a><a href=\"https:\/\/habitatgesocial.org\/es\/volvemos-al-ishf\/\">\u00a0Prometheus Project<\/a><\/p>\n<p>The initiative aims to reduce the incidence of energy poverty among families who rent social flats. It is aimed at homeless families, particularly those with children, disabled people and single-parent families. The project intends to minimise the impact of energy poverty and ensure that these families have access to resources, training and education. Another of its objectives is to guarantee that housing meets energy-efficiency standards and to provide solutions to the effects of climate change based on sensorisation, data analysis and architectural interventions.[\/vc_column_text][\/vc_column_inner][vc_column_inner width=&#8221;1\/4&#8243;][vc_single_image image=&#8221;89334&#8243; img_size=&#8221;full&#8221;][vc_column_text]<a href=\"https:\/\/www.integrapirineus.com\/\"><strong>Integra Pirineus Private Foundation<\/strong><\/a><strong>:<\/strong><a href=\"https:\/\/www.integrapirineus.com\/es\/biomassa\/\">Give Life to the Forest<\/a><\/p>\n<p>\u201cGive Life to the Forest\u201d implements sustainable forest management principles in the woodlands of the Pyrenees and uses excess tree trimmings to produce forest biomass (wood chips), which is then sold as a green energy source for large boilers in the region (town halls, hospitals, hotels, etc.). This generates employment for people in vulnerable situations or at risk of exclusion, particularly those with intellectual disabilities and\/or mental health disorders.[\/vc_column_text][\/vc_column_inner][\/vc_row_inner][vc_row_inner][vc_column_inner width=&#8221;1\/4&#8243;][vc_single_image image=&#8221;89337&#8243; img_size=&#8221;full&#8221;][vc_column_text]<a href=\"https:\/\/www.generames.com\/\"><strong>Generam\u00e9s<\/strong><\/a><strong>:<\/strong>\u00a0<a href=\"https:\/\/www.generames.com\/\">Generam\u00e9s Project: clean energy and social inclusion<\/a><\/p>\n<p>Thanks to this initiative, people at risk of social exclusion receive specialised training in areas such as photovoltaics, charging points and aerothermal energy. They then join Generam\u00e9s with an insertion contract, providing them with a hands-on learning experience and improving their personal and professional skills. They are organised in teams working both for private (residential, industrial) and public entities (through public tenders).[\/vc_column_text][\/vc_column_inner][vc_column_inner width=&#8221;1\/4&#8243;][vc_single_image image=&#8221;92646&#8243; img_size=&#8221;full&#8221;][vc_column_text]<a href=\"https:\/\/vigilantsdelacalor.institutmetropoli.cat\/\"><strong>Institut Metr\u00f3poli:<\/strong><\/a><a href=\"https:\/\/vigilantsdelacalor.institutmetropoli.cat\/\">\u00a0Heat Guardians<\/a><\/p>\n<p>This project aims to inform and improve public policy on climate change adaptation and, specifically, to generate new data on thermal (dis)comfort inside the homes of children located in vulnerable areas at higher risk of energy poverty. The project helps raise students\u2019 and the educational community&#8217;s awareness of the local impacts of climate change, energy habits and the co-design of proposals.[\/vc_column_text][\/vc_column_inner][vc_column_inner width=&#8221;1\/4&#8243;][vc_single_image image=&#8221;89341&#8243; img_size=&#8221;full&#8221;][vc_column_text]<a href=\"https:\/\/proyectoconfianza.es\/\"><strong>Mohammad Nazrul Chowdhury Begum:<\/strong><\/a><a href=\"https:\/\/proyectoconfianza.es\/\">\u00a0Trust Project<\/a><\/p>\n<p>The Trust Project is a scalable and adaptable initiative that provides comprehensive support to people in extreme vulnerability. Through groups and fortnightly meetings, it fosters synergies with various institutions and support networks, offering practical tools, training, energy advice and access to financial resources. It also offers training and support on energy and energy efficiency issues and carries out energy refurbishments in some of its users&#8217; homes. This allows beneficiaries to move towards their objectives with autonomy.[\/vc_column_text][\/vc_column_inner][vc_column_inner width=&#8221;1\/4&#8243;][vc_single_image image=&#8221;92643&#8243; img_size=&#8221;full&#8221;][vc_column_text]<a href=\"https:\/\/www.socaire.es\/ventanilla-energetica-socaire\/\"><strong>Socaire:<\/strong><\/a><a href=\"https:\/\/www.socaire.es\/ventanilla-energetica-socaire\/\">\u00a0Energy Window<\/a><\/p>\n<p>The initiative is based on a network of points that provide advice on energy rights and consumption, in coordination with local (public and private) social organisations in Madrid. It targets the most vulnerable groups, especially elderly people who live alone, single-parent families and migrants. One Energy Window was launched in Vallecas in 2019 and another opened in Villaverde in 2022. A further two are planned for 2025, located in Moratalaz and Usera.[\/vc_column_text][\/vc_column_inner][\/vc_row_inner][vc_row_inner][vc_column_inner width=&#8221;1\/4&#8243;][\/vc_column_inner][vc_column_inner width=&#8221;1\/4&#8243;][\/vc_column_inner][vc_column_inner width=&#8221;1\/4&#8243;][\/vc_column_inner][vc_column_inner width=&#8221;1\/4&#8243;][\/vc_column_inner][\/vc_row_inner][\/vc_tta_section][vc_tta_section title=&#8221;Participants&#8221; tab_id=&#8221;1715850750695-7b406c49-177b&#8221;][vc_single_image image=&#8221;92664&#8243; img_size=&#8221;full&#8221;][\/vc_tta_section][\/vc_tta_tabs][\/vc_column][\/vc_row][vc_row][vc_column offset=&#8221;vc_hidden-lg vc_hidden-md vc_hidden-sm vc_hidden-xs&#8221;][vc_separator color=&#8221;white&#8221;][vc_row_inner][vc_column_inner width=&#8221;1\/2&#8243;][vc_column_text]Tras el \u00e9xito de las anteriores convocatorias, Fundaci\u00f3n Naturgy lanza la<strong> IV edici\u00f3n del \u2018Premio a la mejor iniciativa social en el \u00e1mbito energ\u00e9tico\u2019<\/strong>.<\/p>\n<p>Queremos dar visibilidad a aquellas <strong>personas, entidades o instituciones que destacan en el \u00e1mbito social vinculado, directa o indirectamente, a la energ\u00eda<\/strong>, y ayudar a financiar iniciativas en este \u00e1mbito para mejorar la calidad de vida de las personas m\u00e1s vulnerables.<\/p>\n<p>Buscamos <strong>proyectos desarrollados en Espa\u00f1a <\/strong>que est\u00e9n relacionados con la energ\u00eda, que tengan un fin social claro y que ayuden a los que m\u00e1s lo necesitan a mejorar sus condiciones de vida: proyectos educativos, de vulnerabilidad energ\u00e9tica, de emprendimiento, de inclusi\u00f3n social, de salud, ambientales, relacionados con la econom\u00eda circular\u2026<\/p>\n<p>Es importante que las iniciativas presentadas <strong>est\u00e9n en marcha o ya concluidas<\/strong>. El importe \u00edntegro del reconocimiento deber\u00e1 ser destinado a proyectos sociales que promuevan la mejora de las condiciones de los colectivos vulnerables en temas relacionados con la energ\u00eda.<\/p>\n<p>Este premio forma parte de la l\u00ednea de acci\u00f3n social de Fundaci\u00f3n Naturgy, en su vocaci\u00f3n por desarrollar actuaciones destinadas a paliar la vulnerabilidad energ\u00e9tica.[\/vc_column_text][\/vc_column_inner][vc_column_inner width=&#8221;1\/2&#8243;]<div class=\"gnf-lista-iconos\"><ul class=\"gnf-lista\"><li><div class=\"gnf-lista-iconos__icono left \"><div class=\"icon-outer icon-style-\" style=\"background-color:\"><span class=\"fa fa-gift\"><\/span><\/div><\/div><div class=\"gnf-lista-iconos__texto left\"><h5>\u00bfCu\u00e1l es el premio?<\/h5>El premio estar\u00e1 dotado con <strong>60.000 euros<\/strong>, y adem\u00e1s se otorgar\u00e1 un acc\u00e9sit de <strong>30.000 euros<\/strong>. Los importes ser\u00e1n destinados a las iniciativas sociales de los ganadores.<\/div><\/li><li><div class=\"gnf-lista-iconos__icono left \"><div class=\"icon-outer icon-style-\" style=\"background-color:\"><span class=\"fa fa-users\"><\/span><\/div><\/div><div class=\"gnf-lista-iconos__texto left\"><h5>\u00bfQui\u00e9n puede participar?<\/h5>Todas aquellas <strong>personas f\u00edsicas o jur\u00eddicas<\/strong> que, con su trabajo, generen<strong> mejoras en las condiciones sociales de los colectivos m\u00e1s desfavorecidos <\/strong>con actuaciones vinculadas, directa o indirectamente, al<strong> \u00e1mbito de la energ\u00eda<\/strong>.<\/div><\/li><li><div class=\"gnf-lista-iconos__icono left \"><div class=\"icon-outer icon-style-\" style=\"background-color:\"><span class=\"fa fa-calendar\"><\/span><\/div><\/div><div class=\"gnf-lista-iconos__texto left\"><h5>\u00bfHasta cu\u00e1ndo puedo presentarme?<\/h5><strong>Cerrado el plazo de inscripci\u00f3n.<\/strong><\/div><\/li><\/ul><\/div>[\/vc_column_inner][\/vc_row_inner][\/vc_column][\/vc_row]<\/p>\n","protected":false},"excerpt":{"rendered":"<p>[vc_row][vc_column][vc_column_text] Winners 6th edition [\/vc_column_text][\/vc_column][\/vc_row][vc_row][vc_column width=&#8221;1\/2&#8243;][vc_column_text] First prize [\/vc_column_text][vc_column_text]Provivienda:\u00a0Home energy saving solutions The project aims to improve the most vulnerable households\u2019 access to energy and reduce energy poverty. The proposed<span class=\"more-link\"><a href=\"https:\/\/www.fundacionnaturgy.org\/en\/prize-for-the-best-social-energy-initiative\/6th-edition-of-the-naturgy-foundation-award-for-the-best-social-initiative\/\">Leer m\u00e1s<\/a><\/span><\/p>\n","protected":false},"author":1454,"featured_media":0,"parent":76965,"menu_order":0,"comment_status":"closed","ping_status":"closed","template":"templates\/full-width.php","meta":{"inline_featured_image":false},"categories":[],"acf":[],"_links":{"self":[{"href":"https:\/\/www.fundacionnaturgy.org\/en\/wp-json\/wp\/v2\/pages\/92833"}],"collection":[{"href":"https:\/\/www.fundacionnaturgy.org\/en\/wp-json\/wp\/v2\/pages"}],"about":[{"href":"https:\/\/www.fundacionnaturgy.org\/en\/wp-json\/wp\/v2\/types\/page"}],"author":[{"embeddable":true,"href":"https:\/\/www.fundacionnaturgy.org\/en\/wp-json\/wp\/v2\/users\/1454"}],"replies":[{"embeddable":true,"href":"https:\/\/www.fundacionnaturgy.org\/en\/wp-json\/wp\/v2\/comments?post=92833"}],"version-history":[{"count":3,"href":"https:\/\/www.fundacionnaturgy.org\/en\/wp-json\/wp\/v2\/pages\/92833\/revisions"}],"predecessor-version":[{"id":92836,"href":"https:\/\/www.fundacionnaturgy.org\/en\/wp-json\/wp\/v2\/pages\/92833\/revisions\/92836"}],"up":[{"embeddable":true,"href":"https:\/\/www.fundacionnaturgy.org\/en\/wp-json\/wp\/v2\/pages\/76965"}],"wp:attachment":[{"href":"https:\/\/www.fundacionnaturgy.org\/en\/wp-json\/wp\/v2\/media?parent=92833"}],"wp:term":[{"taxonomy":"category","embeddable":true,"href":"https:\/\/www.fundacionnaturgy.org\/en\/wp-json\/wp\/v2\/categories?post=92833"}],"curies":[{"name":"wp","href":"https:\/\/api.w.org\/{rel}","templated":true}]}}