{"id":93652,"date":"2025-07-11T10:40:13","date_gmt":"2025-07-11T08:40:13","guid":{"rendered":"https:\/\/www.fundacionnaturgy.org\/commitment-to-valencia\/energy-efficiency\/call-for-applications-for-aid-to-social-organisations\/"},"modified":"2025-09-22T15:14:29","modified_gmt":"2025-09-22T13:14:29","slug":"call-for-applications-for-aid-to-social-organisations","status":"publish","type":"page","link":"https:\/\/www.fundacionnaturgy.org\/en\/joining-forces-for-valencia\/energy-efficiency\/call-for-applications-for-aid-to-social-organisations\/","title":{"rendered":"Call for applications for aid to social organisations"},"content":{"rendered":"<p>[vc_row][vc_column][vc_single_image image=&#8221;93272&#8243; img_size=&#8221;full&#8221; alignment=&#8221;center&#8221;][vc_column_text]<span style=\"color: #004571;\"><strong>Naturgy Foundation wants to focus on social organisations<\/strong> (associations, foundations or institutions in general) that have also suffered the consequences of the torrential rains and have seen their headquarters or offices affected. To this end, it is launching a call for aid for the energy refurbishment of their facilities.<\/span>[\/vc_column_text][vc_column_text]One or more projects may be financed, in whole or in part, with a budget per project of up to \u20ac20,000 until the call funds have been used up. Projects that are already under way can be submitted.<\/p>\n<p>[\/vc_column_text][vc_empty_space][vc_row_inner css=&#8221;.vc_custom_1753180043687{background-color: #eaeef0 !important;}&#8221;][vc_column_inner][vc_single_image image=&#8221;93275&#8243; alignment=&#8221;center&#8221;][vc_column_text]<\/p>\n<p style=\"text-align: center;\"><span style=\"color: #004571;\">The call will be launched on <strong>21 July<\/strong>. <\/span><\/p>\n<p style=\"text-align: center;\"><span style=\"color: #004571;\">\u2028Applications will be accepted until 17 October 2025.<\/span>[\/vc_column_text][vc_btn title=&#8221;Legal terms and conditions&#8221; style=&#8221;custom&#8221; custom_background=&#8221;#004571&#8243; custom_text=&#8221;#ffffff&#8221; shape=&#8221;round&#8221; align=&#8221;center&#8221; link=&#8221;url:https%3A%2F%2Fwww.fundacionnaturgy.org%2Fwp-content%2Fuploads%2F2025%2F09%2F2025-09-04-bases-convocatoria-rehabilitacion-entidades-DANA.pdf|target:_blank|&#8221;][vc_column_text]<\/p>\n<p style=\"text-align: center;\"><strong>Submit your project<\/strong>\u00a0using the following form with all the required information.<\/p>\n<p>[\/vc_column_text][vc_btn title=&#8221;Submit your project&#8221; style=&#8221;custom&#8221; custom_background=&#8221;#004571&#8243; custom_text=&#8221;#ffffff&#8221; shape=&#8221;round&#8221; align=&#8221;center&#8221; link=&#8221;url:https%3A%2F%2Fwww.fundacionnaturgy.org%2Fcompromiso-con-valencia%2Fformulario-de-solicitud-para-participar-en-la-convocatoria-de-fundacion-naturgy-valencia-2025%2F|target:_blank|&#8221;][\/vc_column_inner][\/vc_row_inner][vc_row_inner][vc_column_inner width=&#8221;1\/3&#8243;][vc_column_text]<\/p>\n<p style=\"text-align: left;\"><span style=\"color: #004571;\"><b>Who can apply? <\/b><\/span><\/p>\n<p>Non-profit organisations operating in the areas affected by the torrential rains for the energy refurbishment of their facilities.<br \/>\n[\/vc_column_text][\/vc_column_inner][vc_column_inner width=&#8221;1\/3&#8243;][vc_column_text]<span style=\"color: #004571;\"><b>What kind of projects can be funded?<\/b><\/span><\/p>\n<p>Energy refurbishment projects related to insulation, carpentry, lighting, energy installations, boilers or water heaters, electrical appliances, etc. They may be underway or not yet started.<\/p>\n<p>[\/vc_column_text][\/vc_column_inner][vc_column_inner width=&#8221;1\/3&#8243;][vc_column_text]<span style=\"color: #004571;\"><b>What costs can be financed?<\/b><\/span><\/p>\n<p>All expenses necessary for the intervention, such as construction costs, design, materials or permits.[\/vc_column_text][\/vc_column_inner][\/vc_row_inner][\/vc_column][\/vc_row][vc_row][vc_column][vc_empty_space][vc_column_text]<b><a href=\"https:\/\/www.fundacionnaturgy.org\/wp-content\/uploads\/2025\/07\/energia-sinfronteras.jpeg\"><img loading=\"lazy\" class=\"alignleft wp-image-93140\" src=\"https:\/\/www.fundacionnaturgy.org\/wp-content\/uploads\/2025\/07\/energia-sinfronteras.jpeg\" alt=\"\" width=\"148\" height=\"81\" srcset=\"https:\/\/www.fundacionnaturgy.org\/wp-content\/uploads\/2025\/07\/energia-sinfronteras.jpeg 303w, https:\/\/www.fundacionnaturgy.org\/wp-content\/uploads\/2025\/07\/energia-sinfronteras-300x164.jpeg 300w, https:\/\/www.fundacionnaturgy.org\/wp-content\/uploads\/2025\/07\/energia-sinfronteras-256x140.jpeg 256w\" sizes=\"(max-width: 148px) 100vw, 148px\" \/><\/a><\/b><span style=\"color: #004571;\"><strong>Fundaci\u00f3n Energ\u00eda sin fronterasrealizar\u00e1 el an\u00e1lisis t\u00e9cnico de las solicitudes, podr\u00e1 realizar visitas a las instalaciones y solicitar\u00e1 la informaci\u00f3n que sea necesaria.<\/strong><\/span><\/p>\n<p><a href=\"https:\/\/energiasinfronteras.org\/\">Energ\u00ed<\/a><a href=\"https:\/\/energiasinfronteras.org\/\" target=\"_blank\" rel=\"noopener\">a sin fronteras<\/a> tiene como fin contribuir al pleno ejercicio de los derechos de los m\u00e1s vulnerables, proporcion\u00e1ndoles el acceso a servicios de energ\u00eda, agua y saneamiento accesibles, sostenibles y seguros mediante programas, proyectos, estudios, actividades de formaci\u00f3n y asesoramiento u otras iniciativas, en colaboraci\u00f3n con aliados, amigos y otros actores que compartan el objetivo de conseguir una sociedad m\u00e1s justa e igualitaria.[\/vc_column_text][\/vc_column][\/vc_row]<\/p>\n","protected":false},"excerpt":{"rendered":"<p>[vc_row][vc_column][vc_single_image image=&#8221;93272&#8243; img_size=&#8221;full&#8221; alignment=&#8221;center&#8221;][vc_column_text]Naturgy Foundation wants to focus on social organisations (associations, foundations or institutions in general) that have also suffered the consequences of the torrential rains and have seen<span class=\"more-link\"><a href=\"https:\/\/www.fundacionnaturgy.org\/en\/joining-forces-for-valencia\/energy-efficiency\/call-for-applications-for-aid-to-social-organisations\/\">Leer m\u00e1s<\/a><\/span><\/p>\n","protected":false},"author":1454,"featured_media":0,"parent":93110,"menu_order":0,"comment_status":"closed","ping_status":"closed","template":"templates\/full-width.php","meta":{"inline_featured_image":false},"categories":[],"acf":[],"_links":{"self":[{"href":"https:\/\/www.fundacionnaturgy.org\/en\/wp-json\/wp\/v2\/pages\/93652"}],"collection":[{"href":"https:\/\/www.fundacionnaturgy.org\/en\/wp-json\/wp\/v2\/pages"}],"about":[{"href":"https:\/\/www.fundacionnaturgy.org\/en\/wp-json\/wp\/v2\/types\/page"}],"author":[{"embeddable":true,"href":"https:\/\/www.fundacionnaturgy.org\/en\/wp-json\/wp\/v2\/users\/1454"}],"replies":[{"embeddable":true,"href":"https:\/\/www.fundacionnaturgy.org\/en\/wp-json\/wp\/v2\/comments?post=93652"}],"version-history":[{"count":3,"href":"https:\/\/www.fundacionnaturgy.org\/en\/wp-json\/wp\/v2\/pages\/93652\/revisions"}],"predecessor-version":[{"id":93655,"href":"https:\/\/www.fundacionnaturgy.org\/en\/wp-json\/wp\/v2\/pages\/93652\/revisions\/93655"}],"up":[{"embeddable":true,"href":"https:\/\/www.fundacionnaturgy.org\/en\/wp-json\/wp\/v2\/pages\/93110"}],"wp:attachment":[{"href":"https:\/\/www.fundacionnaturgy.org\/en\/wp-json\/wp\/v2\/media?parent=93652"}],"wp:term":[{"taxonomy":"category","embeddable":true,"href":"https:\/\/www.fundacionnaturgy.org\/en\/wp-json\/wp\/v2\/categories?post=93652"}],"curies":[{"name":"wp","href":"https:\/\/api.w.org\/{rel}","templated":true}]}}