{"id":61356,"date":"2017-01-23T09:42:20","date_gmt":"2017-01-23T08:42:20","guid":{"rendered":"https:\/\/www.fundacionnaturgy.org\/producto\/caleidoscopio-la-ciudad-10-anos-del-edificio-gas-natural-fenosa\/"},"modified":"2020-02-27T16:24:14","modified_gmt":"2020-02-27T15:24:14","slug":"caleidoscopio-la-ciudad-10-anos-del-edificio-gas-natural-fenosa","status":"publish","type":"product","link":"https:\/\/www.fundacionnaturgy.org\/en\/producto\/caleidoscopio-la-ciudad-10-anos-del-edificio-gas-natural-fenosa\/","title":{"rendered":"A kaleidoscope in the city. 10 years of the Gas Natural Fenosa building"},"content":{"rendered":"<p>All houses reflect the soul of their inhabitants. These words summarise the essence of this publication, which is intended as a celebration of the 10th anniversary of the current Gas Natural Fenosa headquarters. Published by Josep Maria Rovira and Carolina B. Garc\u00eda Est\u00e9vez, professors at the Universitat Polit\u00e8cnica de Catalunya, the book reveals the architectural features of the company\u2019s corporate headquarters, which also represent the values of the company\u2019s action.<\/p>\n","protected":false},"excerpt":{"rendered":"<p>All houses reflect the soul of their inhabitants. These words summarise the essence of this publication, which is intended as a celebration of the 10th anniversary of the current Gas Natural Fenosa headquarters. Published by Josep Maria Rovira and Carolina B. Garc\u00eda Est\u00e9vez, professors at the Universitat Polit\u00e8cnica de Catalunya, the book reveals the architectural features of the company\u2019s corporate headquarters, which also represent the values of the company\u2019s action.<\/p>\n","protected":false},"featured_media":53694,"template":"","meta":{"inline_featured_image":false},"categories":[1197],"content-type":[1175],"product_tag":[],"acf":[],"post_class":["post-61356","product","type-product","status-publish","has-post-thumbnail","hentry","category-industrial-heritage","content-type-books","wordpress-sticky"],"_links":{"self":[{"href":"https:\/\/www.fundacionnaturgy.org\/en\/wp-json\/wp\/v2\/product\/61356"}],"collection":[{"href":"https:\/\/www.fundacionnaturgy.org\/en\/wp-json\/wp\/v2\/product"}],"about":[{"href":"https:\/\/www.fundacionnaturgy.org\/en\/wp-json\/wp\/v2\/types\/product"}],"wp:featuredmedia":[{"embeddable":true,"href":"https:\/\/www.fundacionnaturgy.org\/en\/wp-json\/wp\/v2\/media\/53694"}],"wp:attachment":[{"href":"https:\/\/www.fundacionnaturgy.org\/en\/wp-json\/wp\/v2\/media?parent=61356"}],"wp:term":[{"taxonomy":"category","embeddable":true,"href":"https:\/\/www.fundacionnaturgy.org\/en\/wp-json\/wp\/v2\/categories?post=61356"},{"taxonomy":"content-type","embeddable":true,"href":"https:\/\/www.fundacionnaturgy.org\/en\/wp-json\/wp\/v2\/content-type?post=61356"},{"taxonomy":"product_tag","embeddable":true,"href":"https:\/\/www.fundacionnaturgy.org\/en\/wp-json\/wp\/v2\/product_tag?post=61356"}],"curies":[{"name":"wp","href":"https:\/\/api.w.org\/{rel}","templated":true}]}}