{"id":61515,"date":"2009-12-10T17:04:28","date_gmt":"2009-12-10T16:04:28","guid":{"rendered":"https:\/\/www.fundacionnaturgy.org\/producto\/la-industria-del-gas-cordoba-1870-2007\/"},"modified":"2020-02-27T16:31:12","modified_gmt":"2020-02-27T15:31:12","slug":"la-industria-del-gas-cordoba-1870-2007","status":"publish","type":"product","link":"https:\/\/www.fundacionnaturgy.org\/en\/producto\/la-industria-del-gas-cordoba-1870-2007\/","title":{"rendered":"The gas industry in C\u00f3rdoba (1870-2007)"},"content":{"rendered":"<p>The gas industry in C\u00f3rdoba, introduces us in a rigorous but pleasant way in the intricacies of how C\u00f3rdoba could have public lighting by gas, an industrial initiative of great investment 140 years ago, and what happened during this long period to practically today.<\/p>\n<p><b>ISBN\u00a0:\u00a0<\/b>978-84-613-3898-6<\/p>\n","protected":false},"excerpt":{"rendered":"<p>The gas industry in C\u00f3rdoba, introduces us in a rigorous but pleasant way in the intricacies of how C\u00f3rdoba could have public lighting by gas, an industrial initiative of great investment 140 years ago, and what happened during this long period to practically today.<\/p>\n<p><b>ISBN\u00a0:\u00a0<\/b>978-84-613-3898-6<\/p>\n","protected":false},"featured_media":3585,"template":"","meta":{"inline_featured_image":false},"categories":[1197],"content-type":[1175],"product_tag":[],"acf":[],"post_class":["post-61515","product","type-product","status-publish","has-post-thumbnail","hentry","category-industrial-heritage","content-type-books","wordpress-sticky"],"_links":{"self":[{"href":"https:\/\/www.fundacionnaturgy.org\/en\/wp-json\/wp\/v2\/product\/61515"}],"collection":[{"href":"https:\/\/www.fundacionnaturgy.org\/en\/wp-json\/wp\/v2\/product"}],"about":[{"href":"https:\/\/www.fundacionnaturgy.org\/en\/wp-json\/wp\/v2\/types\/product"}],"wp:featuredmedia":[{"embeddable":true,"href":"https:\/\/www.fundacionnaturgy.org\/en\/wp-json\/wp\/v2\/media\/3585"}],"wp:attachment":[{"href":"https:\/\/www.fundacionnaturgy.org\/en\/wp-json\/wp\/v2\/media?parent=61515"}],"wp:term":[{"taxonomy":"category","embeddable":true,"href":"https:\/\/www.fundacionnaturgy.org\/en\/wp-json\/wp\/v2\/categories?post=61515"},{"taxonomy":"content-type","embeddable":true,"href":"https:\/\/www.fundacionnaturgy.org\/en\/wp-json\/wp\/v2\/content-type?post=61515"},{"taxonomy":"product_tag","embeddable":true,"href":"https:\/\/www.fundacionnaturgy.org\/en\/wp-json\/wp\/v2\/product_tag?post=61515"}],"curies":[{"name":"wp","href":"https:\/\/api.w.org\/{rel}","templated":true}]}}