{"id":63495,"date":"2018-11-07T17:16:46","date_gmt":"2018-11-07T16:16:46","guid":{"rendered":"https:\/\/www.fundacionnaturgy.org\/producto\/talks-energy-and-air-quality-guadalajara\/"},"modified":"2020-02-27T17:52:30","modified_gmt":"2020-02-27T16:52:30","slug":"talks-energy-and-air-quality-guadalajara","status":"publish","type":"product","link":"https:\/\/www.fundacionnaturgy.org\/en\/producto\/talks-energy-and-air-quality-guadalajara\/","title":{"rendered":"Talks &#8220;Energy and air quality&#8221;. Guadalajara"},"content":{"rendered":"<p>Here you can find the talks given at the event on air quality held in Guadalajara on 7 November 2018 by: Alberto Campos, Jes\u00fas de la Rosa, Cristina Linares, Bego\u00f1a Arti\u00f1ano, Carmen Frontaura and Angeles Crist\u00f3bal.<\/p>\n","protected":false},"excerpt":{"rendered":"<p>Here you can find the talks given at the event on air quality held in Guadalajara on 7 November 2018 by: Alberto Campos, Jes\u00fas de la Rosa, Cristina Linares, Bego\u00f1a Arti\u00f1ano, Carmen Frontaura and Angeles Crist\u00f3bal.<\/p>\n","protected":false},"featured_media":59581,"template":"","meta":{"inline_featured_image":false},"categories":[1190],"content-type":[1177],"product_tag":[],"acf":[],"post_class":["post-63495","product","type-product","status-publish","has-post-thumbnail","hentry","category-air-quality","content-type-presentations","wordpress-sticky"],"_links":{"self":[{"href":"https:\/\/www.fundacionnaturgy.org\/en\/wp-json\/wp\/v2\/product\/63495"}],"collection":[{"href":"https:\/\/www.fundacionnaturgy.org\/en\/wp-json\/wp\/v2\/product"}],"about":[{"href":"https:\/\/www.fundacionnaturgy.org\/en\/wp-json\/wp\/v2\/types\/product"}],"wp:featuredmedia":[{"embeddable":true,"href":"https:\/\/www.fundacionnaturgy.org\/en\/wp-json\/wp\/v2\/media\/59581"}],"wp:attachment":[{"href":"https:\/\/www.fundacionnaturgy.org\/en\/wp-json\/wp\/v2\/media?parent=63495"}],"wp:term":[{"taxonomy":"category","embeddable":true,"href":"https:\/\/www.fundacionnaturgy.org\/en\/wp-json\/wp\/v2\/categories?post=63495"},{"taxonomy":"content-type","embeddable":true,"href":"https:\/\/www.fundacionnaturgy.org\/en\/wp-json\/wp\/v2\/content-type?post=63495"},{"taxonomy":"product_tag","embeddable":true,"href":"https:\/\/www.fundacionnaturgy.org\/en\/wp-json\/wp\/v2\/product_tag?post=63495"}],"curies":[{"name":"wp","href":"https:\/\/api.w.org\/{rel}","templated":true}]}}