{"id":63499,"date":"2018-10-10T17:02:30","date_gmt":"2018-10-10T15:02:30","guid":{"rendered":"https:\/\/www.fundacionnaturgy.org\/producto\/talks-environmental-labelling-barcelona\/"},"modified":"2020-02-27T17:52:43","modified_gmt":"2020-02-27T16:52:43","slug":"talks-environmental-labelling-barcelona","status":"publish","type":"product","link":"https:\/\/www.fundacionnaturgy.org\/en\/producto\/talks-environmental-labelling-barcelona\/","title":{"rendered":"Talks &#8220;Environmental labelling of vehicles and management of urban pollution&#8221;. Barcelona"},"content":{"rendered":"<p>Here you can find the talks given at the event on environmental labelling held in Barcelona on 10 October 2018 by: Andr\u00e9s Alastruey, Nick Molden, Llu\u00eds Puerto, Mar\u00eda Fern\u00e1ndez-Amesto, Susana G\u00f3mez\u00a0and Merc\u00e8 Rius.<\/p>\n","protected":false},"excerpt":{"rendered":"<p>Here you can find the talks given at the event on environmental labelling held in Barcelona on 10 October 2018 by: Andr\u00e9s Alastruey, Nick Molden, Llu\u00eds Puerto, Mar\u00eda Fern\u00e1ndez-Amesto, Susana G\u00f3mez\u00a0and Merc\u00e8 Rius.<\/p>\n","protected":false},"featured_media":59567,"template":"","meta":{"inline_featured_image":false},"categories":[1190,1191,1195],"content-type":[1177],"product_tag":[],"acf":[],"post_class":["post-63499","product","type-product","status-publish","has-post-thumbnail","hentry","category-air-quality","category-energy-and-transport","category-environment","content-type-presentations","wordpress-sticky"],"_links":{"self":[{"href":"https:\/\/www.fundacionnaturgy.org\/en\/wp-json\/wp\/v2\/product\/63499"}],"collection":[{"href":"https:\/\/www.fundacionnaturgy.org\/en\/wp-json\/wp\/v2\/product"}],"about":[{"href":"https:\/\/www.fundacionnaturgy.org\/en\/wp-json\/wp\/v2\/types\/product"}],"wp:featuredmedia":[{"embeddable":true,"href":"https:\/\/www.fundacionnaturgy.org\/en\/wp-json\/wp\/v2\/media\/59567"}],"wp:attachment":[{"href":"https:\/\/www.fundacionnaturgy.org\/en\/wp-json\/wp\/v2\/media?parent=63499"}],"wp:term":[{"taxonomy":"category","embeddable":true,"href":"https:\/\/www.fundacionnaturgy.org\/en\/wp-json\/wp\/v2\/categories?post=63499"},{"taxonomy":"content-type","embeddable":true,"href":"https:\/\/www.fundacionnaturgy.org\/en\/wp-json\/wp\/v2\/content-type?post=63499"},{"taxonomy":"product_tag","embeddable":true,"href":"https:\/\/www.fundacionnaturgy.org\/en\/wp-json\/wp\/v2\/product_tag?post=63499"}],"curies":[{"name":"wp","href":"https:\/\/api.w.org\/{rel}","templated":true}]}}