{"id":63505,"date":"2018-05-14T16:35:26","date_gmt":"2018-05-14T14:35:26","guid":{"rendered":"https:\/\/www.fundacionnaturgy.org\/producto\/talks-smarts-ports-malaga\/"},"modified":"2020-02-27T17:53:09","modified_gmt":"2020-02-27T16:53:09","slug":"talks-smarts-ports-malaga","status":"publish","type":"product","link":"https:\/\/www.fundacionnaturgy.org\/en\/producto\/talks-smarts-ports-malaga\/","title":{"rendered":"Talks &#8220;Smart Ports&#8221;. Malaga"},"content":{"rendered":"<p>Here you can find the talks given at the event on smart ports held in Malaga on 14 May 2018 by: Jos\u00e9 M\u00aa Ruiz Ant\u00f3n, Josu Goiogama, Jos\u00e9 Andr\u00e9s Gim\u00e9nez, Francisco-Jos\u00e9 Gonz\u00e1lez-M\u00e9ndez, Xavier Sabat\u00e9, Jos\u00e9 M\u00aa G\u00f3mez, Sara Blanco, Crist\u00f3bal S\u00e1nchez and Manuel Guti\u00e9rrez.<\/p>\n","protected":false},"excerpt":{"rendered":"<p>Here you can find the talks given at the event on smart ports held in Malaga on 14 May 2018 by: Jos\u00e9 M\u00aa Ruiz Ant\u00f3n, Josu Goiogama, Jos\u00e9 Andr\u00e9s Gim\u00e9nez, Francisco-Jos\u00e9 Gonz\u00e1lez-M\u00e9ndez, Xavier Sabat\u00e9, Jos\u00e9 M\u00aa G\u00f3mez, Sara Blanco, Crist\u00f3bal S\u00e1nchez and Manuel Guti\u00e9rrez.<\/p>\n","protected":false},"featured_media":53580,"template":"","meta":{"inline_featured_image":false},"categories":[1191],"content-type":[1177],"product_tag":[],"acf":[],"post_class":["post-63505","product","type-product","status-publish","has-post-thumbnail","hentry","category-energy-and-transport","content-type-presentations","wordpress-sticky"],"_links":{"self":[{"href":"https:\/\/www.fundacionnaturgy.org\/en\/wp-json\/wp\/v2\/product\/63505"}],"collection":[{"href":"https:\/\/www.fundacionnaturgy.org\/en\/wp-json\/wp\/v2\/product"}],"about":[{"href":"https:\/\/www.fundacionnaturgy.org\/en\/wp-json\/wp\/v2\/types\/product"}],"wp:featuredmedia":[{"embeddable":true,"href":"https:\/\/www.fundacionnaturgy.org\/en\/wp-json\/wp\/v2\/media\/53580"}],"wp:attachment":[{"href":"https:\/\/www.fundacionnaturgy.org\/en\/wp-json\/wp\/v2\/media?parent=63505"}],"wp:term":[{"taxonomy":"category","embeddable":true,"href":"https:\/\/www.fundacionnaturgy.org\/en\/wp-json\/wp\/v2\/categories?post=63505"},{"taxonomy":"content-type","embeddable":true,"href":"https:\/\/www.fundacionnaturgy.org\/en\/wp-json\/wp\/v2\/content-type?post=63505"},{"taxonomy":"product_tag","embeddable":true,"href":"https:\/\/www.fundacionnaturgy.org\/en\/wp-json\/wp\/v2\/product_tag?post=63505"}],"curies":[{"name":"wp","href":"https:\/\/api.w.org\/{rel}","templated":true}]}}