{"id":63507,"date":"2018-04-10T16:31:13","date_gmt":"2018-04-10T14:31:13","guid":{"rendered":"https:\/\/www.fundacionnaturgy.org\/producto\/talks-energy-the-environment-and-industry-4-0-santiago-de-compostela\/"},"modified":"2020-02-27T17:53:15","modified_gmt":"2020-02-27T16:53:15","slug":"talks-energy-the-environment-and-industry-4-0-santiago-de-compostela","status":"publish","type":"product","link":"https:\/\/www.fundacionnaturgy.org\/en\/producto\/talks-energy-the-environment-and-industry-4-0-santiago-de-compostela\/","title":{"rendered":"Talks &#8220;Energy, the Environment and Industry 4.0&#8221;. Santiago de Compostela"},"content":{"rendered":"<p>Here you can find the talks given at the event held on industry 4.0 and energy in Santiago de Compostela on 10 April 2018 by: Antoni Garell, V\u00edctor Rodr\u00edguez-Marqu\u00e9s and Gustavo Amann.<\/p>\n","protected":false},"excerpt":{"rendered":"<p>Here you can find the talks given at the event held on industry 4.0 and energy in Santiago de Compostela on 10 April 2018 by: Antoni Garell, V\u00edctor Rodr\u00edguez-Marqu\u00e9s and Gustavo Amann.<\/p>\n","protected":false},"featured_media":60408,"template":"","meta":{"inline_featured_image":false},"categories":[1199],"content-type":[1177],"product_tag":[],"acf":[],"post_class":["post-63507","product","type-product","status-publish","has-post-thumbnail","hentry","category-technological-innovation","content-type-presentations","wordpress-sticky"],"_links":{"self":[{"href":"https:\/\/www.fundacionnaturgy.org\/en\/wp-json\/wp\/v2\/product\/63507"}],"collection":[{"href":"https:\/\/www.fundacionnaturgy.org\/en\/wp-json\/wp\/v2\/product"}],"about":[{"href":"https:\/\/www.fundacionnaturgy.org\/en\/wp-json\/wp\/v2\/types\/product"}],"wp:featuredmedia":[{"embeddable":true,"href":"https:\/\/www.fundacionnaturgy.org\/en\/wp-json\/wp\/v2\/media\/60408"}],"wp:attachment":[{"href":"https:\/\/www.fundacionnaturgy.org\/en\/wp-json\/wp\/v2\/media?parent=63507"}],"wp:term":[{"taxonomy":"category","embeddable":true,"href":"https:\/\/www.fundacionnaturgy.org\/en\/wp-json\/wp\/v2\/categories?post=63507"},{"taxonomy":"content-type","embeddable":true,"href":"https:\/\/www.fundacionnaturgy.org\/en\/wp-json\/wp\/v2\/content-type?post=63507"},{"taxonomy":"product_tag","embeddable":true,"href":"https:\/\/www.fundacionnaturgy.org\/en\/wp-json\/wp\/v2\/product_tag?post=63507"}],"curies":[{"name":"wp","href":"https:\/\/api.w.org\/{rel}","templated":true}]}}