{"id":63509,"date":"2018-03-20T22:20:59","date_gmt":"2018-03-20T21:20:59","guid":{"rendered":"https:\/\/www.fundacionnaturgy.org\/producto\/talks-energy-efficiency-in-hotels-murcia\/"},"modified":"2020-02-27T17:53:19","modified_gmt":"2020-02-27T16:53:19","slug":"talks-energy-efficiency-in-hotels-murcia","status":"publish","type":"product","link":"https:\/\/www.fundacionnaturgy.org\/en\/producto\/talks-energy-efficiency-in-hotels-murcia\/","title":{"rendered":"Talks &#8220;Energy efficiency in hotels&#8221;. Murcia"},"content":{"rendered":"<p>Here you can find the talks given at the event held on more energy efficient hotel management in Murcia on 20 March 2018 by: Ricard Santom\u00e0, Joaqu\u00edn Abenza, Roger Marcos, Jos\u00e9 Benito, Pedro Brieva and Eduard Coloma.<\/p>\n","protected":false},"excerpt":{"rendered":"<p>Here you can find the talks given at the event held on more energy efficient hotel management in Murcia on 20 March 2018 by: Ricard Santom\u00e0, Joaqu\u00edn Abenza, Roger Marcos, Jos\u00e9 Benito, Pedro Brieva and Eduard Coloma.<\/p>\n","protected":false},"featured_media":59482,"template":"","meta":{"inline_featured_image":false},"categories":[1192],"content-type":[1177],"product_tag":[],"acf":[],"post_class":["post-63509","product","type-product","status-publish","has-post-thumbnail","hentry","category-energy-efficiency","content-type-presentations","wordpress-sticky"],"_links":{"self":[{"href":"https:\/\/www.fundacionnaturgy.org\/en\/wp-json\/wp\/v2\/product\/63509"}],"collection":[{"href":"https:\/\/www.fundacionnaturgy.org\/en\/wp-json\/wp\/v2\/product"}],"about":[{"href":"https:\/\/www.fundacionnaturgy.org\/en\/wp-json\/wp\/v2\/types\/product"}],"wp:featuredmedia":[{"embeddable":true,"href":"https:\/\/www.fundacionnaturgy.org\/en\/wp-json\/wp\/v2\/media\/59482"}],"wp:attachment":[{"href":"https:\/\/www.fundacionnaturgy.org\/en\/wp-json\/wp\/v2\/media?parent=63509"}],"wp:term":[{"taxonomy":"category","embeddable":true,"href":"https:\/\/www.fundacionnaturgy.org\/en\/wp-json\/wp\/v2\/categories?post=63509"},{"taxonomy":"content-type","embeddable":true,"href":"https:\/\/www.fundacionnaturgy.org\/en\/wp-json\/wp\/v2\/content-type?post=63509"},{"taxonomy":"product_tag","embeddable":true,"href":"https:\/\/www.fundacionnaturgy.org\/en\/wp-json\/wp\/v2\/product_tag?post=63509"}],"curies":[{"name":"wp","href":"https:\/\/api.w.org\/{rel}","templated":true}]}}