{"id":63511,"date":"2018-03-06T22:14:46","date_gmt":"2018-03-06T21:14:46","guid":{"rendered":"https:\/\/www.fundacionnaturgy.org\/producto\/talks-vehicular-natural-gas-valladolid\/"},"modified":"2020-02-27T17:55:00","modified_gmt":"2020-02-27T16:55:00","slug":"talks-vehicular-natural-gas-valladolid","status":"publish","type":"product","link":"https:\/\/www.fundacionnaturgy.org\/en\/producto\/talks-vehicular-natural-gas-valladolid\/","title":{"rendered":"Talks &#8220;Vehicular natural gas&#8221;. Valladolid"},"content":{"rendered":"<p>Here you can find the talks given at the event on improving air quality in cities held in Valladolid on 6 March 2018 by: Jose M\u00aa Baldasano, Roberto Getino, Ram\u00f3n Calder\u00f3n, Juan \u00c1ngel Terr\u00f3n, May L\u00f3pez, Paulino Benito and Josep Compte.<\/p>\n","protected":false},"excerpt":{"rendered":"<p>Here you can find the talks given at the event on improving air quality in cities held in Valladolid on 6 March 2018 by: Jose M\u00aa Baldasano, Roberto Getino, Ram\u00f3n Calder\u00f3n, Juan \u00c1ngel Terr\u00f3n, May L\u00f3pez, Paulino Benito and Josep Compte.<\/p>\n","protected":false},"featured_media":53574,"template":"","meta":{"inline_featured_image":false},"categories":[1190,1191],"content-type":[1177],"product_tag":[],"acf":[],"post_class":["post-63511","product","type-product","status-publish","has-post-thumbnail","hentry","category-air-quality","category-energy-and-transport","content-type-presentations","wordpress-sticky"],"_links":{"self":[{"href":"https:\/\/www.fundacionnaturgy.org\/en\/wp-json\/wp\/v2\/product\/63511"}],"collection":[{"href":"https:\/\/www.fundacionnaturgy.org\/en\/wp-json\/wp\/v2\/product"}],"about":[{"href":"https:\/\/www.fundacionnaturgy.org\/en\/wp-json\/wp\/v2\/types\/product"}],"wp:featuredmedia":[{"embeddable":true,"href":"https:\/\/www.fundacionnaturgy.org\/en\/wp-json\/wp\/v2\/media\/53574"}],"wp:attachment":[{"href":"https:\/\/www.fundacionnaturgy.org\/en\/wp-json\/wp\/v2\/media?parent=63511"}],"wp:term":[{"taxonomy":"category","embeddable":true,"href":"https:\/\/www.fundacionnaturgy.org\/en\/wp-json\/wp\/v2\/categories?post=63511"},{"taxonomy":"content-type","embeddable":true,"href":"https:\/\/www.fundacionnaturgy.org\/en\/wp-json\/wp\/v2\/content-type?post=63511"},{"taxonomy":"product_tag","embeddable":true,"href":"https:\/\/www.fundacionnaturgy.org\/en\/wp-json\/wp\/v2\/product_tag?post=63511"}],"curies":[{"name":"wp","href":"https:\/\/api.w.org\/{rel}","templated":true}]}}