{"id":63519,"date":"2018-02-06T22:18:41","date_gmt":"2018-02-06T21:18:41","guid":{"rendered":"https:\/\/www.fundacionnaturgy.org\/producto\/talks-energy-the-environment-and-industry-4-0-valencia\/"},"modified":"2020-02-27T17:55:04","modified_gmt":"2020-02-27T16:55:04","slug":"talks-energy-the-environment-and-industry-4-0-valencia","status":"publish","type":"product","link":"https:\/\/www.fundacionnaturgy.org\/en\/producto\/talks-energy-the-environment-and-industry-4-0-valencia\/","title":{"rendered":"Talks &#8220;Energy, the environment and industry 4.0&#8221;. Valencia"},"content":{"rendered":"<p>Here you can find the talks given at the event on how industry 4.0 can improve energy and environmental management held in Valencia on 6 February 2018 by: Antoni Garrell, Roberto Mil\u00e1n, Jes\u00fas Chapado, Andr\u00e9s Lluna, Ana Mezquita and Javier M\u00ednguez.<\/p>\n","protected":false},"excerpt":{"rendered":"<p>Here you can find the talks given at the event on how industry 4.0 can improve energy and environmental management held in Valencia on 6 February 2018 by: Antoni Garrell, Roberto Mil\u00e1n, Jes\u00fas Chapado, Andr\u00e9s Lluna, Ana Mezquita and Javier M\u00ednguez.<\/p>\n","protected":false},"featured_media":59448,"template":"","meta":{"inline_featured_image":false},"categories":[1199],"content-type":[1177],"product_tag":[],"acf":[],"post_class":["post-63519","product","type-product","status-publish","has-post-thumbnail","hentry","category-technological-innovation","content-type-presentations","wordpress-sticky"],"_links":{"self":[{"href":"https:\/\/www.fundacionnaturgy.org\/en\/wp-json\/wp\/v2\/product\/63519"}],"collection":[{"href":"https:\/\/www.fundacionnaturgy.org\/en\/wp-json\/wp\/v2\/product"}],"about":[{"href":"https:\/\/www.fundacionnaturgy.org\/en\/wp-json\/wp\/v2\/types\/product"}],"wp:featuredmedia":[{"embeddable":true,"href":"https:\/\/www.fundacionnaturgy.org\/en\/wp-json\/wp\/v2\/media\/59448"}],"wp:attachment":[{"href":"https:\/\/www.fundacionnaturgy.org\/en\/wp-json\/wp\/v2\/media?parent=63519"}],"wp:term":[{"taxonomy":"category","embeddable":true,"href":"https:\/\/www.fundacionnaturgy.org\/en\/wp-json\/wp\/v2\/categories?post=63519"},{"taxonomy":"content-type","embeddable":true,"href":"https:\/\/www.fundacionnaturgy.org\/en\/wp-json\/wp\/v2\/content-type?post=63519"},{"taxonomy":"product_tag","embeddable":true,"href":"https:\/\/www.fundacionnaturgy.org\/en\/wp-json\/wp\/v2\/product_tag?post=63519"}],"curies":[{"name":"wp","href":"https:\/\/api.w.org\/{rel}","templated":true}]}}