{"id":63887,"date":"2018-11-07T12:22:36","date_gmt":"2018-11-07T11:22:36","guid":{"rendered":"https:\/\/www.fundacionnaturgy.org\/?post_type=product&#038;p=63887"},"modified":"2019-07-08T12:33:15","modified_gmt":"2019-07-08T10:33:15","slug":"talks-the-spanish-electricity-market-and-the-energy-transition-tarragona","status":"publish","type":"product","link":"https:\/\/www.fundacionnaturgy.org\/en\/producto\/talks-the-spanish-electricity-market-and-the-energy-transition-tarragona\/","title":{"rendered":"Talks &#8220;The Spanish electricity market and the energy transition&#8221;. Tarragona"},"content":{"rendered":"<p>Here you can find the talks given at the event on leadership skills for exporting held in A Coru\u00f1a on 7 November 2018 by: Daniel Cerqueiro, Emili Segura, Matilde D\u00edaz Fojo, Jos\u00e9 Manuel Fuentes and Marcos Abollado.<\/p>\n","protected":false},"excerpt":{"rendered":"<p>Here you can find the talks given at the event on leadership skills for exporting held in A Coru\u00f1a on 7 November 2018 by: Daniel Cerqueiro, Emili Segura, Matilde D\u00edaz Fojo, Jos\u00e9 Manuel Fuentes and Marcos Abollado.<\/p>\n","protected":false},"featured_media":0,"template":"","meta":{"inline_featured_image":false},"categories":[],"content-type":[],"product_tag":[],"acf":[],"post_class":["post-63887","product","type-product","status-publish","hentry","wordpress-sticky"],"_links":{"self":[{"href":"https:\/\/www.fundacionnaturgy.org\/en\/wp-json\/wp\/v2\/product\/63887"}],"collection":[{"href":"https:\/\/www.fundacionnaturgy.org\/en\/wp-json\/wp\/v2\/product"}],"about":[{"href":"https:\/\/www.fundacionnaturgy.org\/en\/wp-json\/wp\/v2\/types\/product"}],"wp:attachment":[{"href":"https:\/\/www.fundacionnaturgy.org\/en\/wp-json\/wp\/v2\/media?parent=63887"}],"wp:term":[{"taxonomy":"category","embeddable":true,"href":"https:\/\/www.fundacionnaturgy.org\/en\/wp-json\/wp\/v2\/categories?post=63887"},{"taxonomy":"content-type","embeddable":true,"href":"https:\/\/www.fundacionnaturgy.org\/en\/wp-json\/wp\/v2\/content-type?post=63887"},{"taxonomy":"product_tag","embeddable":true,"href":"https:\/\/www.fundacionnaturgy.org\/en\/wp-json\/wp\/v2\/product_tag?post=63887"}],"curies":[{"name":"wp","href":"https:\/\/api.w.org\/{rel}","templated":true}]}}