{"id":63890,"date":"2017-06-08T12:22:19","date_gmt":"2017-06-08T10:22:19","guid":{"rendered":"https:\/\/www.fundacionnaturgy.org\/?post_type=product&#038;p=63890"},"modified":"2020-02-27T17:56:35","modified_gmt":"2020-02-27T16:56:35","slug":"talks-new-decontamination-plan-of-the-metropolitan-region-chile","status":"publish","type":"product","link":"https:\/\/www.fundacionnaturgy.org\/en\/producto\/talks-new-decontamination-plan-of-the-metropolitan-region-chile\/","title":{"rendered":"Talks &#8220;New Decontamination Plan of the Metropolitan Region&#8221;. Chile"},"content":{"rendered":"<p>Here you can find the talks given at the event held in Santiago, Chile on 8 June 2017 on the Decontamination Plan of the Metropolitan Region as an opportunity to improve air quality in cities and the role that natural gas can play. Speakers: Mauricio Osses, Fabi\u00e1n Hormaz\u00e1bal, Enrique Paris and Jos\u00e9 Manuel Dom\u00ednguez Cerdeira.<\/p>\n<p>&nbsp;<\/p>\n","protected":false},"excerpt":{"rendered":"<p>Here you can find the talks given at the event held in Santiago, Chile on 8 June 2017 on the Decontamination Plan of the Metropolitan Region as an opportunity to improve air quality in cities and the role that natural gas can play. Speakers: Mauricio Osses, Fabi\u00e1n Hormaz\u00e1bal, Enrique Paris and Jos\u00e9 Manuel Dom\u00ednguez Cerdeira.<\/p>\n","protected":false},"featured_media":53864,"template":"","meta":{"inline_featured_image":false},"categories":[1190,1195],"content-type":[1177],"product_tag":[],"acf":[],"post_class":["post-63890","product","type-product","status-publish","has-post-thumbnail","hentry","category-air-quality","category-environment","content-type-presentations","wordpress-sticky"],"_links":{"self":[{"href":"https:\/\/www.fundacionnaturgy.org\/en\/wp-json\/wp\/v2\/product\/63890"}],"collection":[{"href":"https:\/\/www.fundacionnaturgy.org\/en\/wp-json\/wp\/v2\/product"}],"about":[{"href":"https:\/\/www.fundacionnaturgy.org\/en\/wp-json\/wp\/v2\/types\/product"}],"wp:featuredmedia":[{"embeddable":true,"href":"https:\/\/www.fundacionnaturgy.org\/en\/wp-json\/wp\/v2\/media\/53864"}],"wp:attachment":[{"href":"https:\/\/www.fundacionnaturgy.org\/en\/wp-json\/wp\/v2\/media?parent=63890"}],"wp:term":[{"taxonomy":"category","embeddable":true,"href":"https:\/\/www.fundacionnaturgy.org\/en\/wp-json\/wp\/v2\/categories?post=63890"},{"taxonomy":"content-type","embeddable":true,"href":"https:\/\/www.fundacionnaturgy.org\/en\/wp-json\/wp\/v2\/content-type?post=63890"},{"taxonomy":"product_tag","embeddable":true,"href":"https:\/\/www.fundacionnaturgy.org\/en\/wp-json\/wp\/v2\/product_tag?post=63890"}],"curies":[{"name":"wp","href":"https:\/\/api.w.org\/{rel}","templated":true}]}}