{"id":64446,"date":"2019-06-19T10:25:56","date_gmt":"2019-06-19T08:25:56","guid":{"rendered":"https:\/\/www.fundacionnaturgy.org\/producto\/talks-from-the-second-seminar-of-the-ii-technology-forum-technical-scientific-bases-to-improve-air-quality-in-spain-valencia\/"},"modified":"2020-02-27T17:50:28","modified_gmt":"2020-02-27T16:50:28","slug":"talks-from-the-second-seminar-of-the-ii-technology-forum-technical-scientific-bases-to-improve-air-quality-in-spain-valencia","status":"publish","type":"product","link":"https:\/\/www.fundacionnaturgy.org\/en\/producto\/talks-from-the-second-seminar-of-the-ii-technology-forum-technical-scientific-bases-to-improve-air-quality-in-spain-valencia\/","title":{"rendered":"Talks from the second seminar of the II Technology Forum \u201cTechnical scientific bases to improve air quality in Spain\u201d. Valencia"},"content":{"rendered":"<p>Here you can find the talks given at the second seminar on air quality held in Valencia on 12 June 2019 by:\u00a0Eliseo Monfort,\u00a0Olga Fraile,\u00a0Txema Manche\u00f1o,\u00a0Jes\u00fas de la Rosa,\u00a0Beatriz Fat\u00e1s,\u00a0Obdulio Serrano,\u00a0Xavier Querol,\u00a0Meritxell Margarit,\u00a0Xavier Sanyer,\u00a0Juli Burriel,\u00a0\u00c1ngeles Crist\u00f3bal,\u00a0Jordi Remirez,\u00a0Frances Robust\u00e9.<\/p>\n","protected":false},"excerpt":{"rendered":"<p>Here you can find the talks given at the second seminar on air quality held in Valencia on 12 June 2019 by: Eliseo Monfort, Olga Fraile, Txema Manche\u00f1o, Jes\u00fas de la Rosa, Beatriz Fat\u00e1s, Obdulio Serrano, Xavier Querol, Meritxell Margarit, Xavier Sanyer, Juli Burriel, \u00c1ngeles Crist\u00f3bal, Jordi Remirez, Frances Robust\u00e9.<\/p>\n","protected":false},"featured_media":53779,"template":"","meta":{"inline_featured_image":false},"categories":[1190],"content-type":[1177],"product_tag":[],"acf":[],"post_class":["post-64446","product","type-product","status-publish","has-post-thumbnail","hentry","category-air-quality","content-type-presentations","wordpress-sticky"],"_links":{"self":[{"href":"https:\/\/www.fundacionnaturgy.org\/en\/wp-json\/wp\/v2\/product\/64446"}],"collection":[{"href":"https:\/\/www.fundacionnaturgy.org\/en\/wp-json\/wp\/v2\/product"}],"about":[{"href":"https:\/\/www.fundacionnaturgy.org\/en\/wp-json\/wp\/v2\/types\/product"}],"wp:featuredmedia":[{"embeddable":true,"href":"https:\/\/www.fundacionnaturgy.org\/en\/wp-json\/wp\/v2\/media\/53779"}],"wp:attachment":[{"href":"https:\/\/www.fundacionnaturgy.org\/en\/wp-json\/wp\/v2\/media?parent=64446"}],"wp:term":[{"taxonomy":"category","embeddable":true,"href":"https:\/\/www.fundacionnaturgy.org\/en\/wp-json\/wp\/v2\/categories?post=64446"},{"taxonomy":"content-type","embeddable":true,"href":"https:\/\/www.fundacionnaturgy.org\/en\/wp-json\/wp\/v2\/content-type?post=64446"},{"taxonomy":"product_tag","embeddable":true,"href":"https:\/\/www.fundacionnaturgy.org\/en\/wp-json\/wp\/v2\/product_tag?post=64446"}],"curies":[{"name":"wp","href":"https:\/\/api.w.org\/{rel}","templated":true}]}}