{"id":65405,"date":"2017-11-08T10:15:37","date_gmt":"2017-11-08T09:15:37","guid":{"rendered":"https:\/\/www.fundacionnaturgy.org\/producto\/talks-on-natural-gas-in-transport-environmental-and-economic-advantages-logrono\/"},"modified":"2020-02-27T17:55:13","modified_gmt":"2020-02-27T16:55:13","slug":"talks-on-natural-gas-in-transport-environmental-and-economic-advantages-logrono","status":"publish","type":"product","link":"https:\/\/www.fundacionnaturgy.org\/en\/producto\/talks-on-natural-gas-in-transport-environmental-and-economic-advantages-logrono\/","title":{"rendered":"Talks \u201cNatural gas in transport: environmental and economic advantages\u201d. Logro\u00f1o"},"content":{"rendered":"<p>Here you can find the talks given at the event on manufacturer commitment to natural gas vehicles held in Logro\u00f1o on 8 November 2017 by:\u00a0Jos\u00e9 M\u00aa L\u00f3pez, Benito P\u00e1ramo, Ram\u00f3n Calder\u00f3n, Juan \u00c1ngel Terr\u00f3n and May L\u00f3pez.<\/p>\n","protected":false},"excerpt":{"rendered":"<p>Here you can find the talks given at the event on manufacturer commitment to natural gas vehicles held in Logro\u00f1o on 8 November 2017 by: Jos\u00e9 M\u00aa L\u00f3pez, Benito P\u00e1ramo, Ram\u00f3n Calder\u00f3n, Juan \u00c1ngel Terr\u00f3n and May L\u00f3pez.<\/p>\n","protected":false},"featured_media":56674,"template":"","meta":{"inline_featured_image":false},"categories":[1191],"content-type":[1177],"product_tag":[],"acf":[],"post_class":["post-65405","product","type-product","status-publish","has-post-thumbnail","hentry","category-energy-and-transport","content-type-presentations","wordpress-sticky"],"_links":{"self":[{"href":"https:\/\/www.fundacionnaturgy.org\/en\/wp-json\/wp\/v2\/product\/65405"}],"collection":[{"href":"https:\/\/www.fundacionnaturgy.org\/en\/wp-json\/wp\/v2\/product"}],"about":[{"href":"https:\/\/www.fundacionnaturgy.org\/en\/wp-json\/wp\/v2\/types\/product"}],"wp:featuredmedia":[{"embeddable":true,"href":"https:\/\/www.fundacionnaturgy.org\/en\/wp-json\/wp\/v2\/media\/56674"}],"wp:attachment":[{"href":"https:\/\/www.fundacionnaturgy.org\/en\/wp-json\/wp\/v2\/media?parent=65405"}],"wp:term":[{"taxonomy":"category","embeddable":true,"href":"https:\/\/www.fundacionnaturgy.org\/en\/wp-json\/wp\/v2\/categories?post=65405"},{"taxonomy":"content-type","embeddable":true,"href":"https:\/\/www.fundacionnaturgy.org\/en\/wp-json\/wp\/v2\/content-type?post=65405"},{"taxonomy":"product_tag","embeddable":true,"href":"https:\/\/www.fundacionnaturgy.org\/en\/wp-json\/wp\/v2\/product_tag?post=65405"}],"curies":[{"name":"wp","href":"https:\/\/api.w.org\/{rel}","templated":true}]}}