{"id":65410,"date":"2017-10-11T10:45:52","date_gmt":"2017-10-11T08:45:52","guid":{"rendered":"https:\/\/www.fundacionnaturgy.org\/producto\/talks-on-smart-cities-assessment-and-practical-cases-in-energy-efficiency-santander\/"},"modified":"2020-02-27T17:55:23","modified_gmt":"2020-02-27T16:55:23","slug":"talks-on-smart-cities-assessment-and-practical-cases-in-energy-efficiency-santander","status":"publish","type":"product","link":"https:\/\/www.fundacionnaturgy.org\/en\/producto\/talks-on-smart-cities-assessment-and-practical-cases-in-energy-efficiency-santander\/","title":{"rendered":"Talks \u201cSmart cities: assessment and practical cases in energy efficiency\u201d. Santander"},"content":{"rendered":"<p>Here you can find the talks given on 11 October 2017 in Santander on the possibility of quantifying the artificial intelligence of a city and the results on an international level. Presentations by: Rosa Mar\u00eda Arce, Concepci\u00f3n Moreno, Rudolf Giffinger, Milagros Rey, Rafael Jim\u00e9nez, Mario Cort\u00e9s and Gema Igual.<\/p>\n<p>&nbsp;<\/p>\n<p>&nbsp;<\/p>\n<div class=\"off-canvas-wrap\" data-offcanvas=\"\">\n<div class=\"inner-wrap\">\n<div id=\"page\" class=\"hfeed site container\">\n<div id=\"content\" class=\"site-content row\">\n<section id=\"primary\" class=\"content-area small-12 columns\">\n<div id=\"tribe-events-pg-template\">\n<div id=\"tribe-events-content\" class=\"tribe-events-single vevent hentry\">\n<div class=\"row tribe-events-header\">\n<div class=\"medium-6 columns\">\n<div class=\"intro\">\n<p>&nbsp;<\/p>\n<\/div>\n<\/div>\n<\/div>\n<\/div>\n<\/div>\n<\/section>\n<\/div>\n<\/div>\n<\/div>\n<\/div>\n","protected":false},"excerpt":{"rendered":"<p>Here you can find the talks given on 11 October 2017 in Santander on the possibility of quantifying the artificial intelligence of a city and the results on an international level. Presentations by: Rosa Mar\u00eda Arce, Concepci\u00f3n Moreno, Rudolf Giffinger, Milagros Rey, Rafael Jim\u00e9nez, Mario Cort\u00e9s and Gema Igual.<\/p>\n","protected":false},"featured_media":53885,"template":"","meta":{"inline_featured_image":false},"categories":[1192,1199],"content-type":[1177],"product_tag":[],"acf":[],"post_class":["post-65410","product","type-product","status-publish","has-post-thumbnail","hentry","category-energy-efficiency","category-technological-innovation","content-type-presentations","wordpress-sticky"],"_links":{"self":[{"href":"https:\/\/www.fundacionnaturgy.org\/en\/wp-json\/wp\/v2\/product\/65410"}],"collection":[{"href":"https:\/\/www.fundacionnaturgy.org\/en\/wp-json\/wp\/v2\/product"}],"about":[{"href":"https:\/\/www.fundacionnaturgy.org\/en\/wp-json\/wp\/v2\/types\/product"}],"wp:featuredmedia":[{"embeddable":true,"href":"https:\/\/www.fundacionnaturgy.org\/en\/wp-json\/wp\/v2\/media\/53885"}],"wp:attachment":[{"href":"https:\/\/www.fundacionnaturgy.org\/en\/wp-json\/wp\/v2\/media?parent=65410"}],"wp:term":[{"taxonomy":"category","embeddable":true,"href":"https:\/\/www.fundacionnaturgy.org\/en\/wp-json\/wp\/v2\/categories?post=65410"},{"taxonomy":"content-type","embeddable":true,"href":"https:\/\/www.fundacionnaturgy.org\/en\/wp-json\/wp\/v2\/content-type?post=65410"},{"taxonomy":"product_tag","embeddable":true,"href":"https:\/\/www.fundacionnaturgy.org\/en\/wp-json\/wp\/v2\/product_tag?post=65410"}],"curies":[{"name":"wp","href":"https:\/\/api.w.org\/{rel}","templated":true}]}}