{"id":65414,"date":"2017-06-29T14:51:32","date_gmt":"2017-06-29T12:51:32","guid":{"rendered":"https:\/\/www.fundacionnaturgy.org\/producto\/talks-on-energy-and-environmental-issues-in-industry-4-0-toledo\/"},"modified":"2020-02-27T17:55:33","modified_gmt":"2020-02-27T16:55:33","slug":"talks-on-energy-and-environmental-issues-in-industry-4-0-toledo","status":"publish","type":"product","link":"https:\/\/www.fundacionnaturgy.org\/en\/producto\/talks-on-energy-and-environmental-issues-in-industry-4-0-toledo\/","title":{"rendered":"Talks \u201cEnergy and environmental issues in Industry 4.0\u201d. Toledo"},"content":{"rendered":"<p>Here you can find the talks given at the event held in Toledo on 29 June 2017 on industry 4.0 in the renewable energy, automotive and electronics sectors. Exhibitions by: Mariano Ventosa, Jes\u00fas Chapado, Carmen del R\u00edo, Adriano Garc\u00eda and Venancio Alberca.<\/p>\n<p>&nbsp;<\/p>\n","protected":false},"excerpt":{"rendered":"<p>Here you can find the talks given at the event held in Toledo on 29 June 2017 on industry 4.0 in the renewable energy, automotive and electronics sectors. Exhibitions by: Mariano Ventosa, Jes\u00fas Chapado, Carmen del R\u00edo, Adriano Garc\u00eda and Venancio Alberca.<\/p>\n","protected":false},"featured_media":53844,"template":"","meta":{"inline_featured_image":false},"categories":[1199],"content-type":[1177],"product_tag":[],"acf":[],"post_class":["post-65414","product","type-product","status-publish","has-post-thumbnail","hentry","category-technological-innovation","content-type-presentations","wordpress-sticky"],"_links":{"self":[{"href":"https:\/\/www.fundacionnaturgy.org\/en\/wp-json\/wp\/v2\/product\/65414"}],"collection":[{"href":"https:\/\/www.fundacionnaturgy.org\/en\/wp-json\/wp\/v2\/product"}],"about":[{"href":"https:\/\/www.fundacionnaturgy.org\/en\/wp-json\/wp\/v2\/types\/product"}],"wp:featuredmedia":[{"embeddable":true,"href":"https:\/\/www.fundacionnaturgy.org\/en\/wp-json\/wp\/v2\/media\/53844"}],"wp:attachment":[{"href":"https:\/\/www.fundacionnaturgy.org\/en\/wp-json\/wp\/v2\/media?parent=65414"}],"wp:term":[{"taxonomy":"category","embeddable":true,"href":"https:\/\/www.fundacionnaturgy.org\/en\/wp-json\/wp\/v2\/categories?post=65414"},{"taxonomy":"content-type","embeddable":true,"href":"https:\/\/www.fundacionnaturgy.org\/en\/wp-json\/wp\/v2\/content-type?post=65414"},{"taxonomy":"product_tag","embeddable":true,"href":"https:\/\/www.fundacionnaturgy.org\/en\/wp-json\/wp\/v2\/product_tag?post=65414"}],"curies":[{"name":"wp","href":"https:\/\/api.w.org\/{rel}","templated":true}]}}