{"id":65416,"date":"2017-06-13T16:09:45","date_gmt":"2017-06-13T14:09:45","guid":{"rendered":"https:\/\/www.fundacionnaturgy.org\/producto\/talks-on-the-energy-transition-and-the-electricity-market-valladolid\/"},"modified":"2020-02-27T17:55:43","modified_gmt":"2020-02-27T16:55:43","slug":"talks-on-the-energy-transition-and-the-electricity-market-valladolid","status":"publish","type":"product","link":"https:\/\/www.fundacionnaturgy.org\/en\/producto\/talks-on-the-energy-transition-and-the-electricity-market-valladolid\/","title":{"rendered":"Talks \u201cThe energy transition and the electricity market\u201d. Valladolid"},"content":{"rendered":"<p>Here you can find the talks given at the event on the sustainability of the Spanish electricity market\u2019s current operation and the energy transition held in Valladolid on 13 June 2017 by. Speakers: Jos\u00e9 Luis Sancha, Tom\u00e1s Dom\u00ednguez, Esther Garc\u00eda, Jos\u00e9 Salmer\u00f3n, Ant\u00f3n Riestra and Juan Bogas.<\/p>\n","protected":false},"excerpt":{"rendered":"<p>Here you can find the talks given at the event on the sustainability of the Spanish electricity market\u2019s current operation and the energy transition held in Valladolid on 13 June 2017 by. Speakers: Jos\u00e9 Luis Sancha, Tom\u00e1s Dom\u00ednguez, Esther Garc\u00eda, Jos\u00e9 Salmer\u00f3n, Ant\u00f3n Riestra and Juan Bogas.<\/p>\n","protected":false},"featured_media":53840,"template":"","meta":{"inline_featured_image":false},"categories":[1193],"content-type":[1177],"product_tag":[],"acf":[],"post_class":["post-65416","product","type-product","status-publish","has-post-thumbnail","hentry","category-energy-transition","content-type-presentations","wordpress-sticky"],"_links":{"self":[{"href":"https:\/\/www.fundacionnaturgy.org\/en\/wp-json\/wp\/v2\/product\/65416"}],"collection":[{"href":"https:\/\/www.fundacionnaturgy.org\/en\/wp-json\/wp\/v2\/product"}],"about":[{"href":"https:\/\/www.fundacionnaturgy.org\/en\/wp-json\/wp\/v2\/types\/product"}],"wp:featuredmedia":[{"embeddable":true,"href":"https:\/\/www.fundacionnaturgy.org\/en\/wp-json\/wp\/v2\/media\/53840"}],"wp:attachment":[{"href":"https:\/\/www.fundacionnaturgy.org\/en\/wp-json\/wp\/v2\/media?parent=65416"}],"wp:term":[{"taxonomy":"category","embeddable":true,"href":"https:\/\/www.fundacionnaturgy.org\/en\/wp-json\/wp\/v2\/categories?post=65416"},{"taxonomy":"content-type","embeddable":true,"href":"https:\/\/www.fundacionnaturgy.org\/en\/wp-json\/wp\/v2\/content-type?post=65416"},{"taxonomy":"product_tag","embeddable":true,"href":"https:\/\/www.fundacionnaturgy.org\/en\/wp-json\/wp\/v2\/product_tag?post=65416"}],"curies":[{"name":"wp","href":"https:\/\/api.w.org\/{rel}","templated":true}]}}