{"id":70276,"date":"2020-02-13T11:11:13","date_gmt":"2020-02-13T10:11:13","guid":{"rendered":"https:\/\/www.fundacionnaturgy.org\/producto\/talks-changing-the-energy-model-to-improve-air-quality-seville\/"},"modified":"2020-02-27T17:48:01","modified_gmt":"2020-02-27T16:48:01","slug":"talks-changing-the-energy-model-to-improve-air-quality-seville","status":"publish","type":"product","link":"https:\/\/www.fundacionnaturgy.org\/en\/producto\/talks-changing-the-energy-model-to-improve-air-quality-seville\/","title":{"rendered":"Talks \u201cChanging the energy model to improve air quality\u201d Seville"},"content":{"rendered":"<p>Here you can find the talks from the seminar \u201cChanging the energy model to improve air quality\u201d, held in Seville on 12 February 2020, by: Vicente\u00a0Cort\u00e9s, Jes\u00fas de la Rosa, Crist\u00f3bal\u00a0S\u00e1nchez, Jaime\u00a0Briales and Juan\u00a0Azc\u00e1rate.<\/p>\n","protected":false},"excerpt":{"rendered":"<p>Here you can find the talks given at the seminar \u201cChanging the energy model to improve air quality\u201d, held in Seville on 12 February 2020, by: Vicente\u00a0Cort\u00e9s, Jes\u00fas de la Rosa, Crist\u00f3bal\u00a0S\u00e1nchez, Jaime\u00a0Briales and Juan\u00a0Azc\u00e1rate.<\/p>\n","protected":false},"featured_media":67587,"template":"","meta":{"inline_featured_image":false},"categories":[1190,1191,1193,1195,1198],"content-type":[1177],"product_tag":[],"acf":[],"post_class":["post-70276","product","type-product","status-publish","has-post-thumbnail","hentry","category-air-quality","category-energy-and-transport","category-energy-transition","category-environment","category-renewable-energies","content-type-presentations","wordpress-sticky"],"_links":{"self":[{"href":"https:\/\/www.fundacionnaturgy.org\/en\/wp-json\/wp\/v2\/product\/70276"}],"collection":[{"href":"https:\/\/www.fundacionnaturgy.org\/en\/wp-json\/wp\/v2\/product"}],"about":[{"href":"https:\/\/www.fundacionnaturgy.org\/en\/wp-json\/wp\/v2\/types\/product"}],"wp:featuredmedia":[{"embeddable":true,"href":"https:\/\/www.fundacionnaturgy.org\/en\/wp-json\/wp\/v2\/media\/67587"}],"wp:attachment":[{"href":"https:\/\/www.fundacionnaturgy.org\/en\/wp-json\/wp\/v2\/media?parent=70276"}],"wp:term":[{"taxonomy":"category","embeddable":true,"href":"https:\/\/www.fundacionnaturgy.org\/en\/wp-json\/wp\/v2\/categories?post=70276"},{"taxonomy":"content-type","embeddable":true,"href":"https:\/\/www.fundacionnaturgy.org\/en\/wp-json\/wp\/v2\/content-type?post=70276"},{"taxonomy":"product_tag","embeddable":true,"href":"https:\/\/www.fundacionnaturgy.org\/en\/wp-json\/wp\/v2\/product_tag?post=70276"}],"curies":[{"name":"wp","href":"https:\/\/api.w.org\/{rel}","templated":true}]}}