{"id":79367,"date":"2021-06-30T10:38:23","date_gmt":"2021-06-30T08:38:23","guid":{"rendered":"https:\/\/www.fundacionnaturgy.org\/producto\/video-of-the-webinar-conversations-on-the-development-of-hydrogen-and-its-markets-with-javier-brey-and-raul-yunta\/"},"modified":"2021-06-30T10:38:23","modified_gmt":"2021-06-30T08:38:23","slug":"video-of-the-webinar-conversations-on-the-development-of-hydrogen-and-its-markets-with-javier-brey-and-raul-yunta","status":"publish","type":"product","link":"https:\/\/www.fundacionnaturgy.org\/en\/producto\/video-of-the-webinar-conversations-on-the-development-of-hydrogen-and-its-markets-with-javier-brey-and-raul-yunta\/","title":{"rendered":"Video of the webinar &#8220;Conversations on the development of hydrogen and its markets with Javier Brey and Ra\u00fal Yunta&#8221;"},"content":{"rendered":null,"protected":false},"excerpt":{"rendered":"<p>On 30 June, Naturgy Foundation and the Spanish Chapter of the Club of Rome held their second webinar based on expert conversations on current affairs relating to energy, the environment, and sustainability. This session, in partnership with the Spanish Hydrogen Association (Asociaci\u00f3n Espa\u00f1ola del Hidr\u00f3geno, AeH2) and MIBGAS, discussed the development of hydrogen and its markets in the context of increased interest and support for this energy source in Spain and in Europe.<\/p>\n","protected":false},"featured_media":78952,"template":"","meta":{"inline_featured_image":false},"categories":[1190,1193,1195,1198],"content-type":[1176],"product_tag":[],"acf":[],"post_class":["post-79367","product","type-product","status-publish","has-post-thumbnail","hentry","category-air-quality","category-energy-transition","category-environment","category-renewable-energies","content-type-videos","wordpress-sticky"],"_links":{"self":[{"href":"https:\/\/www.fundacionnaturgy.org\/en\/wp-json\/wp\/v2\/product\/79367"}],"collection":[{"href":"https:\/\/www.fundacionnaturgy.org\/en\/wp-json\/wp\/v2\/product"}],"about":[{"href":"https:\/\/www.fundacionnaturgy.org\/en\/wp-json\/wp\/v2\/types\/product"}],"wp:featuredmedia":[{"embeddable":true,"href":"https:\/\/www.fundacionnaturgy.org\/en\/wp-json\/wp\/v2\/media\/78952"}],"wp:attachment":[{"href":"https:\/\/www.fundacionnaturgy.org\/en\/wp-json\/wp\/v2\/media?parent=79367"}],"wp:term":[{"taxonomy":"category","embeddable":true,"href":"https:\/\/www.fundacionnaturgy.org\/en\/wp-json\/wp\/v2\/categories?post=79367"},{"taxonomy":"content-type","embeddable":true,"href":"https:\/\/www.fundacionnaturgy.org\/en\/wp-json\/wp\/v2\/content-type?post=79367"},{"taxonomy":"product_tag","embeddable":true,"href":"https:\/\/www.fundacionnaturgy.org\/en\/wp-json\/wp\/v2\/product_tag?post=79367"}],"curies":[{"name":"wp","href":"https:\/\/api.w.org\/{rel}","templated":true}]}}