{"id":83683,"date":"2022-01-28T11:17:06","date_gmt":"2022-01-28T10:17:06","guid":{"rendered":"https:\/\/www.fundacionnaturgy.org\/producto\/jobs-that-the-energy-sector-will-demand\/"},"modified":"2022-10-27T12:29:45","modified_gmt":"2022-10-27T10:29:45","slug":"jobs-that-the-energy-sector-will-demand","status":"publish","type":"product","link":"https:\/\/www.fundacionnaturgy.org\/en\/producto\/jobs-that-the-energy-sector-will-demand\/","title":{"rendered":"Jobs that the energy sector will demand"},"content":{"rendered":"<p>[vc_row][vc_column][vc_column_text]Ante un contexto como el actual, de\u00a0<strong>recuperaci\u00f3n socioecon\u00f3mica, de\u00a0descarbonizaci\u00f3n y de digitalizaci\u00f3n de\u00a0la econom\u00eda, <\/strong>resulta vital proporcionar\u00a0un marco de reflexi\u00f3n acerca del<strong> futuro\u00a0del trabajo en el sector energ\u00e9tico<\/strong>. Dicho\u00a0marco debe dar soluciones relevantes e\u00a0innovadoras a, como m\u00ednimo, las siguientes\u00a0preguntas:\u00a0\u00bfqu\u00e9 va a pasar con el empleo\u00a0en las pr\u00f3ximas d\u00e9cadas?,\u00a0\u00bfcu\u00e1les ser\u00e1n las nuevas profesiones? \u00bfqu\u00e9 formaci\u00f3n, competencias y habilidades ser\u00e1n claves\u00a0para los empleos del futuro? \u00bfc\u00f3mo se podr\u00e1n beneficiar los colectivos m\u00e1s vulnerables\u00a0de las oportunidades de empleo generadas por la transici\u00f3n\u00a0ecol\u00f3gica de la econom\u00eda?[\/vc_column_text][\/vc_column][\/vc_row]<\/p>\n","protected":false},"excerpt":{"rendered":"<p>[vc_row][vc_column][vc_column_text]Ante un contexto como el actual, de\u00a0recuperaci\u00f3n socioecon\u00f3mica, de\u00a0descarbonizaci\u00f3n y de digitalizaci\u00f3n de\u00a0la econom\u00eda, resulta vital proporcionar\u00a0un marco de reflexi\u00f3n acerca del futuro\u00a0del trabajo en el sector energ\u00e9tico. Dicho\u00a0marco debe<span class=\"more-link\"><a href=\"https:\/\/www.fundacionnaturgy.org\/en\/producto\/jobs-that-the-energy-sector-will-demand\/\">Leer m\u00e1s<\/a><\/span><\/p>\n","protected":false},"featured_media":80596,"template":"","meta":{"inline_featured_image":false},"categories":[1193,1194],"content-type":[1173,1176],"product_tag":[],"acf":[],"post_class":["post-83683","product","type-product","status-publish","has-post-thumbnail","hentry","category-energy-transition","category-energy-vulnerability","content-type-articles-and-reports","content-type-videos","wordpress-sticky"],"_links":{"self":[{"href":"https:\/\/www.fundacionnaturgy.org\/en\/wp-json\/wp\/v2\/product\/83683"}],"collection":[{"href":"https:\/\/www.fundacionnaturgy.org\/en\/wp-json\/wp\/v2\/product"}],"about":[{"href":"https:\/\/www.fundacionnaturgy.org\/en\/wp-json\/wp\/v2\/types\/product"}],"wp:featuredmedia":[{"embeddable":true,"href":"https:\/\/www.fundacionnaturgy.org\/en\/wp-json\/wp\/v2\/media\/80596"}],"wp:attachment":[{"href":"https:\/\/www.fundacionnaturgy.org\/en\/wp-json\/wp\/v2\/media?parent=83683"}],"wp:term":[{"taxonomy":"category","embeddable":true,"href":"https:\/\/www.fundacionnaturgy.org\/en\/wp-json\/wp\/v2\/categories?post=83683"},{"taxonomy":"content-type","embeddable":true,"href":"https:\/\/www.fundacionnaturgy.org\/en\/wp-json\/wp\/v2\/content-type?post=83683"},{"taxonomy":"product_tag","embeddable":true,"href":"https:\/\/www.fundacionnaturgy.org\/en\/wp-json\/wp\/v2\/product_tag?post=83683"}],"curies":[{"name":"wp","href":"https:\/\/api.w.org\/{rel}","templated":true}]}}