{"id":90190,"date":"2024-07-18T12:21:41","date_gmt":"2024-07-18T10:21:41","guid":{"rendered":""},"modified":"2024-11-11T11:17:12","modified_gmt":"2024-11-11T10:17:12","slug":"informe-2023-el-sector-electric-espanyol-en-numeros","status":"publish","type":"product","link":"https:\/\/www.fundacionnaturgy.org\/en\/producto\/informe-2023-el-sector-electric-espanyol-en-numeros\/","title":{"rendered":"Report 2023. The Spanish electricity sector in numbers"},"content":{"rendered":"<p>Annual report that compiles the main official data published on the activity of the electricity sector, with special emphasis on those of an economic nature. It compiles information for the year 2023 and is complemented with that for the period 2019-2023.<\/p>\n","protected":false},"excerpt":{"rendered":"<p>Informe anual que recull de forma agrupada les principals dades oficials publicades de l&#8217;activitat del sector el\u00e8ctric, amb especial \u00e8mfasi en les de naturalesa econ\u00f2mica. Recopila la informaci\u00f3 corresponent a l&#8217;any 2023 i es complementa amb la del per\u00edode 2019-2023.<\/p>\n","protected":false},"featured_media":89955,"template":"","meta":{"inline_featured_image":false},"categories":[1234,1193,1195],"content-type":[1173,1176],"product_tag":[],"acf":[],"post_class":["post-90190","product","type-product","status-publish","has-post-thumbnail","hentry","category-energy","category-energy-transition","category-environment","content-type-articles-and-reports","content-type-videos","wordpress-sticky"],"_links":{"self":[{"href":"https:\/\/www.fundacionnaturgy.org\/en\/wp-json\/wp\/v2\/product\/90190"}],"collection":[{"href":"https:\/\/www.fundacionnaturgy.org\/en\/wp-json\/wp\/v2\/product"}],"about":[{"href":"https:\/\/www.fundacionnaturgy.org\/en\/wp-json\/wp\/v2\/types\/product"}],"wp:featuredmedia":[{"embeddable":true,"href":"https:\/\/www.fundacionnaturgy.org\/en\/wp-json\/wp\/v2\/media\/89955"}],"wp:attachment":[{"href":"https:\/\/www.fundacionnaturgy.org\/en\/wp-json\/wp\/v2\/media?parent=90190"}],"wp:term":[{"taxonomy":"category","embeddable":true,"href":"https:\/\/www.fundacionnaturgy.org\/en\/wp-json\/wp\/v2\/categories?post=90190"},{"taxonomy":"content-type","embeddable":true,"href":"https:\/\/www.fundacionnaturgy.org\/en\/wp-json\/wp\/v2\/content-type?post=90190"},{"taxonomy":"product_tag","embeddable":true,"href":"https:\/\/www.fundacionnaturgy.org\/en\/wp-json\/wp\/v2\/product_tag?post=90190"}],"curies":[{"name":"wp","href":"https:\/\/api.w.org\/{rel}","templated":true}]}}