{"id":91133,"date":"2024-12-13T10:17:28","date_gmt":"2024-12-13T09:17:28","guid":{"rendered":"https:\/\/www.fundacionnaturgy.org\/?post_type=product&#038;p=91133"},"modified":"2024-12-20T09:56:20","modified_gmt":"2024-12-20T08:56:20","slug":"taxation-of-the-electricity-sector-in-spain-today","status":"publish","type":"product","link":"https:\/\/www.fundacionnaturgy.org\/en\/producto\/taxation-of-the-electricity-sector-in-spain-today\/","title":{"rendered":"Taxation of the electricity sector in Spain today"},"content":{"rendered":"<p>The Naturgy Foundation publishes the report <em>La fiscalidad del sector de la energ\u00eda el\u00e9ctrica en Espa\u00f1a en la actualidad<\/em> (Taxation of the electricity sector in Spain today), prepared by consultancy firm EY. The report addresses the sector value chain, organising the wide range of applicable tax figures and analysing its territorial scope of application.<\/p>\n","protected":false},"excerpt":{"rendered":"<p>The Naturgy Foundation publishes the report La fiscalidad del sector de la energ\u00eda el\u00e9ctrica en Espa\u00f1a en la actualidad (Taxation of the electricity sector in Spain today), prepared by consultancy<span class=\"more-link\"><a href=\"https:\/\/www.fundacionnaturgy.org\/en\/producto\/taxation-of-the-electricity-sector-in-spain-today\/\">Leer m\u00e1s<\/a><\/span><\/p>\n","protected":false},"featured_media":91061,"template":"","meta":{"inline_featured_image":false},"categories":[1234,1193,1195],"content-type":[1173],"product_tag":[],"acf":[],"post_class":["post-91133","product","type-product","status-publish","has-post-thumbnail","hentry","category-energy","category-energy-transition","category-environment","content-type-articles-and-reports","wordpress-sticky"],"_links":{"self":[{"href":"https:\/\/www.fundacionnaturgy.org\/en\/wp-json\/wp\/v2\/product\/91133"}],"collection":[{"href":"https:\/\/www.fundacionnaturgy.org\/en\/wp-json\/wp\/v2\/product"}],"about":[{"href":"https:\/\/www.fundacionnaturgy.org\/en\/wp-json\/wp\/v2\/types\/product"}],"wp:featuredmedia":[{"embeddable":true,"href":"https:\/\/www.fundacionnaturgy.org\/en\/wp-json\/wp\/v2\/media\/91061"}],"wp:attachment":[{"href":"https:\/\/www.fundacionnaturgy.org\/en\/wp-json\/wp\/v2\/media?parent=91133"}],"wp:term":[{"taxonomy":"category","embeddable":true,"href":"https:\/\/www.fundacionnaturgy.org\/en\/wp-json\/wp\/v2\/categories?post=91133"},{"taxonomy":"content-type","embeddable":true,"href":"https:\/\/www.fundacionnaturgy.org\/en\/wp-json\/wp\/v2\/content-type?post=91133"},{"taxonomy":"product_tag","embeddable":true,"href":"https:\/\/www.fundacionnaturgy.org\/en\/wp-json\/wp\/v2\/product_tag?post=91133"}],"curies":[{"name":"wp","href":"https:\/\/api.w.org\/{rel}","templated":true}]}}