{"id":108,"date":"2017-09-01T12:47:58","date_gmt":"2017-09-01T10:47:58","guid":{"rendered":"https:\/\/www.fundacionnaturgy.org\/museo-bolarque\/?page_id=108"},"modified":"2019-06-27T18:09:56","modified_gmt":"2019-06-27T16:09:56","slug":"historia","status":"publish","type":"page","link":"https:\/\/www.fundacionnaturgy.org\/museo-bolarque\/historia\/","title":{"rendered":"Historia"},"content":{"rendered":"<p>[vc_row][vc_column]<div class=\"gnf-texto-destacado\" style=\"background-color:#edf0f1;border-color:#004165;\"><h4 style=\"color:#004165\"><\/h4>El Museo, considerado un testigo \u00fanico de la industria el\u00e9ctrica, destaca por su importante labor de difusi\u00f3n, concretamente sobre el funcionamiento de la producci\u00f3n de electricidad mediante la fuerza del agua. Desde 2016, el equipamiento reabri\u00f3 sus instalaciones al p\u00fablico tras una remodelaci\u00f3n museogr\u00e1fica y pas\u00f3 a ser gestionado por la Fundaci\u00f3n\u00a0Naturgy.<\/div>[vc_empty_space][vc_row_inner][vc_column_inner width=\u00bb2\/3&#8243;][vc_gallery interval=\u00bb3&#8243; images=\u00bb206,205,208,204,202,201,203&#8243; img_size=\u00bb608X435&#8243; onclick=\u00bb\u00bb][\/vc_column_inner][vc_column_inner width=\u00bb1\/3&#8243;][vc_column_text]En el pie de la sierra de Altomira, el punto donde el Tajo recibe las aguas del Guadiela, se encuentra el poblado y el <strong>Salto de Bolarque, al suroeste de la zona de la Alcarria.<\/strong>\u00a0 La <strong>confluencia de los r\u00edos Tajo y Guadiela<\/strong> en la Hoya de Bolarque, pose\u00eda y posee las condiciones naturales id\u00f3neas para la agricultura y su aprovechamiento hidr\u00e1ulico: un desnivel considerable y suficiente caudal de agua para los regad\u00edos.<\/p>\n<p>Existen y conservamos los restos arqueol\u00f3gicos de este aprovechamiento hidr\u00e1ulico ya de antes del siglo XX. Pero fue <strong>en el siglo XII cuando se instal\u00f3 el primer molino <\/strong>que aprovech\u00f3\u00a0la fuerza del agua y que acabar\u00eda convirti\u00e9ndose en el molino m\u00e1s grande de la provincia de Guadalajara, los restos del cual todav\u00eda se pueden contemplar en un tranquilo paseo por Bolarque.[\/vc_column_text][\/vc_column_inner][\/vc_row_inner][vc_column_text]Todas estas caracter\u00edsticas hicieron de esta zona el lugar id\u00f3neo para la construcci\u00f3n, a principios del siglo XX, del <strong>Salto de Bolarque con la finalidad de iluminar la ciudad de Madrid.<\/strong> Bolarque es <strong>una de las centrales hidr\u00e1ulicas m\u00e1s antiguas de Espa\u00f1a <\/strong>ubicada en uno de los parajes m\u00e1s bellos de nuestra geograf\u00eda. Con una fuerte relevancia hist\u00f3rica, fue inaugurada por el Rey Alfonso XIII en 1910, no ha hecho m\u00e1s que crecer hasta convertirse en un claro ejemplo mundial de aprovechamiento de energ\u00eda renovable y en una de las centrales hidroel\u00e9ctricas m\u00e1s eficientes de Europa.<\/p>\n<p>Actualmente el salto de <strong>Bolarque <\/strong>est\u00e1 formado por <strong>3 centrales hidroel\u00e9ctricas en activo,<\/strong> pero adem\u00e1s se conserva en perfecto estado la central primitiva, sede actual del Museo. El Museo Bolarque fue i<strong>naugurado<\/strong><strong> por Uni\u00f3n Fenosa, actual\u00a0Naturgy, en 1977<\/strong> con la misi\u00f3n de conservar el patrimonio industrial a trav\u00e9s de su colecci\u00f3n, capaz de relatar la historia del sector energ\u00e9tico del pa\u00eds y de mostrar m\u00e1s de un centenar de objetos que nos ayudan a reforzar el discurso y la visita.<\/p>\n<p>En 2016 el Museo Bolarque fue legado a la Fundaci\u00f3n Naturgy\u00a0quien, tras una reforma museogr\u00e1fica y la creaci\u00f3n de un amplio programa de actividades\u00a0formativas, presenta a la sociedad un ejemplo excelente de conservaci\u00f3n y de difusi\u00f3n de patrimonio industrial, tecnol\u00f3gico y cultural.[\/vc_column_text][\/vc_column][\/vc_row]<\/p>\n","protected":false},"excerpt":{"rendered":"<p>[vc_row][vc_column][vc_empty_space][vc_row_inner][vc_column_inner width=\u00bb2\/3&#8243;][vc_gallery interval=\u00bb3&#8243; images=\u00bb206,205,208,204,202,201,203&#8243; img_size=\u00bb608X435&#8243; onclick=\u00bb\u00bb][\/vc_column_inner][vc_column_inner width=\u00bb1\/3&#8243;][vc_column_text]En el pie de la sierra de Altomira, el punto donde el Tajo recibe las aguas del Guadiela, se encuentra el poblado y el Salto de Bolarque, al suroeste de la zona de la Alcarria.\u00a0 La confluencia de los r\u00edos Tajo y Guadiela en la Hoya de Bolarque, pose\u00eda<span class=\"more-link\"><a href=\"https:\/\/www.fundacionnaturgy.org\/museo-bolarque\/historia\/\">Leer m\u00e1s<\/a><\/span><\/p>\n","protected":false},"author":11,"featured_media":0,"parent":0,"menu_order":0,"comment_status":"closed","ping_status":"closed","template":"templates\/full-width.php","meta":[],"categories":[],"acf":[],"_links":{"self":[{"href":"https:\/\/www.fundacionnaturgy.org\/museo-bolarque\/wp-json\/wp\/v2\/pages\/108"}],"collection":[{"href":"https:\/\/www.fundacionnaturgy.org\/museo-bolarque\/wp-json\/wp\/v2\/pages"}],"about":[{"href":"https:\/\/www.fundacionnaturgy.org\/museo-bolarque\/wp-json\/wp\/v2\/types\/page"}],"author":[{"embeddable":true,"href":"https:\/\/www.fundacionnaturgy.org\/museo-bolarque\/wp-json\/wp\/v2\/users\/11"}],"replies":[{"embeddable":true,"href":"https:\/\/www.fundacionnaturgy.org\/museo-bolarque\/wp-json\/wp\/v2\/comments?post=108"}],"version-history":[{"count":0,"href":"https:\/\/www.fundacionnaturgy.org\/museo-bolarque\/wp-json\/wp\/v2\/pages\/108\/revisions"}],"wp:attachment":[{"href":"https:\/\/www.fundacionnaturgy.org\/museo-bolarque\/wp-json\/wp\/v2\/media?parent=108"}],"wp:term":[{"taxonomy":"category","embeddable":true,"href":"https:\/\/www.fundacionnaturgy.org\/museo-bolarque\/wp-json\/wp\/v2\/categories?post=108"}],"curies":[{"name":"wp","href":"https:\/\/api.w.org\/{rel}","templated":true}]}}