{"id":159,"date":"2017-09-06T09:22:36","date_gmt":"2017-09-06T07:22:36","guid":{"rendered":"https:\/\/www.fundacionnaturgy.org\/museo-bolarque\/?page_id=159"},"modified":"2019-06-27T18:13:25","modified_gmt":"2019-06-27T16:13:25","slug":"exposicion-permanente","status":"publish","type":"page","link":"https:\/\/www.fundacionnaturgy.org\/museo-bolarque\/exposicion-permanente\/","title":{"rendered":"Exposici\u00f3n permanente"},"content":{"rendered":"<p>[vc_row][vc_column]<div class=\"gnf-texto-destacado\" style=\"background-color:#edf0f1;border-color:#004165;\"><h4 style=\"color:#004165\"><\/h4>La exposici\u00f3n permanente del Museo Bolarque repasa la historia de la energ\u00eda a trav\u00e9s de los avances tecnol\u00f3gicos y de las transformaciones en la sociedad y en la industria.<\/div>[vc_empty_space][vc_gallery interval=\u00bb3&#8243; images=\u00bb213,214,216,233,234,217,219,215,235&#8243; img_size=\u00bbfull\u00bb onclick=\u00bb\u00bb][vc_row_inner][vc_column_inner][vc_column_text]El Museo Bolarque est\u00e1 ubicado en la nave principal de la que fue la primeriza central hidr\u00e1ulica inaugurada en 1910. Su construcci\u00f3n se inici\u00f3 en julio de 1908 y concluy\u00f3 a finales de a\u00f1o con la instalaci\u00f3n de 4 generadores movidos por turbinas de tipo Francis. Cabe destacar que la idea de edificio funcionalista, sumamente lograda, hab\u00eda sido desarrollada unas d\u00e9cadas antes por la escuela de Chicago. Si a ello le unimos el importante cambio de la corriente continua a la corriente alterna y que la producci\u00f3n de energ\u00eda mediante las centrales hidroel\u00e9ctricas era de reciente aplicaci\u00f3n industrial, podemos comprender el hito de la ingenier\u00eda del momento que supuso la antigua central, que adem\u00e1s no se emplaz\u00f3 justo al lado de la presa, sino aguas abajo para resguardarla de las avenidas de los r\u00edos Tajo y Guadiela.<\/p>\n<p>La conversi\u00f3n del edificio en museo\u00a0conserv\u00f3 en gran medida la gran nave, y todas las aberturas de luz, adquiriendo una aurea especial. En su interior la exposici\u00f3n se organiza en <strong>dos grandes bloques: el Bolarque tecnol\u00f3gico e industrial<\/strong>, concentrado en la planta baja y <strong>el Bolarque humano y social<\/strong>, reservado para el piso superior.[\/vc_column_text][\/vc_column_inner][\/vc_row_inner][vc_text_separator title=\u00bbBolarque tecnol\u00f3gico e industrial\u00bb title_align=\u00bbseparator_align_left\u00bb border_width=\u00bb2&#8243;][vc_column_text]En el primero de los \u00e1mbitos, dedicado a la vertiente m\u00e1s tecnol\u00f3gica, la exposici\u00f3n permite ver y conocer de cerca la funci\u00f3n de muchos de los elementos que inciden directamente en la generaci\u00f3n el\u00e9ctrica, como los rotores, alternadores, motores monocil\u00edndricos, transformadores, etc. \u00a0La evoluci\u00f3n de la ingenier\u00eda hidr\u00e1ulica ha ido en paralelo con la historia del salto de Bolarque, as\u00ed como de la compa\u00f1\u00eda, por lo que se dedica una parte a mostrar las grandes decisiones y se revisan los principales hitos de la compa\u00f1\u00eda desde hace m\u00e1s de un siglo. En este primer \u00e1mbito se presenta tambi\u00e9n la historia del lugar y su evoluci\u00f3n tecnol\u00f3gica con la construcci\u00f3n tanto de la presa como de las centrales Bolarque II (reversible) y los Molinos.[\/vc_column_text][vc_text_separator title=\u00bbBolarque humano y social\u00bb title_align=\u00bbseparator_align_left\u00bb border_width=\u00bb2&#8243;][vc_column_text]En la segunda planta se presenta la vida de los trabajadores\u00a0de la central, y sus familias que convirtieron el poblado de Bolarque en un pueblo din\u00e1mico y lleno de vitalidad. La empresa se encarg\u00f3 de crear unas condiciones de vida \u00f3ptimas para una mano de obra de alta cualificaci\u00f3n. Una escuela, un hotel, un economato, un cine, una piscina, instalaciones deportivas, todo ello construido para el trabajador, que junto con la posibilidad de tener una vivienda crearon un verdadero poblado entorno a la producci\u00f3n el\u00e9ctrica.<\/p>\n<p>En este espacio se relata tambi\u00e9n la relaci\u00f3n, ya indisociable, de la sociedad y la energ\u00eda, revisando muchos de los elementos que, gracias al uso de la energ\u00eda, nos hacen la vida m\u00e1s sencilla y nos aportan confort y comodidad.[\/vc_column_text][vc_column_text][\/vc_column_text][\/vc_column][vc_column css=\u00bb.vc_custom_1504711973210{background-color: #bac9d2 !important;}\u00bb][vc_column_text css=\u00bb.vc_custom_1561652063872{padding-top: 15px !important;padding-right: 15px !important;padding-bottom: 15px !important;padding-left: 15px !important;}\u00bb]<\/p>\n<h2><span style=\"color: #004165;\">Un viaje\u00a0al pasado\u00a0energ\u00e9tico<\/span><\/h2>\n<p><span style=\"color: #004165;\">Museo Bolarque nos ofrece un viaje al pasado energ\u00e9tico de nuestro pa\u00eds, y relata como su evoluci\u00f3n ha convertido el complejo de Bolarque en un enclave a tener en cuenta por la importancia de la generaci\u00f3n el\u00e9ctrica, pero sobretodo como uno de los principales activos de la zona en conservaci\u00f3n del patrimonio industrial.<\/span>[\/vc_column_text][\/vc_column][\/vc_row]<\/p>\n","protected":false},"excerpt":{"rendered":"<p>[vc_row][vc_column][vc_empty_space][vc_gallery interval=\u00bb3&#8243; images=\u00bb213,214,216,233,234,217,219,215,235&#8243; img_size=\u00bbfull\u00bb onclick=\u00bb\u00bb][vc_row_inner][vc_column_inner][vc_column_text]El Museo Bolarque est\u00e1 ubicado en la nave principal de la que fue la primeriza central hidr\u00e1ulica inaugurada en 1910. Su construcci\u00f3n se inici\u00f3 en julio de 1908 y concluy\u00f3 a finales de a\u00f1o con la instalaci\u00f3n de 4 generadores movidos por turbinas de tipo Francis. Cabe destacar que la idea<span class=\"more-link\"><a href=\"https:\/\/www.fundacionnaturgy.org\/museo-bolarque\/exposicion-permanente\/\">Leer m\u00e1s<\/a><\/span><\/p>\n","protected":false},"author":11,"featured_media":0,"parent":0,"menu_order":0,"comment_status":"closed","ping_status":"closed","template":"templates\/full-width.php","meta":[],"categories":[],"acf":[],"_links":{"self":[{"href":"https:\/\/www.fundacionnaturgy.org\/museo-bolarque\/wp-json\/wp\/v2\/pages\/159"}],"collection":[{"href":"https:\/\/www.fundacionnaturgy.org\/museo-bolarque\/wp-json\/wp\/v2\/pages"}],"about":[{"href":"https:\/\/www.fundacionnaturgy.org\/museo-bolarque\/wp-json\/wp\/v2\/types\/page"}],"author":[{"embeddable":true,"href":"https:\/\/www.fundacionnaturgy.org\/museo-bolarque\/wp-json\/wp\/v2\/users\/11"}],"replies":[{"embeddable":true,"href":"https:\/\/www.fundacionnaturgy.org\/museo-bolarque\/wp-json\/wp\/v2\/comments?post=159"}],"version-history":[{"count":0,"href":"https:\/\/www.fundacionnaturgy.org\/museo-bolarque\/wp-json\/wp\/v2\/pages\/159\/revisions"}],"wp:attachment":[{"href":"https:\/\/www.fundacionnaturgy.org\/museo-bolarque\/wp-json\/wp\/v2\/media?parent=159"}],"wp:term":[{"taxonomy":"category","embeddable":true,"href":"https:\/\/www.fundacionnaturgy.org\/museo-bolarque\/wp-json\/wp\/v2\/categories?post=159"}],"curies":[{"name":"wp","href":"https:\/\/api.w.org\/{rel}","templated":true}]}}