{"id":2,"date":"2017-07-31T09:43:57","date_gmt":"2017-07-31T09:43:57","guid":{"rendered":"https:\/\/www.fundacionnaturgy.org\/museo-bolarque\/?page_id=2"},"modified":"2020-10-23T11:23:38","modified_gmt":"2020-10-23T09:23:38","slug":"museo-bolarque-central-hidroelectrica","status":"publish","type":"page","link":"https:\/\/www.fundacionnaturgy.org\/museo-bolarque\/","title":{"rendered":"Museo Bolarque y Central Hidroel\u00e9ctrica"},"content":{"rendered":"<p>[vc_row][vc_column][layerslider_vc id=\u00bb1&#8243;][vc_empty_space]<div class=\"gnf-texto-destacado\" style=\"background-color:#edf0f1;border-color:#004165;\"><h4 style=\"color:#004165\"><\/h4>El Museo Bolarque fue inaugurado en 1977 con la misi\u00f3n de conservar el patrimonio industrial a trav\u00e9s de su colecci\u00f3n, capaz de relatar la historia del sector energ\u00e9tico del pa\u00eds.\u00a0En la actualidad,\u00a0<strong>la colecci\u00f3n del Museo Bolarque est\u00e1 formada por m\u00e1s de 1.000 piezas, entre objetos y documentos originales, mobiliario de \u00e9poca y grandes m\u00e1quinas<\/strong>. Adem\u00e1s, destaca un importante fondo fotogr\u00e1fico que muestra la construcci\u00f3n y el funcionamiento de la Central Hidroel\u00e9ctrica del Salto de Bolarque.<\/div>[vc_empty_space][\/vc_column][\/vc_row][vc_row][vc_column width=\u00bb2\/3&#8243;][vc_column_text]La Fundaci\u00f3n\u00a0Naturgy\u00a0en su af\u00e1n de promover acciones orientadas a la preservaci\u00f3n y difusi\u00f3n del patrimonio hist\u00f3rico-industrial de los sectores del gas y la electricidad, ha desarrollado en el Museo Bolarque una nueva oferta de actividades formativas\u00a0y una reforma museogr\u00e1fica que permite combinar la exposici\u00f3n permanente con la organizaci\u00f3n de actividades y talleres para todos los p\u00fablicos.<\/p>\n<p>Inaugurado en 1977 por Uni\u00f3n Fenosa (actual Naturgy), el museo fue legado a la Fundaci\u00f3n en el a\u00f1o 2016 con el fin de presentar a la sociedad una central hidroel\u00e9ctrica que es referente mundial por su eficiencia y abrir al p\u00fablico un ejemplo excelente de conservaci\u00f3n y de difusi\u00f3n de patrimonio industrial, tecnol\u00f3gico y cultural.<\/p>\n<p><strong>La exposici\u00f3n permanente del Museo Bolarque repasa la historia de la energ\u00eda a trav\u00e9s de los avances tecnol\u00f3gicos y de las transformaciones en la sociedad y en la industria<\/strong>.<\/p>\n<p>El Museo Bolarque y la Central Hidroel\u00e9ctrica est\u00e1n situados en el pie de la sierra de Altomira, el punto donde el Tajo recibe las aguas del Guadiela, al suroeste de la zona de La\u00a0Alcarria.[\/vc_column_text][vc_row_inner][vc_column_inner width=\u00bb1\/4&#8243;]<a class=\"gnf-boton oscuro left\" href=\"http:\/\/www.fundacionnaturgy.org\/museo-bolarque\/contacto\/\" title=\"\" target=\"_self\">Contacto<\/a>[\/vc_column_inner][vc_column_inner width=\u00bb1\/4&#8243;][\/vc_column_inner][vc_column_inner width=\u00bb1\/4&#8243;][\/vc_column_inner][vc_column_inner width=\u00bb1\/4&#8243;][\/vc_column_inner][\/vc_row_inner][\/vc_column][vc_column width=\u00bb1\/3&#8243;]<div class=\"gnf-destacado-icono small-text-center medium-text-left row collapse\"><div class=\"gnf-destacado-icono__icono large-4 columns small-text-center medium-text-left \"><div class=\"icon-outer icon-style-default\" style=\"background-color:\"><span class=\"ico_libro\"><\/span><\/div><\/div><div class=\"gnf-destacado-icono__texto large-8 columns\"><h4><a href=\"https:\/\/www.fundacionnaturgy.org\/museo-bolarque\/programa-educativo-bolarque\/\" title=\"\" target=\"_self\">Programa educativo<\/a><\/h4>Puedes solicitar una visita guiada a la antigua central hidroel\u00e9ctrica de Bolarque y su museo.<\/p>\n<p>Adem\u00e1s, tambi\u00e9n se incluye\u00a0una actividad\u00a0formativa\u00a0sobre el sector el\u00e9ctrico seg\u00fan el nivel de tus alumnos.<\/div><\/div>[\/vc_column][\/vc_row][vc_row][vc_column][vc_empty_space][vc_custom_heading text=\u00bbD\u00f3nde estamos\u00bb use_theme_fonts=\u00bbyes\u00bb el_class=\u00bbsection-title\u00bb][vc_gmaps link=\u00bb#E-8_JTNDaWZyYW1lJTIwc3JjJTNEJTIyaHR0cHMlM0ElMkYlMkZ3d3cuZ29vZ2xlLmNvbSUyRm1hcHMlMkZlbWJlZCUzRnBiJTNEJTIxMW0xOCUyMTFtMTIlMjExbTMlMjExZDk3MzA5Ljk3MjkyNTg3MjclMjEyZC0yLjg5MzQ0MDE3NDAzMTU0MyUyMTNkNDAuMzQzNzUxMjE2OTU1Njk1JTIxMm0zJTIxMWYwJTIxMmYwJTIxM2YwJTIxM20yJTIxMWkxMDI0JTIxMmk3NjglMjE0ZjEzLjElMjEzbTMlMjExbTIlMjExczB4MCUyNTNBMHgyMGQ3MzhiMzk4NTBkMGQ4JTIxMnNFbWJhbHNlJTJCRGUlMkJCb2xhcnF1ZSUyMTVlMCUyMTNtMiUyMTFzZXMlMjEyc2VzJTIxNHYxNTA0NTk2ODkxNzI5JTIyJTIwd2lkdGglM0QlMjI2MDAlMjIlMjBoZWlnaHQlM0QlMjI0NTAlMjIlMjBmcmFtZWJvcmRlciUzRCUyMjAlMjIlMjBzdHlsZSUzRCUyMmJvcmRlciUzQTAlMjIlMjBhbGxvd2Z1bGxzY3JlZW4lM0UlM0MlMkZpZnJhbWUlM0U=\u00bb size=\u00bb240&#8243;][\/vc_column][\/vc_row]<\/p>\n","protected":false},"excerpt":{"rendered":"<p>[vc_row][vc_column][layerslider_vc id=\u00bb1&#8243;][vc_empty_space][vc_empty_space][\/vc_column][\/vc_row][vc_row][vc_column width=\u00bb2\/3&#8243;][vc_column_text]La Fundaci\u00f3n\u00a0Naturgy\u00a0en su af\u00e1n de promover acciones orientadas a la preservaci\u00f3n y difusi\u00f3n del patrimonio hist\u00f3rico-industrial de los sectores del gas y la electricidad, ha desarrollado en el Museo Bolarque una nueva oferta de actividades formativas\u00a0y una reforma museogr\u00e1fica que permite combinar la exposici\u00f3n permanente con la organizaci\u00f3n de actividades y talleres para<span class=\"more-link\"><a href=\"https:\/\/www.fundacionnaturgy.org\/museo-bolarque\/\">Leer m\u00e1s<\/a><\/span><\/p>\n","protected":false},"author":12,"featured_media":0,"parent":0,"menu_order":0,"comment_status":"closed","ping_status":"closed","template":"templates\/editable-home.php","meta":[],"categories":[],"acf":[],"_links":{"self":[{"href":"https:\/\/www.fundacionnaturgy.org\/museo-bolarque\/wp-json\/wp\/v2\/pages\/2"}],"collection":[{"href":"https:\/\/www.fundacionnaturgy.org\/museo-bolarque\/wp-json\/wp\/v2\/pages"}],"about":[{"href":"https:\/\/www.fundacionnaturgy.org\/museo-bolarque\/wp-json\/wp\/v2\/types\/page"}],"author":[{"embeddable":true,"href":"https:\/\/www.fundacionnaturgy.org\/museo-bolarque\/wp-json\/wp\/v2\/users\/12"}],"replies":[{"embeddable":true,"href":"https:\/\/www.fundacionnaturgy.org\/museo-bolarque\/wp-json\/wp\/v2\/comments?post=2"}],"version-history":[{"count":0,"href":"https:\/\/www.fundacionnaturgy.org\/museo-bolarque\/wp-json\/wp\/v2\/pages\/2\/revisions"}],"wp:attachment":[{"href":"https:\/\/www.fundacionnaturgy.org\/museo-bolarque\/wp-json\/wp\/v2\/media?parent=2"}],"wp:term":[{"taxonomy":"category","embeddable":true,"href":"https:\/\/www.fundacionnaturgy.org\/museo-bolarque\/wp-json\/wp\/v2\/categories?post=2"}],"curies":[{"name":"wp","href":"https:\/\/api.w.org\/{rel}","templated":true}]}}